{"id":38645,"date":"2018-06-07T00:00:00","date_gmt":"2018-06-06T23:00:00","guid":{"rendered":"https:\/\/www.theinvisiblecollection.com\/product\/nardo\/"},"modified":"2026-05-01T07:39:52","modified_gmt":"2026-05-01T07:39:52","slug":"mmairo-nardo","status":"publish","type":"product","link":"https:\/\/theinvisiblecollection.com\/fr\/produit\/mmairo-nardo\/","title":{"rendered":"Vase Nardo"},"content":{"rendered":"<p>Design par Matteo Cibic<\/p>\n","protected":false},"excerpt":{"rendered":"<p><p>Sculpture \/ Petit vase \/ Pot \u00e0 stylos \/ Porte brosse \u00e0 dent<br \/>Marbre Bianco Michelangelo et marbre Nero Tarquinia avec finitions polies<br \/>En raison de leur nature artisanale, les oreilles ou les poign\u00e9es de plateau sont ornementales et non fonctionnelles<\/p>\n<\/p>\n<p>L 11,7 x H 17 x l 4 cm<br \/>\nPoids : 0,9 kg<\/p>\n<p>R\u00e9alis\u00e9 \u00e0 la main en Italie<br \/>\nD\u00e9lais de production : 2 \u2014 3 semaines<\/p>\n<p class=\"p1\"><span class=\"s1\"><a href=\"https:\/\/www.theinvisiblecollection.com\/fr\/demande-de-devis\/?product_id=38645\">Contactez-nous pour toute demande de devis ou de renseignements<\/a><\/span><\/p><\/p>\n","protected":false},"featured_media":81126,"template":"","meta":{"_acf_changed":false,"content-type":"","_themeisle_gutenberg_block_has_review":false},"product_brand":[],"product_cat":[7517,12531,12537,16319],"product_tag":[31474,9261,10404,10871,10910,10917],"product_designer":[8892,10671],"comfabric":[],"manufacturer":[16732],"reporting_designer":[37788],"samplecomfabric":[],"designer_clubroom":[],"class_list":{"0":"post-38645","1":"product","2":"type-product","3":"status-publish","4":"has-post-thumbnail","6":"product_cat-deco-fr","7":"product_cat-objets-de-decoration","8":"product_cat-vases","9":"product_cat-cartes-cadeaux","10":"product_tag-co-white-fr","11":"product_tag-vase-fr-2","12":"product_tag-matteo-cibic-fr-2","13":"product_tag-nero-marquinia-fr-fr","14":"product_tag-salle-de-bain","15":"product_tag-bianco-michelangelo-fr","16":"product_shipping_class-mmairo-1-2-fr","17":"product_designer-mmairo-fr","18":"product_designer-matteo-cibic-fr","19":"manufacturer-mmairo-fr","20":"reporting_designer-matteo-cibic","22":"first","23":"instock","24":"taxable","25":"shipping-taxable","26":"purchasable","27":"product-type-simple"},"acf":[],"_links":{"self":[{"href":"https:\/\/theinvisiblecollection.com\/fr\/wp-json\/wp\/v2\/product\/38645","targetHints":{"allow":["GET"]}}],"collection":[{"href":"https:\/\/theinvisiblecollection.com\/fr\/wp-json\/wp\/v2\/product"}],"about":[{"href":"https:\/\/theinvisiblecollection.com\/fr\/wp-json\/wp\/v2\/types\/product"}],"wp:featuredmedia":[{"embeddable":true,"href":"https:\/\/theinvisiblecollection.com\/fr\/wp-json\/wp\/v2\/media\/81126"}],"wp:attachment":[{"href":"https:\/\/theinvisiblecollection.com\/fr\/wp-json\/wp\/v2\/media?parent=38645"}],"wp:term":[{"taxonomy":"product_brand","embeddable":true,"href":"https:\/\/theinvisiblecollection.com\/fr\/wp-json\/wp\/v2\/product_brand?post=38645"},{"taxonomy":"product_cat","embeddable":true,"href":"https:\/\/theinvisiblecollection.com\/fr\/wp-json\/wp\/v2\/product_cat?post=38645"},{"taxonomy":"product_tag","embeddable":true,"href":"https:\/\/theinvisiblecollection.com\/fr\/wp-json\/wp\/v2\/product_tag?post=38645"},{"taxonomy":"product_designer","embeddable":true,"href":"https:\/\/theinvisiblecollection.com\/fr\/wp-json\/wp\/v2\/product_designer?post=38645"},{"taxonomy":"comfabric","embeddable":true,"href":"https:\/\/theinvisiblecollection.com\/fr\/wp-json\/wp\/v2\/comfabric?post=38645"},{"taxonomy":"manufacturer","embeddable":true,"href":"https:\/\/theinvisiblecollection.com\/fr\/wp-json\/wp\/v2\/manufacturer?post=38645"},{"taxonomy":"reporting_designer","embeddable":true,"href":"https:\/\/theinvisiblecollection.com\/fr\/wp-json\/wp\/v2\/reporting_designer?post=38645"},{"taxonomy":"samplecomfabric","embeddable":true,"href":"https:\/\/theinvisiblecollection.com\/fr\/wp-json\/wp\/v2\/samplecomfabric?post=38645"},{"taxonomy":"clubroom_product_designer","embeddable":true,"href":"https:\/\/theinvisiblecollection.com\/fr\/wp-json\/wp\/v2\/designer_clubroom?post=38645"}],"curies":[{"name":"wp","href":"https:\/\/api.w.org\/{rel}","templated":true}]}}