{"id":38789,"date":"2017-03-14T00:00:00","date_gmt":"2017-03-14T00:00:00","guid":{"rendered":"https:\/\/www.theinvisiblecollection.com\/product\/paravent-puzzle\/"},"modified":"2026-05-01T07:39:52","modified_gmt":"2026-05-01T07:39:52","slug":"oitoemponto-paravent-puzzle","status":"publish","type":"product","link":"https:\/\/theinvisiblecollection.com\/fr\/produit\/oitoemponto-paravent-puzzle\/","title":{"rendered":"Paravent puzzle"},"content":{"rendered":"<p style=\"text-align: justify;\">Le dynamique Duo derri\u00e8re Oitoemponto Studio, form\u00e9 d&#8217;Arthur Miranda et Jacques Bec, apporte une touche artistique et contemporaine \u00e0 un meuble familier. Fruit d\u2019une rare combinaison de mat\u00e9riaux riches en contrastes, le paravent Puzzle est compos\u00e9 de panneaux de cuir, de laque et d\u2019un tissu cr\u00e9\u00e9 sp\u00e9cialement par le fameux designer textile Touyine Sellers, le tout attach\u00e9 \u00e0 une structure en bronze raffin\u00e9. Bien que son usage premier soit de red\u00e9finir un espace et\/ou ajouter une cloison amovible une pi\u00e8ce, Puzzle semble plut\u00f4t \u00eatre une intrigante \u0153uvre d\u2019art.<\/p>\n<p style=\"text-align: justify;\">La bonne nouvelle, c\u2019est que ce sublime paravent fait l\u2019objet d\u2019une \u00e9dition limit\u00e9e de 8 pi\u00e8ces.<\/p>\n<p style=\"text-align: justify;\">La mauvaise, c\u2019est que cette \u00e9dition est limit\u00e9e \u00e0 8 pi\u00e8ces seulement\u2026<\/p>\n","protected":false},"excerpt":{"rendered":"<p>Edition limit\u00e9e de 8 pi\u00e8ces<br \/>\nMat\u00e9riaux : Bronze, laque, cuir et tissu Toyine Sellers<\/p>\n<p>Prix sur demande<\/p>\n<p>&nbsp;<\/p>\n<p>L 196 x W 27 x H 220 cm<\/p>\n<p>Fabriqu\u00e9 \u00e0 la main en Europe<br \/>\nD\u00e9lais de production : 8 &#8211; 9 semaines<\/p>\n<p><a href=\"https:\/\/www.theinvisiblecollection.com\/fr\/demande-de-devis\/?product_id=38789\">Contactez-nous pour toute demande de devis ou de renseignement<\/a><\/p>\n","protected":false},"featured_media":84030,"template":"","meta":{"_acf_changed":false,"content-type":"","_themeisle_gutenberg_block_has_review":false},"product_brand":[],"product_cat":[7517,8978],"product_tag":[9083,10394,33319],"product_designer":[8881],"comfabric":[],"manufacturer":[21261],"reporting_designer":[37448],"samplecomfabric":[],"designer_clubroom":[],"class_list":{"0":"post-38789","1":"product","2":"type-product","3":"status-publish","4":"has-post-thumbnail","6":"product_cat-deco-fr","7":"product_cat-paravents","8":"product_tag-paravent","9":"product_tag-puzzle-fr","10":"product_tag-edition-limitee","11":"product_designer-oitoemponto-fr","12":"manufacturer-oitoemponto-atelier-fr","13":"reporting_designer-oitoemponto","15":"first","16":"instock","17":"taxable","18":"shipping-taxable","19":"purchasable","20":"product-type-simple"},"acf":[],"_links":{"self":[{"href":"https:\/\/theinvisiblecollection.com\/fr\/wp-json\/wp\/v2\/product\/38789","targetHints":{"allow":["GET"]}}],"collection":[{"href":"https:\/\/theinvisiblecollection.com\/fr\/wp-json\/wp\/v2\/product"}],"about":[{"href":"https:\/\/theinvisiblecollection.com\/fr\/wp-json\/wp\/v2\/types\/product"}],"wp:featuredmedia":[{"embeddable":true,"href":"https:\/\/theinvisiblecollection.com\/fr\/wp-json\/wp\/v2\/media\/84030"}],"wp:attachment":[{"href":"https:\/\/theinvisiblecollection.com\/fr\/wp-json\/wp\/v2\/media?parent=38789"}],"wp:term":[{"taxonomy":"product_brand","embeddable":true,"href":"https:\/\/theinvisiblecollection.com\/fr\/wp-json\/wp\/v2\/product_brand?post=38789"},{"taxonomy":"product_cat","embeddable":true,"href":"https:\/\/theinvisiblecollection.com\/fr\/wp-json\/wp\/v2\/product_cat?post=38789"},{"taxonomy":"product_tag","embeddable":true,"href":"https:\/\/theinvisiblecollection.com\/fr\/wp-json\/wp\/v2\/product_tag?post=38789"},{"taxonomy":"product_designer","embeddable":true,"href":"https:\/\/theinvisiblecollection.com\/fr\/wp-json\/wp\/v2\/product_designer?post=38789"},{"taxonomy":"comfabric","embeddable":true,"href":"https:\/\/theinvisiblecollection.com\/fr\/wp-json\/wp\/v2\/comfabric?post=38789"},{"taxonomy":"manufacturer","embeddable":true,"href":"https:\/\/theinvisiblecollection.com\/fr\/wp-json\/wp\/v2\/manufacturer?post=38789"},{"taxonomy":"reporting_designer","embeddable":true,"href":"https:\/\/theinvisiblecollection.com\/fr\/wp-json\/wp\/v2\/reporting_designer?post=38789"},{"taxonomy":"samplecomfabric","embeddable":true,"href":"https:\/\/theinvisiblecollection.com\/fr\/wp-json\/wp\/v2\/samplecomfabric?post=38789"},{"taxonomy":"clubroom_product_designer","embeddable":true,"href":"https:\/\/theinvisiblecollection.com\/fr\/wp-json\/wp\/v2\/designer_clubroom?post=38789"}],"curies":[{"name":"wp","href":"https:\/\/api.w.org\/{rel}","templated":true}]}}