{"id":38795,"date":"2021-12-04T03:00:00","date_gmt":"2021-12-04T02:00:00","guid":{"rendered":"https:\/\/www.theinvisiblecollection.com\/product\/petit-canape-niko\/"},"modified":"2026-05-08T04:41:04","modified_gmt":"2026-05-08T04:41:04","slug":"petit-canape-niko","status":"publish","type":"product","link":"https:\/\/theinvisiblecollection.com\/fr\/produit\/petit-canape-niko\/","title":{"rendered":"Canap\u00e9 Niko"},"content":{"rendered":"","protected":false},"excerpt":{"rendered":"<p>Canap\u00e9 tapiss\u00e9 ici dans un tissu sur-mesure<br \/>\nDisponible en tissu Bisson Bruneel, Bergamo<br \/>\n<a href=\"https:\/\/theinvisiblecollection.com\/wp-content\/uploads\/2022\/10\/TheInvisibleCollection_Thierry_Lemaire_Fabric_Selection_Bergamo.pdf\" target=\"_blank\" rel=\"noopener\"><span style=\"text-decoration: underline;\">D\u00e9couvrez la s\u00e9lection de tissus ici<\/span><\/a><br \/>\nBase en laiton poli, cuivre bross\u00e9 ou aluminium poli<br \/>\nTissus et dimensions sur-mesure sur demande<\/p>\n<p>Disponible en quatre dimensions standard :<br \/>\nL 240 x L 93 x H 74 cm<br \/>\n\u00c9galement en L 260, L 300 et L 340<br \/>\nHauteur d&#8217;assise : 40 cm<br \/>\nTissu requis pour L 240 : 10.5 m<br \/>\nTissu requis pour L 260 : 13 m<br \/>\nTissu requis pour L 300 : 13.5 m<br \/>\nTissu requis pour L 340 : 17.5 m<\/p>\n<p>Fabriqu\u00e9 \u00e0 la main en France<br \/>\nD\u00e9lais de production : 14 &#8211; 16 semaines<\/p>\n<p class=\"p1\"><span style=\"text-decoration: underline;\"><span class=\"s1\"><a href=\"https:\/\/www.theinvisiblecollection.com\/fr\/contact-produit\/?product_id=38795\">Contactez-nous pour toute demande de devis ou de renseignements<\/a><\/span><\/span><\/p>\n","protected":false},"featured_media":74309,"template":"","meta":{"_acf_changed":false,"content-type":"","_themeisle_gutenberg_block_has_review":false},"product_brand":[],"product_cat":[8976,12499],"product_tag":[8942,9682,10386,10392,11543,11545,14925,31474,31477],"product_designer":[8875],"comfabric":[29410],"manufacturer":[19271],"reporting_designer":[37176],"samplecomfabric":[30460],"designer_clubroom":[],"class_list":{"0":"post-38795","1":"product","2":"type-product","3":"status-publish","4":"has-post-thumbnail","6":"product_cat-canapes","7":"product_cat-assises","8":"product_tag-assise","9":"product_tag-thierry-fr-fr","10":"product_tag-shippables-fr-fr","11":"product_tag-lemaire-fr-fr","12":"product_tag-canapes-irresistibles-fr","13":"product_tag-canapes-arrondis","14":"product_tag-hpfav-fr","15":"product_tag-co-white-fr","16":"product_tag-st-curvy-fr","17":"pa_material-tissu-client-fr","18":"pa_size-extra-large-fr","19":"pa_size-grand-fr","20":"pa_size-moyenne-l-70-x-l-82-x-h-41-cm","21":"pa_size-petit-fr","22":"product_designer-thierry-lemaire-fr","23":"comfabric-thierry-lemaire-fr","24":"manufacturer-plateforme-logistique-sogaris-fr","25":"reporting_designer-thierry-lemaire","26":"samplecomfabric-thierry-lemaire-fr","27":"exhibitions-new-york-fr","29":"first","30":"instock","31":"featured","32":"taxable","33":"shipping-taxable","34":"purchasable","35":"product-type-variable"},"acf":[],"_links":{"self":[{"href":"https:\/\/theinvisiblecollection.com\/fr\/wp-json\/wp\/v2\/product\/38795","targetHints":{"allow":["GET"]}}],"collection":[{"href":"https:\/\/theinvisiblecollection.com\/fr\/wp-json\/wp\/v2\/product"}],"about":[{"href":"https:\/\/theinvisiblecollection.com\/fr\/wp-json\/wp\/v2\/types\/product"}],"wp:featuredmedia":[{"embeddable":true,"href":"https:\/\/theinvisiblecollection.com\/fr\/wp-json\/wp\/v2\/media\/74309"}],"wp:attachment":[{"href":"https:\/\/theinvisiblecollection.com\/fr\/wp-json\/wp\/v2\/media?parent=38795"}],"wp:term":[{"taxonomy":"product_brand","embeddable":true,"href":"https:\/\/theinvisiblecollection.com\/fr\/wp-json\/wp\/v2\/product_brand?post=38795"},{"taxonomy":"product_cat","embeddable":true,"href":"https:\/\/theinvisiblecollection.com\/fr\/wp-json\/wp\/v2\/product_cat?post=38795"},{"taxonomy":"product_tag","embeddable":true,"href":"https:\/\/theinvisiblecollection.com\/fr\/wp-json\/wp\/v2\/product_tag?post=38795"},{"taxonomy":"product_designer","embeddable":true,"href":"https:\/\/theinvisiblecollection.com\/fr\/wp-json\/wp\/v2\/product_designer?post=38795"},{"taxonomy":"comfabric","embeddable":true,"href":"https:\/\/theinvisiblecollection.com\/fr\/wp-json\/wp\/v2\/comfabric?post=38795"},{"taxonomy":"manufacturer","embeddable":true,"href":"https:\/\/theinvisiblecollection.com\/fr\/wp-json\/wp\/v2\/manufacturer?post=38795"},{"taxonomy":"reporting_designer","embeddable":true,"href":"https:\/\/theinvisiblecollection.com\/fr\/wp-json\/wp\/v2\/reporting_designer?post=38795"},{"taxonomy":"samplecomfabric","embeddable":true,"href":"https:\/\/theinvisiblecollection.com\/fr\/wp-json\/wp\/v2\/samplecomfabric?post=38795"},{"taxonomy":"clubroom_product_designer","embeddable":true,"href":"https:\/\/theinvisiblecollection.com\/fr\/wp-json\/wp\/v2\/designer_clubroom?post=38795"}],"curies":[{"name":"wp","href":"https:\/\/api.w.org\/{rel}","templated":true}]}}