{"id":38891,"date":"2020-02-13T00:00:00","date_gmt":"2020-02-13T00:00:00","guid":{"rendered":"https:\/\/www.theinvisiblecollection.com\/product\/poignee-de-porte-sent\/"},"modified":"2026-05-01T07:39:52","modified_gmt":"2026-05-01T07:39:52","slug":"victoria-maria-geyer-poignee-de-porte-sent","status":"publish","type":"product","link":"https:\/\/theinvisiblecollection.com\/fr\/produit\/victoria-maria-geyer-poignee-de-porte-sent\/","title":{"rendered":"Poign\u00e9e de porte Sent"},"content":{"rendered":"<p style=\"text-align: justify;\">La collection Message est un travail po\u00e9tique qui renoue avec l\u2019art d\u00e9suet d\u2019\u00e9crire \u00e0 la main un message sur une feuille de papier\u2026 En s&#8217;inspirant \u00e0 la fois des lettres que nous envoyons et de celles que nous n\u2019avons pas su ou voulu terminer, Victoria Maria Geyer a cr\u00e9\u00e9 une s\u00e9rie de poign\u00e9es et de boutons de meubles en laiton massif, aux titres \u00e9vocateurs. &#8220;Envoy\u00e9&#8221; reproduit une feuille de papier ondul\u00e9, parfaitement lisse, tandis que &#8220;Non envoy\u00e9&#8221; est une version fid\u00e8le d\u2019un papier froiss\u00e9 en boule et destine a \u00eatre jet\u00e9. La s\u00e9rie de poign\u00e9es &#8220;Sent&#8221; est une invitation \u00e0 la cr\u00e9ativit\u00e9 : on peut y glisser un petit mot que la personne suivante trouvera, ou y faire graver quelques mots\u2026\u00a0: la poign\u00e9e est le message ! La collection est disponible aussi en laiton et en nickel satin\u00e9s. D&#8217;autres finitions, ainsi que des la gravure de messages personnalis\u00e9es, sont possibles sur demande.<\/p>\n","protected":false},"excerpt":{"rendered":"<p>B\u00e9quille droite ou gauche<br \/>\nDisponible en laiton poli mat verni ou en nickel mat<br \/>\nAutres finitions disponibles sur demande<br \/>\nGravure personnalis\u00e9e sur demande<\/p>\n<p>L 13 cm x l 4.5 cm x H 8.1 cm<br \/>\nRosace carr\u00e9e comprise : 4,5 x 4,5 x 0,5 cm en nickel mat ou laiton poli mat verni<\/p>\n<p>Fabriqu\u00e9e en Belgique<br \/>\nD\u00e9lais de production : 12 &#8211; 16 semaines<\/p>\n<p><span style=\"text-decoration: underline;\"><a href=\"https:\/\/www.theinvisiblecollection.com\/fr\/demande-de-devis\/?product_id=38891\" target=\"_blank\" rel=\"noopener noreferrer\">Contactez-nous pour toute demande de devis ou de renseignements<\/a><\/span><\/p>\n","protected":false},"featured_media":81986,"template":"","meta":{"_acf_changed":false,"content-type":"","_themeisle_gutenberg_block_has_review":false},"product_brand":[],"product_cat":[7517,12531],"product_tag":[9095,9541,9542,9543,9544,9545,9568,11230,11231],"product_designer":[8920],"comfabric":[],"manufacturer":[35354],"reporting_designer":[37356],"samplecomfabric":[],"designer_clubroom":[],"class_list":{"0":"post-38891","1":"product","2":"type-product","3":"status-publish","4":"has-post-thumbnail","6":"product_cat-deco-fr","7":"product_cat-objets-de-decoration","8":"product_tag-laiton-satine","9":"product_tag-message","10":"product_tag-nickel-satine","11":"product_tag-victoria-geyer","12":"product_tag-victoria-maria-geyer-fr-2","13":"product_tag-poignee-sur-rosace","14":"product_tag-poignee","15":"product_tag-poignee-fr","16":"product_tag-poigne-porte","17":"pa_material-laiton-poli-mat-verni-fr","18":"pa_material-nickel-mat-fr","19":"product_designer-victoria-maria-geyer-fr","20":"manufacturer-vervloet-fr","21":"reporting_designer-victoria-maria-geyer","23":"first","24":"instock","25":"taxable","26":"shipping-taxable","27":"purchasable","28":"product-type-variable"},"acf":[],"_links":{"self":[{"href":"https:\/\/theinvisiblecollection.com\/fr\/wp-json\/wp\/v2\/product\/38891","targetHints":{"allow":["GET"]}}],"collection":[{"href":"https:\/\/theinvisiblecollection.com\/fr\/wp-json\/wp\/v2\/product"}],"about":[{"href":"https:\/\/theinvisiblecollection.com\/fr\/wp-json\/wp\/v2\/types\/product"}],"wp:featuredmedia":[{"embeddable":true,"href":"https:\/\/theinvisiblecollection.com\/fr\/wp-json\/wp\/v2\/media\/81986"}],"wp:attachment":[{"href":"https:\/\/theinvisiblecollection.com\/fr\/wp-json\/wp\/v2\/media?parent=38891"}],"wp:term":[{"taxonomy":"product_brand","embeddable":true,"href":"https:\/\/theinvisiblecollection.com\/fr\/wp-json\/wp\/v2\/product_brand?post=38891"},{"taxonomy":"product_cat","embeddable":true,"href":"https:\/\/theinvisiblecollection.com\/fr\/wp-json\/wp\/v2\/product_cat?post=38891"},{"taxonomy":"product_tag","embeddable":true,"href":"https:\/\/theinvisiblecollection.com\/fr\/wp-json\/wp\/v2\/product_tag?post=38891"},{"taxonomy":"product_designer","embeddable":true,"href":"https:\/\/theinvisiblecollection.com\/fr\/wp-json\/wp\/v2\/product_designer?post=38891"},{"taxonomy":"comfabric","embeddable":true,"href":"https:\/\/theinvisiblecollection.com\/fr\/wp-json\/wp\/v2\/comfabric?post=38891"},{"taxonomy":"manufacturer","embeddable":true,"href":"https:\/\/theinvisiblecollection.com\/fr\/wp-json\/wp\/v2\/manufacturer?post=38891"},{"taxonomy":"reporting_designer","embeddable":true,"href":"https:\/\/theinvisiblecollection.com\/fr\/wp-json\/wp\/v2\/reporting_designer?post=38891"},{"taxonomy":"samplecomfabric","embeddable":true,"href":"https:\/\/theinvisiblecollection.com\/fr\/wp-json\/wp\/v2\/samplecomfabric?post=38891"},{"taxonomy":"clubroom_product_designer","embeddable":true,"href":"https:\/\/theinvisiblecollection.com\/fr\/wp-json\/wp\/v2\/designer_clubroom?post=38891"}],"curies":[{"name":"wp","href":"https:\/\/api.w.org\/{rel}","templated":true}]}}