{"id":38909,"date":"2021-05-28T00:00:00","date_gmt":"2021-05-27T23:00:00","guid":{"rendered":"https:\/\/www.theinvisiblecollection.com\/product\/porte-revues-leque\/"},"modified":"2026-05-01T07:39:52","modified_gmt":"2026-05-01T07:39:52","slug":"etel-porte-revues-leque","status":"publish","type":"product","link":"https:\/\/theinvisiblecollection.com\/fr\/produit\/etel-porte-revues-leque\/","title":{"rendered":"Porte-Revues Leque"},"content":{"rendered":"<p style=\"text-align: justify;\">Cr\u00e9\u00e9 en 1928 par le moderniste Gregori Warchavchik, l&#8217;\u00e9l\u00e9gant Leque Magazine Holder faisait partie de l&#8217;ameublement qu&#8217;il a con\u00e7u pour ses projets. Fabriqu\u00e9 en bois br\u00e9silien d&#8217;origine, il peut \u00eatre utilis\u00e9e comme table d&#8217;appoint. Le design g\u00e9om\u00e9trique et l&#8217;esth\u00e9tique Art D\u00e9co font de cette pi\u00e8ce une ic\u00f4ne du design moderne au Br\u00e9sil.<\/p>\n","protected":false},"excerpt":{"rendered":"<p>Design par Gregori Warchavchik en 1928<br \/>\nSur l&#8217;image, porte-revues en bois de Freijo lav\u00e9<br \/>\nStructure aussi disponible en bois de c\u00e8dre<br \/>\n<span style=\"text-decoration: underline;\"><a href=\"https:\/\/theinvisiblecollection.com\/wp-content\/uploads\/2021\/05\/TheInvisibleCollection_Wood_Samples_Leque_Magazine_Holder.pdf\">D\u00e9couvrez la s\u00e9lection de bois ici<\/a><\/span><\/p>\n<p>L 46 x l 45 x H 73 cm<\/p>\n<p>Fabriqu\u00e9 \u00e0 la main au Br\u00e9sil<br \/>\nD\u00e9lais de fabrication : 20 semaines<\/p>\n<p><span style=\"text-decoration: underline;\"><a href=\"https:\/\/www.theinvisiblecollection.com\/fr\/demande-de-devis\/?product_id=38909\" target=\"_blank\" rel=\"noopener noreferrer\">Contactez-nous pour toute demande de devis ou de renseignements<\/a><\/span><\/p>\n","protected":false},"featured_media":81006,"template":"","meta":{"_acf_changed":false,"content-type":"","_themeisle_gutenberg_block_has_review":false},"product_brand":[],"product_cat":[7517,8956,12505,12534,13076],"product_tag":[8854,8993,9013,9016,9668,9715,10494,11235,11335],"product_designer":[8866],"comfabric":[28854],"manufacturer":[16878],"reporting_designer":[37382],"samplecomfabric":[30448],"designer_clubroom":[],"class_list":{"0":"post-38909","1":"product","2":"type-product","3":"status-publish","4":"has-post-thumbnail","6":"product_cat-deco-fr","7":"product_cat-bibliotheques","8":"product_cat-rangements","9":"product_cat-porte-revues","10":"product_cat-bureau-a-la-maison","11":"product_tag-etel-fr-2","12":"product_tag-salon","13":"product_tag-cedre","14":"product_tag-chambre-fr-2","15":"product_tag-designer-bresilien-fr-fr","16":"product_tag-salon-fr-2","17":"product_tag-bresil","18":"product_tag-reedition-fr-fr","19":"product_tag-eco-design","20":"pa_wood-freijo-delave-fr","21":"pa_wood-freijo-naturel-fr","22":"pa_wood-imbuia-miel-fr","23":"product_designer-etel-fr","24":"comfabric-etel-atelier-1-fr","25":"manufacturer-etel-atelier-1-fr","26":"reporting_designer-etel","27":"samplecomfabric-etel-fr","29":"first","30":"instock","31":"featured","32":"taxable","33":"shipping-taxable","34":"purchasable","35":"product-type-variable"},"acf":[],"_links":{"self":[{"href":"https:\/\/theinvisiblecollection.com\/fr\/wp-json\/wp\/v2\/product\/38909","targetHints":{"allow":["GET"]}}],"collection":[{"href":"https:\/\/theinvisiblecollection.com\/fr\/wp-json\/wp\/v2\/product"}],"about":[{"href":"https:\/\/theinvisiblecollection.com\/fr\/wp-json\/wp\/v2\/types\/product"}],"wp:featuredmedia":[{"embeddable":true,"href":"https:\/\/theinvisiblecollection.com\/fr\/wp-json\/wp\/v2\/media\/81006"}],"wp:attachment":[{"href":"https:\/\/theinvisiblecollection.com\/fr\/wp-json\/wp\/v2\/media?parent=38909"}],"wp:term":[{"taxonomy":"product_brand","embeddable":true,"href":"https:\/\/theinvisiblecollection.com\/fr\/wp-json\/wp\/v2\/product_brand?post=38909"},{"taxonomy":"product_cat","embeddable":true,"href":"https:\/\/theinvisiblecollection.com\/fr\/wp-json\/wp\/v2\/product_cat?post=38909"},{"taxonomy":"product_tag","embeddable":true,"href":"https:\/\/theinvisiblecollection.com\/fr\/wp-json\/wp\/v2\/product_tag?post=38909"},{"taxonomy":"product_designer","embeddable":true,"href":"https:\/\/theinvisiblecollection.com\/fr\/wp-json\/wp\/v2\/product_designer?post=38909"},{"taxonomy":"comfabric","embeddable":true,"href":"https:\/\/theinvisiblecollection.com\/fr\/wp-json\/wp\/v2\/comfabric?post=38909"},{"taxonomy":"manufacturer","embeddable":true,"href":"https:\/\/theinvisiblecollection.com\/fr\/wp-json\/wp\/v2\/manufacturer?post=38909"},{"taxonomy":"reporting_designer","embeddable":true,"href":"https:\/\/theinvisiblecollection.com\/fr\/wp-json\/wp\/v2\/reporting_designer?post=38909"},{"taxonomy":"samplecomfabric","embeddable":true,"href":"https:\/\/theinvisiblecollection.com\/fr\/wp-json\/wp\/v2\/samplecomfabric?post=38909"},{"taxonomy":"clubroom_product_designer","embeddable":true,"href":"https:\/\/theinvisiblecollection.com\/fr\/wp-json\/wp\/v2\/designer_clubroom?post=38909"}],"curies":[{"name":"wp","href":"https:\/\/api.w.org\/{rel}","templated":true}]}}