{"id":38916,"date":"2019-04-09T00:00:00","date_gmt":"2019-04-08T23:00:00","guid":{"rendered":"https:\/\/www.theinvisiblecollection.com\/product\/porte-revues-nini\/"},"modified":"2026-05-01T07:39:52","modified_gmt":"2026-05-01T07:39:52","slug":"etel-porte-revues-nini","status":"publish","type":"product","link":"https:\/\/theinvisiblecollection.com\/fr\/produit\/etel-porte-revues-nini\/","title":{"rendered":"Porte-Revues Nini"},"content":{"rendered":"","protected":false},"excerpt":{"rendered":"<p>Design par Jos\u00e9 Zanine Caldas<br \/>\nDisponible en bois teint\u00e9 \u00e9b\u00e8ne, et en bois de Freijo Naturel ou Teint\u00e9<br \/>\n<span style=\"text-decoration: underline;\"><a href=\"https:\/\/theinvisiblecollection.com\/wp-content\/uploads\/2021\/05\/TheInvisibleCollection_Etel_Wood_Samples_1.pdf\">D\u00e9couvrez une s\u00e9lection de bois ici\u00a0<\/a><\/span><\/p>\n<p>L 50 x l 43 x H 50 cm<\/p>\n<p style=\"text-align: justify;\">Fabriqu\u00e9 \u00e0 la main au Br\u00e9sil<br \/>\nD\u00e9lais de production : 14 \u2013 16 semaines<\/p>\n<p style=\"text-align: justify;\"><span style=\"text-decoration: underline;\"><a href=\"https:\/\/www.theinvisiblecollection.com\/fr\/demande-de-devis\/?product_id=38916\">Contactez-nous pour toute demande de devis ou de renseignements<\/a><\/span><\/p>\n","protected":false},"featured_media":629264,"template":"","meta":{"_acf_changed":false,"content-type":"","_themeisle_gutenberg_block_has_review":false},"product_brand":[],"product_cat":[12505,12534,13076,7517,8956],"product_tag":[9016,11225],"product_designer":[8866],"comfabric":[28854],"manufacturer":[16878],"reporting_designer":[37382],"samplecomfabric":[30448],"designer_clubroom":[],"class_list":{"0":"post-38916","1":"product","2":"type-product","3":"status-publish","4":"has-post-thumbnail","6":"product_cat-rangements","7":"product_cat-porte-revues","8":"product_cat-bureau-a-la-maison","9":"product_cat-deco-fr","10":"product_cat-bibliotheques","11":"product_tag-chambre-fr-2","12":"product_tag-reissue-issue-fr","13":"pa_wood-freijo-naturel-fr","14":"product_designer-etel-fr","15":"comfabric-etel-atelier-1-fr","16":"manufacturer-etel-atelier-1-fr","17":"reporting_designer-etel","18":"samplecomfabric-etel-fr","20":"first","21":"instock","22":"taxable","23":"shipping-taxable","24":"purchasable","25":"product-type-variable"},"acf":[],"_links":{"self":[{"href":"https:\/\/theinvisiblecollection.com\/fr\/wp-json\/wp\/v2\/product\/38916","targetHints":{"allow":["GET"]}}],"collection":[{"href":"https:\/\/theinvisiblecollection.com\/fr\/wp-json\/wp\/v2\/product"}],"about":[{"href":"https:\/\/theinvisiblecollection.com\/fr\/wp-json\/wp\/v2\/types\/product"}],"wp:featuredmedia":[{"embeddable":true,"href":"https:\/\/theinvisiblecollection.com\/fr\/wp-json\/wp\/v2\/media\/629264"}],"wp:attachment":[{"href":"https:\/\/theinvisiblecollection.com\/fr\/wp-json\/wp\/v2\/media?parent=38916"}],"wp:term":[{"taxonomy":"product_brand","embeddable":true,"href":"https:\/\/theinvisiblecollection.com\/fr\/wp-json\/wp\/v2\/product_brand?post=38916"},{"taxonomy":"product_cat","embeddable":true,"href":"https:\/\/theinvisiblecollection.com\/fr\/wp-json\/wp\/v2\/product_cat?post=38916"},{"taxonomy":"product_tag","embeddable":true,"href":"https:\/\/theinvisiblecollection.com\/fr\/wp-json\/wp\/v2\/product_tag?post=38916"},{"taxonomy":"product_designer","embeddable":true,"href":"https:\/\/theinvisiblecollection.com\/fr\/wp-json\/wp\/v2\/product_designer?post=38916"},{"taxonomy":"comfabric","embeddable":true,"href":"https:\/\/theinvisiblecollection.com\/fr\/wp-json\/wp\/v2\/comfabric?post=38916"},{"taxonomy":"manufacturer","embeddable":true,"href":"https:\/\/theinvisiblecollection.com\/fr\/wp-json\/wp\/v2\/manufacturer?post=38916"},{"taxonomy":"reporting_designer","embeddable":true,"href":"https:\/\/theinvisiblecollection.com\/fr\/wp-json\/wp\/v2\/reporting_designer?post=38916"},{"taxonomy":"samplecomfabric","embeddable":true,"href":"https:\/\/theinvisiblecollection.com\/fr\/wp-json\/wp\/v2\/samplecomfabric?post=38916"},{"taxonomy":"clubroom_product_designer","embeddable":true,"href":"https:\/\/theinvisiblecollection.com\/fr\/wp-json\/wp\/v2\/designer_clubroom?post=38916"}],"curies":[{"name":"wp","href":"https:\/\/api.w.org\/{rel}","templated":true}]}}