{"id":3893204,"date":"2023-10-09T11:50:18","date_gmt":"2023-10-09T10:50:18","guid":{"rendered":"https:\/\/theinvisiblecollection.com\/?post_type=product&#038;p=3893204"},"modified":"2026-05-01T07:37:59","modified_gmt":"2026-05-01T07:37:59","slug":"armadillo-tapis-winnow","status":"publish","type":"product","link":"https:\/\/theinvisiblecollection.com\/fr\/produit\/armadillo-tapis-winnow\/","title":{"rendered":"Tapis Winnow"},"content":{"rendered":"<p style=\"text-align: justify;\">Le tapis Winnow d&#8217;Armadillo s\u2019impose dans la pi\u00e8ce gr\u00e2ce \u00e0 sa tactilit\u00e9 intuitive, donnant vie \u00e0 la pr\u00e9sence durable de la terre. Un tissage plat est hachur\u00e9 avec de la laine d\u00e9licieusement mouchet\u00e9e aboutit \u00e0 un produit r\u00e9sistant tout en d\u00e9licatesse.<\/p>\n","protected":false},"excerpt":{"rendered":"<p>Le tapis Winnow d&#8217;Armadillo s\u2019impose dans la pi\u00e8ce gr\u00e2ce \u00e0 sa tactilit\u00e9 intuitive, donnant vie \u00e0 la pr\u00e9sence durable de la terre. Un tissage plat est hachur\u00e9 avec de la laine d\u00e9licieusement mouchet\u00e9e aboutit \u00e0 un produit r\u00e9sistant tout en d\u00e9licatesse.<\/p>\n","protected":false},"featured_media":3893219,"template":"","meta":{"_acf_changed":false,"content-type":"","_themeisle_gutenberg_block_has_review":false},"product_brand":[],"product_cat":[12540,17999],"product_tag":[14925],"product_designer":[24864],"comfabric":[],"manufacturer":[24868],"reporting_designer":[37431],"samplecomfabric":[],"designer_clubroom":[],"class_list":{"0":"post-3893204","1":"product","2":"type-product","3":"status-publish","4":"has-post-thumbnail","6":"product_cat-tapis-fr","7":"product_cat-tisses-a-la-main","8":"product_tag-hpfav-fr","9":"pa_size-dimensions-sur-mesure-fr","10":"pa_size-large-fr-2","11":"pa_size-petit-fr","12":"product_designer-armadillo-fr","13":"manufacturer-armadillo-pick-up-uk-fr","14":"reporting_designer-armadillo","16":"first","17":"instock","18":"taxable","19":"shipping-taxable","20":"purchasable","21":"product-type-variable"},"acf":[],"_links":{"self":[{"href":"https:\/\/theinvisiblecollection.com\/fr\/wp-json\/wp\/v2\/product\/3893204","targetHints":{"allow":["GET"]}}],"collection":[{"href":"https:\/\/theinvisiblecollection.com\/fr\/wp-json\/wp\/v2\/product"}],"about":[{"href":"https:\/\/theinvisiblecollection.com\/fr\/wp-json\/wp\/v2\/types\/product"}],"wp:featuredmedia":[{"embeddable":true,"href":"https:\/\/theinvisiblecollection.com\/fr\/wp-json\/wp\/v2\/media\/3893219"}],"wp:attachment":[{"href":"https:\/\/theinvisiblecollection.com\/fr\/wp-json\/wp\/v2\/media?parent=3893204"}],"wp:term":[{"taxonomy":"product_brand","embeddable":true,"href":"https:\/\/theinvisiblecollection.com\/fr\/wp-json\/wp\/v2\/product_brand?post=3893204"},{"taxonomy":"product_cat","embeddable":true,"href":"https:\/\/theinvisiblecollection.com\/fr\/wp-json\/wp\/v2\/product_cat?post=3893204"},{"taxonomy":"product_tag","embeddable":true,"href":"https:\/\/theinvisiblecollection.com\/fr\/wp-json\/wp\/v2\/product_tag?post=3893204"},{"taxonomy":"product_designer","embeddable":true,"href":"https:\/\/theinvisiblecollection.com\/fr\/wp-json\/wp\/v2\/product_designer?post=3893204"},{"taxonomy":"comfabric","embeddable":true,"href":"https:\/\/theinvisiblecollection.com\/fr\/wp-json\/wp\/v2\/comfabric?post=3893204"},{"taxonomy":"manufacturer","embeddable":true,"href":"https:\/\/theinvisiblecollection.com\/fr\/wp-json\/wp\/v2\/manufacturer?post=3893204"},{"taxonomy":"reporting_designer","embeddable":true,"href":"https:\/\/theinvisiblecollection.com\/fr\/wp-json\/wp\/v2\/reporting_designer?post=3893204"},{"taxonomy":"samplecomfabric","embeddable":true,"href":"https:\/\/theinvisiblecollection.com\/fr\/wp-json\/wp\/v2\/samplecomfabric?post=3893204"},{"taxonomy":"clubroom_product_designer","embeddable":true,"href":"https:\/\/theinvisiblecollection.com\/fr\/wp-json\/wp\/v2\/designer_clubroom?post=3893204"}],"curies":[{"name":"wp","href":"https:\/\/api.w.org\/{rel}","templated":true}]}}