{"id":3893239,"date":"2023-09-26T11:07:56","date_gmt":"2023-09-26T10:07:56","guid":{"rendered":"https:\/\/theinvisiblecollection.com\/?post_type=product&#038;p=3893239"},"modified":"2026-05-08T04:39:13","modified_gmt":"2026-05-08T04:39:13","slug":"armadillo-tapis-river","status":"publish","type":"product","link":"https:\/\/theinvisiblecollection.com\/fr\/produit\/armadillo-tapis-river\/","title":{"rendered":"Tapis River"},"content":{"rendered":"<p style=\"text-align: justify;\">Le tapis River d&#8217;Armadillo est tiss\u00e9 \u00e0 la main sur un m\u00e9tier \u00e0 tisser vertical \u00e0 partir de fils de jute \u00e9pais et r\u00e9sistants. Ce tapis facile \u00e0 vivre fait \u00e9cho aux douces ondulations et aux remous des cours d&#8217;eau dont il porte le nom, pour une esth\u00e9tique qui allie authenticit\u00e9 et simplicit\u00e9.<\/p>\n","protected":false},"excerpt":{"rendered":"<p>Le tapis River d&#8217;Armadillo est tiss\u00e9 \u00e0 la main sur un m\u00e9tier \u00e0 tisser vertical \u00e0 partir de fils de jute \u00e9pais et r\u00e9sistants. Ce tapis facile \u00e0 vivre fait \u00e9cho aux douces ondulations et aux remous des cours d&#8217;eau dont il porte le nom, pour une esth\u00e9tique qui allie authenticit\u00e9 et simplicit\u00e9.<\/p>\n","protected":false},"featured_media":3893252,"template":"","meta":{"_acf_changed":false,"content-type":"","_themeisle_gutenberg_block_has_review":false},"product_brand":[],"product_cat":[12540,17999],"product_tag":[],"product_designer":[24864],"comfabric":[],"manufacturer":[24868],"reporting_designer":[37431],"samplecomfabric":[],"designer_clubroom":[],"class_list":{"0":"post-3893239","1":"product","2":"type-product","3":"status-publish","4":"has-post-thumbnail","6":"product_cat-tapis-fr","7":"product_cat-tisses-a-la-main","8":"pa_size-dimensions-sur-mesure-fr","9":"pa_size-grand-fr","10":"pa_size-petit-fr","11":"product_designer-armadillo-fr","12":"manufacturer-armadillo-pick-up-uk-fr","13":"reporting_designer-armadillo","15":"first","16":"instock","17":"taxable","18":"shipping-taxable","19":"purchasable","20":"product-type-variable"},"acf":[],"_links":{"self":[{"href":"https:\/\/theinvisiblecollection.com\/fr\/wp-json\/wp\/v2\/product\/3893239","targetHints":{"allow":["GET"]}}],"collection":[{"href":"https:\/\/theinvisiblecollection.com\/fr\/wp-json\/wp\/v2\/product"}],"about":[{"href":"https:\/\/theinvisiblecollection.com\/fr\/wp-json\/wp\/v2\/types\/product"}],"wp:featuredmedia":[{"embeddable":true,"href":"https:\/\/theinvisiblecollection.com\/fr\/wp-json\/wp\/v2\/media\/3893252"}],"wp:attachment":[{"href":"https:\/\/theinvisiblecollection.com\/fr\/wp-json\/wp\/v2\/media?parent=3893239"}],"wp:term":[{"taxonomy":"product_brand","embeddable":true,"href":"https:\/\/theinvisiblecollection.com\/fr\/wp-json\/wp\/v2\/product_brand?post=3893239"},{"taxonomy":"product_cat","embeddable":true,"href":"https:\/\/theinvisiblecollection.com\/fr\/wp-json\/wp\/v2\/product_cat?post=3893239"},{"taxonomy":"product_tag","embeddable":true,"href":"https:\/\/theinvisiblecollection.com\/fr\/wp-json\/wp\/v2\/product_tag?post=3893239"},{"taxonomy":"product_designer","embeddable":true,"href":"https:\/\/theinvisiblecollection.com\/fr\/wp-json\/wp\/v2\/product_designer?post=3893239"},{"taxonomy":"comfabric","embeddable":true,"href":"https:\/\/theinvisiblecollection.com\/fr\/wp-json\/wp\/v2\/comfabric?post=3893239"},{"taxonomy":"manufacturer","embeddable":true,"href":"https:\/\/theinvisiblecollection.com\/fr\/wp-json\/wp\/v2\/manufacturer?post=3893239"},{"taxonomy":"reporting_designer","embeddable":true,"href":"https:\/\/theinvisiblecollection.com\/fr\/wp-json\/wp\/v2\/reporting_designer?post=3893239"},{"taxonomy":"samplecomfabric","embeddable":true,"href":"https:\/\/theinvisiblecollection.com\/fr\/wp-json\/wp\/v2\/samplecomfabric?post=3893239"},{"taxonomy":"clubroom_product_designer","embeddable":true,"href":"https:\/\/theinvisiblecollection.com\/fr\/wp-json\/wp\/v2\/designer_clubroom?post=3893239"}],"curies":[{"name":"wp","href":"https:\/\/api.w.org\/{rel}","templated":true}]}}