{"id":3893509,"date":"2023-09-26T11:23:40","date_gmt":"2023-09-26T10:23:40","guid":{"rendered":"https:\/\/theinvisiblecollection.com\/?post_type=product&#038;p=3893509"},"modified":"2026-05-01T07:37:59","modified_gmt":"2026-05-01T07:37:59","slug":"armadillo-tapis-panama","status":"publish","type":"product","link":"https:\/\/theinvisiblecollection.com\/fr\/produit\/armadillo-tapis-panama\/","title":{"rendered":"Tapis Panama"},"content":{"rendered":"<p style=\"text-align: justify;\">Le tapis Panama d&#8217;Armadillo est fabriqu\u00e9 \u00e0 la main selon la m\u00e9thode soumak, qui consiste \u00e0 entrelacer du jute avec de la laine vierge. La fibre tress\u00e9e est laiss\u00e9e brute dans sa couleur originelle avant d&#8217;\u00eatre teinte pour cr\u00e9er de subtiles variations de couleur et une pi\u00e8ce unique.<\/p>\n","protected":false},"excerpt":{"rendered":"<p>Le tapis Panama d&#8217;Armadillo est fabriqu\u00e9 \u00e0 la main selon la m\u00e9thode soumak, qui consiste \u00e0 entrelacer du jute avec de la laine vierge. La fibre tress\u00e9e est laiss\u00e9e brute dans sa couleur originelle avant d&#8217;\u00eatre teinte pour cr\u00e9er de subtiles variations de couleur et une pi\u00e8ce unique.<\/p>\n","protected":false},"featured_media":3893570,"template":"","meta":{"_acf_changed":false,"content-type":"","_themeisle_gutenberg_block_has_review":false},"product_brand":[],"product_cat":[12540,17999],"product_tag":[],"product_designer":[24864],"comfabric":[],"manufacturer":[24868],"reporting_designer":[37431],"samplecomfabric":[],"designer_clubroom":[],"class_list":{"0":"post-3893509","1":"product","2":"type-product","3":"status-publish","4":"has-post-thumbnail","6":"product_cat-tapis-fr","7":"product_cat-tisses-a-la-main","8":"pa_size-dimensions-sur-mesure-fr","9":"pa_size-l-280-x-l-100-x-h-80-fr","10":"pa_size-petit-fr","11":"product_designer-armadillo-fr","12":"manufacturer-armadillo-pick-up-uk-fr","13":"reporting_designer-armadillo","15":"first","16":"instock","17":"taxable","18":"shipping-taxable","19":"purchasable","20":"product-type-variable"},"acf":[],"_links":{"self":[{"href":"https:\/\/theinvisiblecollection.com\/fr\/wp-json\/wp\/v2\/product\/3893509","targetHints":{"allow":["GET"]}}],"collection":[{"href":"https:\/\/theinvisiblecollection.com\/fr\/wp-json\/wp\/v2\/product"}],"about":[{"href":"https:\/\/theinvisiblecollection.com\/fr\/wp-json\/wp\/v2\/types\/product"}],"wp:featuredmedia":[{"embeddable":true,"href":"https:\/\/theinvisiblecollection.com\/fr\/wp-json\/wp\/v2\/media\/3893570"}],"wp:attachment":[{"href":"https:\/\/theinvisiblecollection.com\/fr\/wp-json\/wp\/v2\/media?parent=3893509"}],"wp:term":[{"taxonomy":"product_brand","embeddable":true,"href":"https:\/\/theinvisiblecollection.com\/fr\/wp-json\/wp\/v2\/product_brand?post=3893509"},{"taxonomy":"product_cat","embeddable":true,"href":"https:\/\/theinvisiblecollection.com\/fr\/wp-json\/wp\/v2\/product_cat?post=3893509"},{"taxonomy":"product_tag","embeddable":true,"href":"https:\/\/theinvisiblecollection.com\/fr\/wp-json\/wp\/v2\/product_tag?post=3893509"},{"taxonomy":"product_designer","embeddable":true,"href":"https:\/\/theinvisiblecollection.com\/fr\/wp-json\/wp\/v2\/product_designer?post=3893509"},{"taxonomy":"comfabric","embeddable":true,"href":"https:\/\/theinvisiblecollection.com\/fr\/wp-json\/wp\/v2\/comfabric?post=3893509"},{"taxonomy":"manufacturer","embeddable":true,"href":"https:\/\/theinvisiblecollection.com\/fr\/wp-json\/wp\/v2\/manufacturer?post=3893509"},{"taxonomy":"reporting_designer","embeddable":true,"href":"https:\/\/theinvisiblecollection.com\/fr\/wp-json\/wp\/v2\/reporting_designer?post=3893509"},{"taxonomy":"samplecomfabric","embeddable":true,"href":"https:\/\/theinvisiblecollection.com\/fr\/wp-json\/wp\/v2\/samplecomfabric?post=3893509"},{"taxonomy":"clubroom_product_designer","embeddable":true,"href":"https:\/\/theinvisiblecollection.com\/fr\/wp-json\/wp\/v2\/designer_clubroom?post=3893509"}],"curies":[{"name":"wp","href":"https:\/\/api.w.org\/{rel}","templated":true}]}}