{"id":3893640,"date":"2023-09-26T11:44:30","date_gmt":"2023-09-26T10:44:30","guid":{"rendered":"https:\/\/theinvisiblecollection.com\/?post_type=product&#038;p=3893640"},"modified":"2026-05-01T07:37:59","modified_gmt":"2026-05-01T07:37:59","slug":"armadillo-tapis-aspen","status":"publish","type":"product","link":"https:\/\/theinvisiblecollection.com\/fr\/produit\/armadillo-tapis-aspen\/","title":{"rendered":"Tapis Aspen"},"content":{"rendered":"<p style=\"text-align: justify;\">Le tapis Aspen d&#8217;Armadillo pr\u00e9sente un tissage soumak unilat\u00e9ral con\u00e7u \u00e0 partir d\u2019une texture douce et lin\u00e9aire inspir\u00e9e des pentes alpines. La laine est teint\u00e9e dans des tons singuliers et d\u00e9licats pour s&#8217;int\u00e9grer harmonieusement dans n&#8217;importe quel int\u00e9rieur et devenir une source continue de plaisir et de d\u00e9couverte.<\/p>\n","protected":false},"excerpt":{"rendered":"<p>Le tapis Aspen d&#8217;Armadillo pr\u00e9sente un tissage soumak unilat\u00e9ral con\u00e7u \u00e0 partir d\u2019une texture douce et lin\u00e9aire inspir\u00e9e des pentes alpines. La laine est teint\u00e9e dans des tons singuliers et d\u00e9licats pour s&#8217;int\u00e9grer harmonieusement dans n&#8217;importe quel int\u00e9rieur et devenir une source continue de plaisir et de d\u00e9couverte.<\/p>\n","protected":false},"featured_media":3893718,"template":"","meta":{"_acf_changed":false,"content-type":"","_themeisle_gutenberg_block_has_review":false},"product_brand":[],"product_cat":[12540,17999],"product_tag":[],"product_designer":[24864],"comfabric":[],"manufacturer":[24868],"reporting_designer":[37431],"samplecomfabric":[],"designer_clubroom":[],"class_list":{"0":"post-3893640","1":"product","2":"type-product","3":"status-publish","4":"has-post-thumbnail","6":"product_cat-tapis-fr","7":"product_cat-tisses-a-la-main","8":"pa_size-dimensions-sur-mesure-fr","9":"pa_size-l-280-x-l-100-x-h-80-fr","10":"pa_size-petit-fr","11":"product_designer-armadillo-fr","12":"manufacturer-armadillo-pick-up-uk-fr","13":"reporting_designer-armadillo","14":"exhibitions-new-york-fr","16":"first","17":"instock","18":"taxable","19":"shipping-taxable","20":"purchasable","21":"product-type-variable"},"acf":[],"_links":{"self":[{"href":"https:\/\/theinvisiblecollection.com\/fr\/wp-json\/wp\/v2\/product\/3893640","targetHints":{"allow":["GET"]}}],"collection":[{"href":"https:\/\/theinvisiblecollection.com\/fr\/wp-json\/wp\/v2\/product"}],"about":[{"href":"https:\/\/theinvisiblecollection.com\/fr\/wp-json\/wp\/v2\/types\/product"}],"wp:featuredmedia":[{"embeddable":true,"href":"https:\/\/theinvisiblecollection.com\/fr\/wp-json\/wp\/v2\/media\/3893718"}],"wp:attachment":[{"href":"https:\/\/theinvisiblecollection.com\/fr\/wp-json\/wp\/v2\/media?parent=3893640"}],"wp:term":[{"taxonomy":"product_brand","embeddable":true,"href":"https:\/\/theinvisiblecollection.com\/fr\/wp-json\/wp\/v2\/product_brand?post=3893640"},{"taxonomy":"product_cat","embeddable":true,"href":"https:\/\/theinvisiblecollection.com\/fr\/wp-json\/wp\/v2\/product_cat?post=3893640"},{"taxonomy":"product_tag","embeddable":true,"href":"https:\/\/theinvisiblecollection.com\/fr\/wp-json\/wp\/v2\/product_tag?post=3893640"},{"taxonomy":"product_designer","embeddable":true,"href":"https:\/\/theinvisiblecollection.com\/fr\/wp-json\/wp\/v2\/product_designer?post=3893640"},{"taxonomy":"comfabric","embeddable":true,"href":"https:\/\/theinvisiblecollection.com\/fr\/wp-json\/wp\/v2\/comfabric?post=3893640"},{"taxonomy":"manufacturer","embeddable":true,"href":"https:\/\/theinvisiblecollection.com\/fr\/wp-json\/wp\/v2\/manufacturer?post=3893640"},{"taxonomy":"reporting_designer","embeddable":true,"href":"https:\/\/theinvisiblecollection.com\/fr\/wp-json\/wp\/v2\/reporting_designer?post=3893640"},{"taxonomy":"samplecomfabric","embeddable":true,"href":"https:\/\/theinvisiblecollection.com\/fr\/wp-json\/wp\/v2\/samplecomfabric?post=3893640"},{"taxonomy":"clubroom_product_designer","embeddable":true,"href":"https:\/\/theinvisiblecollection.com\/fr\/wp-json\/wp\/v2\/designer_clubroom?post=3893640"}],"curies":[{"name":"wp","href":"https:\/\/api.w.org\/{rel}","templated":true}]}}