{"id":38938,"date":"2019-04-09T00:00:00","date_gmt":"2019-04-08T23:00:00","guid":{"rendered":"https:\/\/www.theinvisiblecollection.com\/product\/pouf-zc1\/"},"modified":"2026-05-01T07:39:52","modified_gmt":"2026-05-01T07:39:52","slug":"etel-pouf-zc1","status":"publish","type":"product","link":"https:\/\/theinvisiblecollection.com\/fr\/produit\/etel-pouf-zc1\/","title":{"rendered":"Pouf ZC1"},"content":{"rendered":"","protected":false},"excerpt":{"rendered":"<p>Design par Jos\u00e9 Zanine Caldas<br \/>\nStructure en bois<br \/>\n<span style=\"text-decoration: underline;\"><a href=\"https:\/\/theinvisiblecollection.com\/wp-content\/uploads\/2022\/11\/the-invisible-collection-Etel-Wood-Selection-Copacobana-Table.pdf\" target=\"_blank\" rel=\"noopener\">D\u00e9couvrez une s\u00e9lection de bois ici<\/a><br \/>\n<\/span>Assise en cuir<span style=\"text-decoration: underline;\"><br \/>\n<a href=\"https:\/\/theinvisiblecollection.com\/wp-content\/uploads\/2019\/04\/TheInvisibleCollection_Etel-_-Leather-Selection_ZC1-Ottoman.pdf\" target=\"_blank\" rel=\"noopener\">D\u00e9couvrez une s\u00e9lection de cuirs ici<\/a><br \/>\n<\/span><\/p>\n<p>L 45 x l 41 x H 35 cm<\/p>\n<p>Fabriqu\u00e9 \u00e0 la main au Br\u00e9sil<br \/>\nD\u00e9lais de production : 14 &#8211; 16 semaines<\/p>\n<p><span style=\"text-decoration: underline;\"><a href=\"https:\/\/www.theinvisiblecollection.com\/fr\/demande-de-devis\/?product_id=38938\">Contactez-nous pour toute demande de devis ou de renseignements<\/a><\/span><\/p>\n","protected":false},"featured_media":100535,"template":"","meta":{"_acf_changed":false,"content-type":"","_themeisle_gutenberg_block_has_review":false},"product_brand":[],"product_cat":[8969,12499],"product_tag":[8952,8953,9015,9017,11225,11235,14546],"product_designer":[8866],"comfabric":[28854],"manufacturer":[16878],"reporting_designer":[37382],"samplecomfabric":[30448],"designer_clubroom":[],"class_list":{"0":"post-38938","1":"product","2":"type-product","3":"status-publish","4":"has-post-thumbnail","6":"product_cat-ottomans-tabourets","7":"product_cat-assises","8":"product_tag-bois-fr","9":"product_tag-salle-a-manger","10":"product_tag-cuir","11":"product_tag-chaise","12":"product_tag-reissue-issue-fr","13":"product_tag-reedition-fr-fr","14":"product_tag-ottoman-fr-2","15":"pa_leather-beige","16":"pa_leather-beige-2","17":"pa_leather-blanc","18":"pa_leather-cafe","19":"pa_leather-caramelo-fr","20":"pa_leather-noir","21":"pa_wood-freijo-delave-fr","22":"pa_wood-freijo-naturel-fr","23":"pa_wood-imbuia-miel-fr","24":"product_designer-etel-fr","25":"comfabric-etel-atelier-1-fr","26":"manufacturer-etel-atelier-1-fr","27":"reporting_designer-etel","28":"samplecomfabric-etel-fr","30":"first","31":"instock","32":"taxable","33":"shipping-taxable","34":"purchasable","35":"product-type-variable"},"acf":[],"_links":{"self":[{"href":"https:\/\/theinvisiblecollection.com\/fr\/wp-json\/wp\/v2\/product\/38938","targetHints":{"allow":["GET"]}}],"collection":[{"href":"https:\/\/theinvisiblecollection.com\/fr\/wp-json\/wp\/v2\/product"}],"about":[{"href":"https:\/\/theinvisiblecollection.com\/fr\/wp-json\/wp\/v2\/types\/product"}],"wp:featuredmedia":[{"embeddable":true,"href":"https:\/\/theinvisiblecollection.com\/fr\/wp-json\/wp\/v2\/media\/100535"}],"wp:attachment":[{"href":"https:\/\/theinvisiblecollection.com\/fr\/wp-json\/wp\/v2\/media?parent=38938"}],"wp:term":[{"taxonomy":"product_brand","embeddable":true,"href":"https:\/\/theinvisiblecollection.com\/fr\/wp-json\/wp\/v2\/product_brand?post=38938"},{"taxonomy":"product_cat","embeddable":true,"href":"https:\/\/theinvisiblecollection.com\/fr\/wp-json\/wp\/v2\/product_cat?post=38938"},{"taxonomy":"product_tag","embeddable":true,"href":"https:\/\/theinvisiblecollection.com\/fr\/wp-json\/wp\/v2\/product_tag?post=38938"},{"taxonomy":"product_designer","embeddable":true,"href":"https:\/\/theinvisiblecollection.com\/fr\/wp-json\/wp\/v2\/product_designer?post=38938"},{"taxonomy":"comfabric","embeddable":true,"href":"https:\/\/theinvisiblecollection.com\/fr\/wp-json\/wp\/v2\/comfabric?post=38938"},{"taxonomy":"manufacturer","embeddable":true,"href":"https:\/\/theinvisiblecollection.com\/fr\/wp-json\/wp\/v2\/manufacturer?post=38938"},{"taxonomy":"reporting_designer","embeddable":true,"href":"https:\/\/theinvisiblecollection.com\/fr\/wp-json\/wp\/v2\/reporting_designer?post=38938"},{"taxonomy":"samplecomfabric","embeddable":true,"href":"https:\/\/theinvisiblecollection.com\/fr\/wp-json\/wp\/v2\/samplecomfabric?post=38938"},{"taxonomy":"clubroom_product_designer","embeddable":true,"href":"https:\/\/theinvisiblecollection.com\/fr\/wp-json\/wp\/v2\/designer_clubroom?post=38938"}],"curies":[{"name":"wp","href":"https:\/\/api.w.org\/{rel}","templated":true}]}}