{"id":3893931,"date":"2023-10-20T10:50:52","date_gmt":"2023-10-20T09:50:52","guid":{"rendered":"https:\/\/theinvisiblecollection.com\/?post_type=product&#038;p=3893931"},"modified":"2026-05-01T07:37:59","modified_gmt":"2026-05-01T07:37:59","slug":"amardillo-tapis-mojave","status":"publish","type":"product","link":"https:\/\/theinvisiblecollection.com\/fr\/produit\/amardillo-tapis-mojave\/","title":{"rendered":"Tapis Mojave"},"content":{"rendered":"<p style=\"text-align: justify;\">Le tapis Mojave d&#8217;Armadillo, inspir\u00e9 des paysages d\u00e9sertiques \u00e9ph\u00e9m\u00e8res, est fabriqu\u00e9 \u00e0 partir d&#8217;un tissage tib\u00e9tain nou\u00e9 \u00e0 la main en indo-n\u00e9palais et d&#8217;un poil m\u00e9ticuleusement fil\u00e9 \u00e0 la main qui conf\u00e8re \u00e0 chaque pi\u00e8ce une finition vari\u00e9e unique.<\/p>\n","protected":false},"excerpt":{"rendered":"<p>Le tapis Mojave d&#8217;Armadillo, inspir\u00e9 des paysages d\u00e9sertiques \u00e9ph\u00e9m\u00e8res, est fabriqu\u00e9 \u00e0 partir d&#8217;un tissage tib\u00e9tain nou\u00e9 \u00e0 la main en indo-n\u00e9palais et d&#8217;un poil m\u00e9ticuleusement fil\u00e9 \u00e0 la main qui conf\u00e8re \u00e0 chaque pi\u00e8ce une finition vari\u00e9e unique.<\/p>\n","protected":false},"featured_media":3893954,"template":"","meta":{"_acf_changed":false,"content-type":"","_themeisle_gutenberg_block_has_review":false},"product_brand":[],"product_cat":[8183,12540],"product_tag":[14925],"product_designer":[24864],"comfabric":[],"manufacturer":[24868],"reporting_designer":[37431],"samplecomfabric":[],"designer_clubroom":[],"class_list":{"0":"post-3893931","1":"product","2":"type-product","3":"status-publish","4":"has-post-thumbnail","6":"product_cat-tapis-noues-a-la-main","7":"product_cat-tapis-fr","8":"product_tag-hpfav-fr","9":"pa_size-dimensions-sur-mesure-fr","10":"pa_size-l-280-x-l-100-x-h-80-fr","11":"pa_size-petit","12":"product_designer-armadillo-fr","13":"manufacturer-armadillo-pick-up-uk-fr","14":"reporting_designer-armadillo","16":"first","17":"instock","18":"taxable","19":"shipping-taxable","20":"purchasable","21":"product-type-variable"},"acf":[],"_links":{"self":[{"href":"https:\/\/theinvisiblecollection.com\/fr\/wp-json\/wp\/v2\/product\/3893931","targetHints":{"allow":["GET"]}}],"collection":[{"href":"https:\/\/theinvisiblecollection.com\/fr\/wp-json\/wp\/v2\/product"}],"about":[{"href":"https:\/\/theinvisiblecollection.com\/fr\/wp-json\/wp\/v2\/types\/product"}],"wp:featuredmedia":[{"embeddable":true,"href":"https:\/\/theinvisiblecollection.com\/fr\/wp-json\/wp\/v2\/media\/3893954"}],"wp:attachment":[{"href":"https:\/\/theinvisiblecollection.com\/fr\/wp-json\/wp\/v2\/media?parent=3893931"}],"wp:term":[{"taxonomy":"product_brand","embeddable":true,"href":"https:\/\/theinvisiblecollection.com\/fr\/wp-json\/wp\/v2\/product_brand?post=3893931"},{"taxonomy":"product_cat","embeddable":true,"href":"https:\/\/theinvisiblecollection.com\/fr\/wp-json\/wp\/v2\/product_cat?post=3893931"},{"taxonomy":"product_tag","embeddable":true,"href":"https:\/\/theinvisiblecollection.com\/fr\/wp-json\/wp\/v2\/product_tag?post=3893931"},{"taxonomy":"product_designer","embeddable":true,"href":"https:\/\/theinvisiblecollection.com\/fr\/wp-json\/wp\/v2\/product_designer?post=3893931"},{"taxonomy":"comfabric","embeddable":true,"href":"https:\/\/theinvisiblecollection.com\/fr\/wp-json\/wp\/v2\/comfabric?post=3893931"},{"taxonomy":"manufacturer","embeddable":true,"href":"https:\/\/theinvisiblecollection.com\/fr\/wp-json\/wp\/v2\/manufacturer?post=3893931"},{"taxonomy":"reporting_designer","embeddable":true,"href":"https:\/\/theinvisiblecollection.com\/fr\/wp-json\/wp\/v2\/reporting_designer?post=3893931"},{"taxonomy":"samplecomfabric","embeddable":true,"href":"https:\/\/theinvisiblecollection.com\/fr\/wp-json\/wp\/v2\/samplecomfabric?post=3893931"},{"taxonomy":"clubroom_product_designer","embeddable":true,"href":"https:\/\/theinvisiblecollection.com\/fr\/wp-json\/wp\/v2\/designer_clubroom?post=3893931"}],"curies":[{"name":"wp","href":"https:\/\/api.w.org\/{rel}","templated":true}]}}