{"id":3893992,"date":"2023-09-26T12:46:16","date_gmt":"2023-09-26T11:46:16","guid":{"rendered":"https:\/\/theinvisiblecollection.com\/?post_type=product&#038;p=3893992"},"modified":"2026-05-08T04:39:13","modified_gmt":"2026-05-08T04:39:13","slug":"armadillo-tapis-malawi","status":"publish","type":"product","link":"https:\/\/theinvisiblecollection.com\/fr\/produit\/armadillo-tapis-malawi\/","title":{"rendered":"Tapis Malawi"},"content":{"rendered":"<p style=\"text-align: justify;\">Le tapis Malawi d&#8217;Armadillo \u00e9voque la nouveaut\u00e9 et la nostalgie avec ses rang\u00e9es de laine nou\u00e9e \u00e0 la main encadr\u00e9es par une frange \u00e0 pompons. Le velours c\u00f4tel\u00e9, devenu une toile ondulante pour des teintes picturales, offre un toucher artisanal con\u00e7u pour s&#8217;\u00e9panouir et s\u2019estomper avec le temps. D\u00e9licieusement doux et souple, ce mod\u00e8le chaleureux inspire le plaisir d\u2019un confort pieds nus.<\/p>\n","protected":false},"excerpt":{"rendered":"<p>Le tapis Malawi d&#8217;Armadillo \u00e9voque la nouveaut\u00e9 et la nostalgie avec ses rang\u00e9es de laine nou\u00e9e \u00e0 la main encadr\u00e9es par une frange \u00e0 pompons. Le velours c\u00f4tel\u00e9, devenu une toile ondulante pour des teintes picturales, offre un toucher artisanal con\u00e7u pour s&#8217;\u00e9panouir et s\u2019estomper avec le temps. D\u00e9licieusement doux et souple, ce mod\u00e8le chaleureux [&hellip;]<\/p>\n","protected":false},"featured_media":3976837,"template":"","meta":{"_acf_changed":false,"content-type":"","_themeisle_gutenberg_block_has_review":false},"product_brand":[],"product_cat":[8183,12540],"product_tag":[],"product_designer":[24864],"comfabric":[],"manufacturer":[24868],"reporting_designer":[37431],"samplecomfabric":[],"designer_clubroom":[],"class_list":{"0":"post-3893992","1":"product","2":"type-product","3":"status-publish","4":"has-post-thumbnail","6":"product_cat-tapis-noues-a-la-main","7":"product_cat-tapis-fr","8":"pa_size-dimensions-sur-mesure-fr","9":"pa_size-l-280-x-l-100-x-h-80-fr","10":"pa_size-petit-fr","11":"product_designer-armadillo-fr","12":"manufacturer-armadillo-pick-up-uk-fr","13":"reporting_designer-armadillo","15":"first","16":"instock","17":"taxable","18":"shipping-taxable","19":"purchasable","20":"product-type-variable"},"acf":[],"_links":{"self":[{"href":"https:\/\/theinvisiblecollection.com\/fr\/wp-json\/wp\/v2\/product\/3893992","targetHints":{"allow":["GET"]}}],"collection":[{"href":"https:\/\/theinvisiblecollection.com\/fr\/wp-json\/wp\/v2\/product"}],"about":[{"href":"https:\/\/theinvisiblecollection.com\/fr\/wp-json\/wp\/v2\/types\/product"}],"wp:featuredmedia":[{"embeddable":true,"href":"https:\/\/theinvisiblecollection.com\/fr\/wp-json\/wp\/v2\/media\/3976837"}],"wp:attachment":[{"href":"https:\/\/theinvisiblecollection.com\/fr\/wp-json\/wp\/v2\/media?parent=3893992"}],"wp:term":[{"taxonomy":"product_brand","embeddable":true,"href":"https:\/\/theinvisiblecollection.com\/fr\/wp-json\/wp\/v2\/product_brand?post=3893992"},{"taxonomy":"product_cat","embeddable":true,"href":"https:\/\/theinvisiblecollection.com\/fr\/wp-json\/wp\/v2\/product_cat?post=3893992"},{"taxonomy":"product_tag","embeddable":true,"href":"https:\/\/theinvisiblecollection.com\/fr\/wp-json\/wp\/v2\/product_tag?post=3893992"},{"taxonomy":"product_designer","embeddable":true,"href":"https:\/\/theinvisiblecollection.com\/fr\/wp-json\/wp\/v2\/product_designer?post=3893992"},{"taxonomy":"comfabric","embeddable":true,"href":"https:\/\/theinvisiblecollection.com\/fr\/wp-json\/wp\/v2\/comfabric?post=3893992"},{"taxonomy":"manufacturer","embeddable":true,"href":"https:\/\/theinvisiblecollection.com\/fr\/wp-json\/wp\/v2\/manufacturer?post=3893992"},{"taxonomy":"reporting_designer","embeddable":true,"href":"https:\/\/theinvisiblecollection.com\/fr\/wp-json\/wp\/v2\/reporting_designer?post=3893992"},{"taxonomy":"samplecomfabric","embeddable":true,"href":"https:\/\/theinvisiblecollection.com\/fr\/wp-json\/wp\/v2\/samplecomfabric?post=3893992"},{"taxonomy":"clubroom_product_designer","embeddable":true,"href":"https:\/\/theinvisiblecollection.com\/fr\/wp-json\/wp\/v2\/designer_clubroom?post=3893992"}],"curies":[{"name":"wp","href":"https:\/\/api.w.org\/{rel}","templated":true}]}}