{"id":3894423,"date":"2023-09-26T13:52:08","date_gmt":"2023-09-26T12:52:08","guid":{"rendered":"https:\/\/theinvisiblecollection.com\/?post_type=product&#038;p=3894423"},"modified":"2026-05-15T05:02:36","modified_gmt":"2026-05-15T05:02:36","slug":"armadillo-tapis-odessa","status":"publish","type":"product","link":"https:\/\/theinvisiblecollection.com\/fr\/produit\/armadillo-tapis-odessa\/","title":{"rendered":"Tapis Odessa"},"content":{"rendered":"<p style=\"text-align: justify;\">Le tapis Odessa d&#8217;Armadillo, nou\u00e9 \u00e0 la main \u00e0 partir de laine afghane douce, se d\u00e9finit par des palettes subtiles et des textures complexes qui \u00e9voquent un calme sensoriel. S\u2019il n&#8217;y en a pas deux identiques, chaque \u00e9cheveau de fil naturel, une fois teint\u00e9 dans la masse et tiss\u00e9 dans la forme, pr\u00e9sente d\u2019incroyables stries.<\/p>\n","protected":false},"excerpt":{"rendered":"<p>Le tapis Odessa d&#8217;Armadillo, nou\u00e9 \u00e0 la main \u00e0 partir de laine afghane douce, se d\u00e9finit par des palettes subtiles et des textures complexes qui \u00e9voquent un calme sensoriel. S\u2019il n&#8217;y en a pas deux identiques, chaque \u00e9cheveau de fil naturel, une fois teint\u00e9 dans la masse et tiss\u00e9 dans la forme, pr\u00e9sente d\u2019incroyables stries.<\/p>\n","protected":false},"featured_media":3894448,"template":"","meta":{"_acf_changed":false,"content-type":"","_themeisle_gutenberg_block_has_review":false},"product_brand":[],"product_cat":[8183,12540],"product_tag":[],"product_designer":[24864],"comfabric":[],"manufacturer":[24868],"reporting_designer":[37431],"samplecomfabric":[],"designer_clubroom":[],"class_list":{"0":"post-3894423","1":"product","2":"type-product","3":"status-publish","4":"has-post-thumbnail","6":"product_cat-tapis-noues-a-la-main","7":"product_cat-tapis-fr","8":"pa_size-dimensions-sur-mesure-fr","9":"pa_size-grand-fr","10":"pa_size-petit","11":"product_designer-armadillo-fr","12":"manufacturer-armadillo-pick-up-uk-fr","13":"reporting_designer-armadillo","15":"first","16":"instock","17":"taxable","18":"shipping-taxable","19":"purchasable","20":"product-type-variable"},"acf":[],"_links":{"self":[{"href":"https:\/\/theinvisiblecollection.com\/fr\/wp-json\/wp\/v2\/product\/3894423","targetHints":{"allow":["GET"]}}],"collection":[{"href":"https:\/\/theinvisiblecollection.com\/fr\/wp-json\/wp\/v2\/product"}],"about":[{"href":"https:\/\/theinvisiblecollection.com\/fr\/wp-json\/wp\/v2\/types\/product"}],"wp:featuredmedia":[{"embeddable":true,"href":"https:\/\/theinvisiblecollection.com\/fr\/wp-json\/wp\/v2\/media\/3894448"}],"wp:attachment":[{"href":"https:\/\/theinvisiblecollection.com\/fr\/wp-json\/wp\/v2\/media?parent=3894423"}],"wp:term":[{"taxonomy":"product_brand","embeddable":true,"href":"https:\/\/theinvisiblecollection.com\/fr\/wp-json\/wp\/v2\/product_brand?post=3894423"},{"taxonomy":"product_cat","embeddable":true,"href":"https:\/\/theinvisiblecollection.com\/fr\/wp-json\/wp\/v2\/product_cat?post=3894423"},{"taxonomy":"product_tag","embeddable":true,"href":"https:\/\/theinvisiblecollection.com\/fr\/wp-json\/wp\/v2\/product_tag?post=3894423"},{"taxonomy":"product_designer","embeddable":true,"href":"https:\/\/theinvisiblecollection.com\/fr\/wp-json\/wp\/v2\/product_designer?post=3894423"},{"taxonomy":"comfabric","embeddable":true,"href":"https:\/\/theinvisiblecollection.com\/fr\/wp-json\/wp\/v2\/comfabric?post=3894423"},{"taxonomy":"manufacturer","embeddable":true,"href":"https:\/\/theinvisiblecollection.com\/fr\/wp-json\/wp\/v2\/manufacturer?post=3894423"},{"taxonomy":"reporting_designer","embeddable":true,"href":"https:\/\/theinvisiblecollection.com\/fr\/wp-json\/wp\/v2\/reporting_designer?post=3894423"},{"taxonomy":"samplecomfabric","embeddable":true,"href":"https:\/\/theinvisiblecollection.com\/fr\/wp-json\/wp\/v2\/samplecomfabric?post=3894423"},{"taxonomy":"clubroom_product_designer","embeddable":true,"href":"https:\/\/theinvisiblecollection.com\/fr\/wp-json\/wp\/v2\/designer_clubroom?post=3894423"}],"curies":[{"name":"wp","href":"https:\/\/api.w.org\/{rel}","templated":true}]}}