{"id":3894541,"date":"2023-09-26T14:38:54","date_gmt":"2023-09-26T13:38:54","guid":{"rendered":"https:\/\/theinvisiblecollection.com\/?post_type=product&#038;p=3894541"},"modified":"2026-05-01T07:37:59","modified_gmt":"2026-05-01T07:37:59","slug":"armadillo-tapis-eden","status":"publish","type":"product","link":"https:\/\/theinvisiblecollection.com\/fr\/produit\/armadillo-tapis-eden\/","title":{"rendered":"Tapis Eden"},"content":{"rendered":"<p style=\"text-align: justify;\">Le tapis Eden d&#8217;Armadillo, en laine teint\u00e9e \u00e0 la main d&#8217;une finesse subtile, prend une teinte riche et un \u00e9clat solide r\u00e9fractant la lumi\u00e8re sous tous les angles. Inspir\u00e9 par des fresques paradisiaques, Eden est d&#8217;une douceur incroyable au toucher, comme une invitation \u00e0 la r\u00eaverie\u2026<\/p>\n","protected":false},"excerpt":{"rendered":"<p>Le tapis Eden d&#8217;Armadillo, en laine teint\u00e9e \u00e0 la main d&#8217;une finesse subtile, prend une teinte riche et un \u00e9clat solide r\u00e9fractant la lumi\u00e8re sous tous les angles. Inspir\u00e9 par des fresques paradisiaques, Eden est d&#8217;une douceur incroyable au toucher, comme une invitation \u00e0 la r\u00eaverie\u2026<\/p>\n","protected":false},"featured_media":3894580,"template":"","meta":{"_acf_changed":false,"content-type":"","_themeisle_gutenberg_block_has_review":false},"product_brand":[],"product_cat":[8183,12540],"product_tag":[22790],"product_designer":[24864],"comfabric":[],"manufacturer":[24868],"reporting_designer":[37431],"samplecomfabric":[],"designer_clubroom":[],"class_list":{"0":"post-3894541","1":"product","2":"type-product","3":"status-publish","4":"has-post-thumbnail","6":"product_cat-tapis-noues-a-la-main","7":"product_cat-tapis-fr","8":"product_tag-disponible-immediatement","9":"pa_size-dimensions-sur-mesure-fr","10":"pa_size-large-fr-2","11":"pa_size-petit","12":"product_designer-armadillo-fr","13":"manufacturer-armadillo-pick-up-uk-fr","14":"reporting_designer-armadillo","15":"exhibitions-londres-fr","17":"first","18":"instock","19":"taxable","20":"shipping-taxable","21":"purchasable","22":"product-type-variable"},"acf":[],"_links":{"self":[{"href":"https:\/\/theinvisiblecollection.com\/fr\/wp-json\/wp\/v2\/product\/3894541","targetHints":{"allow":["GET"]}}],"collection":[{"href":"https:\/\/theinvisiblecollection.com\/fr\/wp-json\/wp\/v2\/product"}],"about":[{"href":"https:\/\/theinvisiblecollection.com\/fr\/wp-json\/wp\/v2\/types\/product"}],"wp:featuredmedia":[{"embeddable":true,"href":"https:\/\/theinvisiblecollection.com\/fr\/wp-json\/wp\/v2\/media\/3894580"}],"wp:attachment":[{"href":"https:\/\/theinvisiblecollection.com\/fr\/wp-json\/wp\/v2\/media?parent=3894541"}],"wp:term":[{"taxonomy":"product_brand","embeddable":true,"href":"https:\/\/theinvisiblecollection.com\/fr\/wp-json\/wp\/v2\/product_brand?post=3894541"},{"taxonomy":"product_cat","embeddable":true,"href":"https:\/\/theinvisiblecollection.com\/fr\/wp-json\/wp\/v2\/product_cat?post=3894541"},{"taxonomy":"product_tag","embeddable":true,"href":"https:\/\/theinvisiblecollection.com\/fr\/wp-json\/wp\/v2\/product_tag?post=3894541"},{"taxonomy":"product_designer","embeddable":true,"href":"https:\/\/theinvisiblecollection.com\/fr\/wp-json\/wp\/v2\/product_designer?post=3894541"},{"taxonomy":"comfabric","embeddable":true,"href":"https:\/\/theinvisiblecollection.com\/fr\/wp-json\/wp\/v2\/comfabric?post=3894541"},{"taxonomy":"manufacturer","embeddable":true,"href":"https:\/\/theinvisiblecollection.com\/fr\/wp-json\/wp\/v2\/manufacturer?post=3894541"},{"taxonomy":"reporting_designer","embeddable":true,"href":"https:\/\/theinvisiblecollection.com\/fr\/wp-json\/wp\/v2\/reporting_designer?post=3894541"},{"taxonomy":"samplecomfabric","embeddable":true,"href":"https:\/\/theinvisiblecollection.com\/fr\/wp-json\/wp\/v2\/samplecomfabric?post=3894541"},{"taxonomy":"clubroom_product_designer","embeddable":true,"href":"https:\/\/theinvisiblecollection.com\/fr\/wp-json\/wp\/v2\/designer_clubroom?post=3894541"}],"curies":[{"name":"wp","href":"https:\/\/api.w.org\/{rel}","templated":true}]}}