{"id":3894712,"date":"2024-04-15T08:50:37","date_gmt":"2024-04-15T08:50:37","guid":{"rendered":"https:\/\/theinvisiblecollection.com\/?post_type=product&#038;p=3894712"},"modified":"2026-05-01T07:37:59","modified_gmt":"2026-05-01T07:37:59","slug":"armadillo-tapis-agra","status":"publish","type":"product","link":"https:\/\/theinvisiblecollection.com\/fr\/produit\/armadillo-tapis-agra\/","title":{"rendered":"Tapis Agra"},"content":{"rendered":"<p style=\"text-align: justify;\">Le tapis Agra d&#8217;Armadillo est travaill\u00e9 dans une seule couleur avec un fil profond qui refl\u00e8te la lumi\u00e8re. Agra apporte vie, caract\u00e8re et \u00e9l\u00e9gance intemporelle aux int\u00e9rieurs contemporains et traditionnels. Nou\u00e9 \u00e0 la main \u00e0 partir d\u2019une laine extr\u00eamement fine teint\u00e9e \u00e0 la main, ce tapis est une v\u00e9ritable c\u00e9l\u00e9bration du savoir-faire artisanal aboutissant \u00e0 un produit particuli\u00e8rement sophistiqu\u00e9.<\/p>\n","protected":false},"excerpt":{"rendered":"<p>Le tapis Agra d&#8217;Armadillo est travaill\u00e9 dans une seule couleur avec un fil profond qui refl\u00e8te la lumi\u00e8re. Agra apporte vie, caract\u00e8re et \u00e9l\u00e9gance intemporelle aux int\u00e9rieurs contemporains et traditionnels. Nou\u00e9 \u00e0 la main \u00e0 partir d\u2019une laine extr\u00eamement fine teint\u00e9e \u00e0 la main, ce tapis est une v\u00e9ritable c\u00e9l\u00e9bration du savoir-faire artisanal aboutissant \u00e0 [&hellip;]<\/p>\n","protected":false},"featured_media":3894796,"template":"","meta":{"_acf_changed":false,"content-type":"","_themeisle_gutenberg_block_has_review":false},"product_brand":[],"product_cat":[8183,12540],"product_tag":[14925],"product_designer":[24864],"comfabric":[],"manufacturer":[24868],"reporting_designer":[37431],"samplecomfabric":[],"designer_clubroom":[],"class_list":{"0":"post-3894712","1":"product","2":"type-product","3":"status-publish","4":"has-post-thumbnail","6":"product_cat-tapis-noues-a-la-main","7":"product_cat-tapis-fr","8":"product_tag-hpfav-fr","9":"pa_size-dimensions-sur-mesure-fr","10":"pa_size-l-280-x-l-100-x-h-80-fr","11":"pa_size-petit","12":"product_designer-armadillo-fr","13":"manufacturer-armadillo-pick-up-uk-fr","14":"reporting_designer-armadillo","15":"exhibitions-londres-fr","17":"first","18":"instock","19":"taxable","20":"shipping-taxable","21":"purchasable","22":"product-type-variable"},"acf":[],"_links":{"self":[{"href":"https:\/\/theinvisiblecollection.com\/fr\/wp-json\/wp\/v2\/product\/3894712","targetHints":{"allow":["GET"]}}],"collection":[{"href":"https:\/\/theinvisiblecollection.com\/fr\/wp-json\/wp\/v2\/product"}],"about":[{"href":"https:\/\/theinvisiblecollection.com\/fr\/wp-json\/wp\/v2\/types\/product"}],"wp:featuredmedia":[{"embeddable":true,"href":"https:\/\/theinvisiblecollection.com\/fr\/wp-json\/wp\/v2\/media\/3894796"}],"wp:attachment":[{"href":"https:\/\/theinvisiblecollection.com\/fr\/wp-json\/wp\/v2\/media?parent=3894712"}],"wp:term":[{"taxonomy":"product_brand","embeddable":true,"href":"https:\/\/theinvisiblecollection.com\/fr\/wp-json\/wp\/v2\/product_brand?post=3894712"},{"taxonomy":"product_cat","embeddable":true,"href":"https:\/\/theinvisiblecollection.com\/fr\/wp-json\/wp\/v2\/product_cat?post=3894712"},{"taxonomy":"product_tag","embeddable":true,"href":"https:\/\/theinvisiblecollection.com\/fr\/wp-json\/wp\/v2\/product_tag?post=3894712"},{"taxonomy":"product_designer","embeddable":true,"href":"https:\/\/theinvisiblecollection.com\/fr\/wp-json\/wp\/v2\/product_designer?post=3894712"},{"taxonomy":"comfabric","embeddable":true,"href":"https:\/\/theinvisiblecollection.com\/fr\/wp-json\/wp\/v2\/comfabric?post=3894712"},{"taxonomy":"manufacturer","embeddable":true,"href":"https:\/\/theinvisiblecollection.com\/fr\/wp-json\/wp\/v2\/manufacturer?post=3894712"},{"taxonomy":"reporting_designer","embeddable":true,"href":"https:\/\/theinvisiblecollection.com\/fr\/wp-json\/wp\/v2\/reporting_designer?post=3894712"},{"taxonomy":"samplecomfabric","embeddable":true,"href":"https:\/\/theinvisiblecollection.com\/fr\/wp-json\/wp\/v2\/samplecomfabric?post=3894712"},{"taxonomy":"clubroom_product_designer","embeddable":true,"href":"https:\/\/theinvisiblecollection.com\/fr\/wp-json\/wp\/v2\/designer_clubroom?post=3894712"}],"curies":[{"name":"wp","href":"https:\/\/api.w.org\/{rel}","templated":true}]}}