{"id":38996,"date":"2022-11-07T11:49:00","date_gmt":"2022-11-07T10:49:00","guid":{"rendered":"https:\/\/www.theinvisiblecollection.com\/product\/set-bougie-parfumee\/"},"modified":"2026-05-08T04:41:04","modified_gmt":"2026-05-08T04:41:04","slug":"set-bougie-parfumee","status":"publish","type":"product","link":"https:\/\/theinvisiblecollection.com\/fr\/produit\/set-bougie-parfumee\/","title":{"rendered":"Set bougie parfum\u00e9e"},"content":{"rendered":"<p style=\"text-align: justify;\">Cette bougie scell\u00e9e dans du verre ambr\u00e9 exalte toute la sensualit\u00e9 de la nature. Son odeur v\u00e9g\u00e9tale rencontre le min\u00e9ral \u00e0 travers des notes chaudes comme le patchouli, l&#8217;encens et l&#8217;ambre.<\/p>\n","protected":false},"excerpt":{"rendered":"<p>Bougie 300g<br \/>\nBougie parfum\u00e9e dans du verre ambr\u00e9 et vase en bronze sculpt\u00e9 gr\u00e2ce \u00e0 la technique de la cire perdue<br \/>\nChaque pi\u00e8ce est unique<br \/>\nDimensions sur-mesure sur demande<br \/>\nPossibilit\u00e9 de recevoir uniquement la bougie parfum\u00e9e dans le verre ambr\u00e9 ou uniquement le vase en bronze<\/p>\n<p>\u00d8 9.5 x H 10.5 cm<\/p>\n<p>Fabriqu\u00e9e \u00e0 la main en Italie<br \/>\nD\u00e9lais de fabrication : 12 &#8211; 14 semaines<\/p>\n<p><a href=\"https:\/\/www.theinvisiblecollection.com\/fr\/demande-de-devis\/?product_id=38996\">Contactez-nous pour toute demande de devis ou de renseignements<\/a><\/p>\n","protected":false},"featured_media":72389,"template":"","meta":{"_acf_changed":false,"content-type":"","_themeisle_gutenberg_block_has_review":false},"product_brand":[],"product_cat":[7517,12529,12531,12535,16319],"product_tag":[9007,9058,9211,9681,10886,14925,31477],"product_designer":[8873],"comfabric":[],"manufacturer":[20001],"reporting_designer":[37502],"samplecomfabric":[],"designer_clubroom":[],"class_list":{"0":"post-38996","1":"product","2":"type-product","3":"status-publish","4":"has-post-thumbnail","6":"product_cat-deco-fr","7":"product_cat-bougies-bougeoirs","8":"product_cat-objets-de-decoration","9":"product_cat-arts-de-la-table","10":"product_cat-cartes-cadeaux","11":"product_tag-cire","12":"product_tag-bronze-fr-2","13":"product_tag-bougie","14":"product_tag-osanna-visconti-fr-fr","15":"product_tag-ambre","16":"product_tag-hpfav-fr","17":"product_tag-st-curvy-fr","18":"pa_choice-bougie-et-vase","19":"pa_choice-bougie-sans-vase","20":"pa_choice-vase-en-bronze","21":"product_designer-osanna-visconti-fr","22":"manufacturer-osanna-visconti-gallery-fr","23":"reporting_designer-osanna-visconti","25":"first","26":"instock","27":"taxable","28":"shipping-taxable","29":"purchasable","30":"product-type-variable"},"acf":[],"_links":{"self":[{"href":"https:\/\/theinvisiblecollection.com\/fr\/wp-json\/wp\/v2\/product\/38996","targetHints":{"allow":["GET"]}}],"collection":[{"href":"https:\/\/theinvisiblecollection.com\/fr\/wp-json\/wp\/v2\/product"}],"about":[{"href":"https:\/\/theinvisiblecollection.com\/fr\/wp-json\/wp\/v2\/types\/product"}],"wp:featuredmedia":[{"embeddable":true,"href":"https:\/\/theinvisiblecollection.com\/fr\/wp-json\/wp\/v2\/media\/72389"}],"wp:attachment":[{"href":"https:\/\/theinvisiblecollection.com\/fr\/wp-json\/wp\/v2\/media?parent=38996"}],"wp:term":[{"taxonomy":"product_brand","embeddable":true,"href":"https:\/\/theinvisiblecollection.com\/fr\/wp-json\/wp\/v2\/product_brand?post=38996"},{"taxonomy":"product_cat","embeddable":true,"href":"https:\/\/theinvisiblecollection.com\/fr\/wp-json\/wp\/v2\/product_cat?post=38996"},{"taxonomy":"product_tag","embeddable":true,"href":"https:\/\/theinvisiblecollection.com\/fr\/wp-json\/wp\/v2\/product_tag?post=38996"},{"taxonomy":"product_designer","embeddable":true,"href":"https:\/\/theinvisiblecollection.com\/fr\/wp-json\/wp\/v2\/product_designer?post=38996"},{"taxonomy":"comfabric","embeddable":true,"href":"https:\/\/theinvisiblecollection.com\/fr\/wp-json\/wp\/v2\/comfabric?post=38996"},{"taxonomy":"manufacturer","embeddable":true,"href":"https:\/\/theinvisiblecollection.com\/fr\/wp-json\/wp\/v2\/manufacturer?post=38996"},{"taxonomy":"reporting_designer","embeddable":true,"href":"https:\/\/theinvisiblecollection.com\/fr\/wp-json\/wp\/v2\/reporting_designer?post=38996"},{"taxonomy":"samplecomfabric","embeddable":true,"href":"https:\/\/theinvisiblecollection.com\/fr\/wp-json\/wp\/v2\/samplecomfabric?post=38996"},{"taxonomy":"clubroom_product_designer","embeddable":true,"href":"https:\/\/theinvisiblecollection.com\/fr\/wp-json\/wp\/v2\/designer_clubroom?post=38996"}],"curies":[{"name":"wp","href":"https:\/\/api.w.org\/{rel}","templated":true}]}}