{"id":39016,"date":"2016-04-27T00:00:00","date_gmt":"2016-04-27T00:00:00","guid":{"rendered":"https:\/\/www.theinvisiblecollection.com\/product\/suspension-bloc\/"},"modified":"2026-05-01T07:39:50","modified_gmt":"2026-05-01T07:39:50","slug":"jerome-faillant-dumas-suspension-bloc","status":"publish","type":"product","link":"https:\/\/theinvisiblecollection.com\/fr\/produit\/jerome-faillant-dumas-suspension-bloc\/","title":{"rendered":"Suspension Bloc"},"content":{"rendered":"","protected":false},"excerpt":{"rendered":"<p>Dessin\u00e9e par J\u00e9r\u00f4me Faillant-Dumas &amp; Ga\u00ebtan Lebegue<br \/>\nSuspension en m\u00e9tal patin\u00e9 et plexiglas massif<br \/>\nColoris sur mesure<\/p>\n<p>\u00d8<b>\u00a0<\/b>13 x H 72 cm<br \/>\nDimensions totales: \u00d8 14 x H 117.5 cm<\/p>\n<p>Fabriqu\u00e9 \u00e0 la main en France<br \/>\nD\u00e9lais de fabrication : 12 &#8211; 14 semaines<\/p>\n<p><span style=\"text-decoration: underline;\"><a href=\"https:\/\/www.theinvisiblecollection.com\/fr\/demande-de-devis\/?product_id=39016\" target=\"_blank\" rel=\"noopener\">Contactez-nous pour toute demande de devis ou de renseignement<\/a><\/span><\/p>\n","protected":false},"featured_media":100700,"template":"","meta":{"_acf_changed":false,"content-type":"","_themeisle_gutenberg_block_has_review":false},"product_brand":[],"product_cat":[8961,12507],"product_tag":[9728,10364,10389,31477,9048,9072,9200,9319,9353,9651],"product_designer":[8887],"comfabric":[],"manufacturer":[],"reporting_designer":[37606],"samplecomfabric":[],"designer_clubroom":[],"class_list":{"0":"post-39016","1":"product","2":"type-product","3":"status-publish","4":"has-post-thumbnail","6":"product_cat-suspensions","7":"product_cat-luminaires","8":"product_tag-chandelier-fr","9":"product_tag-plexiglas-fr-fr","10":"product_tag-jerome-faillant-dumas-fr-fr","11":"product_tag-st-curvy-fr","12":"product_tag-lampe","13":"product_tag-patine","14":"product_tag-luminaire-fr-2","15":"product_tag-plafond","16":"product_tag-lampe-led","17":"product_tag-metal-fr","18":"pa_color-blanc-fr","19":"pa_color-bleu-fr","20":"pa_color-rouge-fr","21":"product_designer-jerome-faillant-dumas-fr","22":"reporting_designer-jerome-faillant-dumas","24":"first","25":"instock","26":"taxable","27":"shipping-taxable","28":"product-type-variable"},"acf":[],"_links":{"self":[{"href":"https:\/\/theinvisiblecollection.com\/fr\/wp-json\/wp\/v2\/product\/39016","targetHints":{"allow":["GET"]}}],"collection":[{"href":"https:\/\/theinvisiblecollection.com\/fr\/wp-json\/wp\/v2\/product"}],"about":[{"href":"https:\/\/theinvisiblecollection.com\/fr\/wp-json\/wp\/v2\/types\/product"}],"wp:featuredmedia":[{"embeddable":true,"href":"https:\/\/theinvisiblecollection.com\/fr\/wp-json\/wp\/v2\/media\/100700"}],"wp:attachment":[{"href":"https:\/\/theinvisiblecollection.com\/fr\/wp-json\/wp\/v2\/media?parent=39016"}],"wp:term":[{"taxonomy":"product_brand","embeddable":true,"href":"https:\/\/theinvisiblecollection.com\/fr\/wp-json\/wp\/v2\/product_brand?post=39016"},{"taxonomy":"product_cat","embeddable":true,"href":"https:\/\/theinvisiblecollection.com\/fr\/wp-json\/wp\/v2\/product_cat?post=39016"},{"taxonomy":"product_tag","embeddable":true,"href":"https:\/\/theinvisiblecollection.com\/fr\/wp-json\/wp\/v2\/product_tag?post=39016"},{"taxonomy":"product_designer","embeddable":true,"href":"https:\/\/theinvisiblecollection.com\/fr\/wp-json\/wp\/v2\/product_designer?post=39016"},{"taxonomy":"comfabric","embeddable":true,"href":"https:\/\/theinvisiblecollection.com\/fr\/wp-json\/wp\/v2\/comfabric?post=39016"},{"taxonomy":"manufacturer","embeddable":true,"href":"https:\/\/theinvisiblecollection.com\/fr\/wp-json\/wp\/v2\/manufacturer?post=39016"},{"taxonomy":"reporting_designer","embeddable":true,"href":"https:\/\/theinvisiblecollection.com\/fr\/wp-json\/wp\/v2\/reporting_designer?post=39016"},{"taxonomy":"samplecomfabric","embeddable":true,"href":"https:\/\/theinvisiblecollection.com\/fr\/wp-json\/wp\/v2\/samplecomfabric?post=39016"},{"taxonomy":"clubroom_product_designer","embeddable":true,"href":"https:\/\/theinvisiblecollection.com\/fr\/wp-json\/wp\/v2\/designer_clubroom?post=39016"}],"curies":[{"name":"wp","href":"https:\/\/api.w.org\/{rel}","templated":true}]}}