{"id":3902914,"date":"2022-09-16T16:55:20","date_gmt":"2022-09-16T15:55:20","guid":{"rendered":"https:\/\/theinvisiblecollection.com\/?post_type=product&#038;p=3902914"},"modified":"2026-05-01T07:37:59","modified_gmt":"2026-05-01T07:37:59","slug":"amande-haeghen-applique-blow","status":"publish","type":"product","link":"https:\/\/theinvisiblecollection.com\/fr\/produit\/amande-haeghen-applique-blow\/","title":{"rendered":"Applique Blow"},"content":{"rendered":"<div class=\"pro-content-txt below-product-slide\">\n<div class=\"pro-content-area readmore-full\">\n<p style=\"text-align: justify;\"><span class=\"TextRun SCXW210861562 BCX0\" lang=\"FR-FR\" xml:lang=\"FR-FR\" data-contrast=\"auto\"><span class=\"NormalTextRun SCXW210861562 BCX0\">L\u2019applique<\/span><span class=\"NormalTextRun SCXW210861562 BCX0\">\u00a0Wandlamp Blow dessin\u00e9e par Amande Haeghen\u00a0<\/span><span class=\"NormalTextRun SCXW210861562 BCX0\">est<\/span>\u00a0<span class=\"NormalTextRun SCXW210861562 BCX0\">comme<\/span>\u00a0<span class=\"NormalTextRun SCXW210861562 BCX0\">une<\/span>\u00a0<span class=\"NormalTextRun SCXW210861562 BCX0\">empreinte<\/span><span class=\"NormalTextRun SCXW210861562 BCX0\">\u00a0du corps absent. Elles\u00a0<\/span><span class=\"NormalTextRun SCXW210861562 BCX0\">figent<\/span><span class=\"NormalTextRun SCXW210861562 BCX0\">\u00a0un\u00a0<\/span><span class=\"NormalTextRun SCXW210861562 BCX0\">mouvement<\/span>\u00a0<span class=\"NormalTextRun SCXW210861562 BCX0\">imaginaire<\/span>\u00a0<span class=\"NormalTextRun SCXW210861562 BCX0\">cr\u00e9ant<\/span><span class=\"NormalTextRun SCXW210861562 BCX0\">\u00a0un souvenir de\u00a0<\/span><span class=\"NormalTextRun SCXW210861562 BCX0\">l\u00e9g\u00e8ret\u00e9<\/span>\u00a0<\/span><span class=\"TextRun SCXW210861562 BCX0\" lang=\"FR-FR\" xml:lang=\"FR-FR\" data-contrast=\"auto\"><span class=\"NormalTextRun SCXW210861562 BCX0\">\u00e9ternelle<\/span><\/span><span class=\"TextRun SCXW210861562 BCX0\" lang=\"FR-FR\" xml:lang=\"FR-FR\" data-contrast=\"auto\"><span class=\"NormalTextRun SCXW210861562 BCX0\">.\u00a0<\/span><span class=\"NormalTextRun SCXW210861562 BCX0\">R\u00e9alis\u00e9e<\/span>\u00a0<span class=\"NormalTextRun SCXW210861562 BCX0\">en<\/span>\u00a0<span class=\"NormalTextRun SCXW210861562 BCX0\">gr\u00e8s<\/span>\u00a0<span class=\"NormalTextRun SCXW210861562 BCX0\">ou<\/span>\u00a0<span class=\"NormalTextRun SCXW210861562 BCX0\">en<\/span>\u00a0<span class=\"NormalTextRun SCXW210861562 BCX0\">porcelaine<\/span><span class=\"NormalTextRun SCXW210861562 BCX0\">\u00a0et\u00a0<\/span><span class=\"NormalTextRun SCXW210861562 BCX0\">fabriqu\u00e9e<\/span><\/span><span class=\"TextRun SCXW210861562 BCX0\" lang=\"FR-FR\" xml:lang=\"FR-FR\" data-contrast=\"auto\"><span class=\"NormalTextRun SCXW210861562 BCX0\">\u00a0\u00e0 la main,\u00a0<\/span><\/span><span class=\"TextRun SCXW210861562 BCX0\" lang=\"FR-FR\" xml:lang=\"FR-FR\" data-contrast=\"auto\"><span class=\"NormalTextRun SCXW210861562 BCX0\">chaque<\/span><span class=\"NormalTextRun SCXW210861562 BCX0\">\u00a0pi\u00e8ce\u00a0<\/span><span class=\"NormalTextRun SCXW210861562 BCX0\">est<\/span><span class=\"NormalTextRun SCXW210861562 BCX0\">\u00a0unique.\u00a0<\/span><span class=\"NormalTextRun SCXW210861562 BCX0\">Ses<\/span><span class=\"NormalTextRun SCXW210861562 BCX0\">\u00a0ombres\u00a0<\/span><span class=\"NormalTextRun SCXW210861562 BCX0\">port\u00e9es<\/span><span class=\"NormalTextRun SCXW210861562 BCX0\">\u00a0se\u00a0<\/span><span class=\"NormalTextRun SCXW210861562 BCX0\">d\u00e9placent<\/span><span class=\"NormalTextRun SCXW210861562 BCX0\">\u00a0au fil de la\u00a0<\/span><span class=\"NormalTextRun SCXW210861562 BCX0\">journ\u00e9e<\/span><span class=\"NormalTextRun SCXW210861562 BCX0\">, dans\u00a0<\/span><span class=\"NormalTextRun SCXW210861562 BCX0\">une<\/span>\u00a0<span class=\"NormalTextRun SCXW210861562 BCX0\">chor\u00e9graphie<\/span>\u00a0<span class=\"NormalTextRun SCXW210861562 BCX0\">sensuelle<\/span><span class=\"NormalTextRun SCXW210861562 BCX0\">.\u00a0<\/span><span class=\"NormalTextRun SCXW210861562 BCX0\">Lorsqu\u2019elle<\/span>\u00a0<span class=\"NormalTextRun SCXW210861562 BCX0\">est<\/span>\u00a0<\/span><span class=\"TextRun SCXW210861562 BCX0\" lang=\"FR-FR\" xml:lang=\"FR-FR\" data-contrast=\"auto\"><span class=\"NormalTextRun SCXW210861562 BCX0\">\u00e9clair\u00e9e<\/span><\/span><span class=\"TextRun SCXW210861562 BCX0\" lang=\"FR-FR\" xml:lang=\"FR-FR\" data-contrast=\"auto\"><span class=\"NormalTextRun SCXW210861562 BCX0\">,\u00a0<\/span><span class=\"NormalTextRun SCXW210861562 BCX0\">elle<\/span>\u00a0<span class=\"NormalTextRun SCXW210861562 BCX0\">r\u00e9v\u00e8le<\/span>\u00a0<span class=\"NormalTextRun SCXW210861562 BCX0\">sa<\/span>\u00a0<span class=\"NormalTextRun SCXW210861562 BCX0\">chaleur<\/span><span class=\"NormalTextRun SCXW210861562 BCX0\">\u00a0et\u00a0<\/span><span class=\"NormalTextRun SCXW210861562 BCX0\">projette<\/span>\u00a0<span class=\"NormalTextRun SCXW210861562 BCX0\">sa<\/span><span class=\"NormalTextRun SCXW210861562 BCX0\">\u00a0lumi\u00e8re\u00a0<\/span><span class=\"NormalTextRun SCXW210861562 BCX0\">tamis\u00e9e<\/span><span class=\"NormalTextRun SCXW210861562 BCX0\">\u00a0tout\u00a0<\/span><span class=\"NormalTextRun SCXW210861562 BCX0\">autour<\/span>\u00a0<span class=\"NormalTextRun SCXW210861562 BCX0\">d\u2019elle<\/span><span class=\"NormalTextRun SCXW210861562 BCX0\">.<\/span><\/span><\/p>\n<\/div>\n<\/div>\n","protected":false},"excerpt":{"rendered":"<p>L\u2019applique\u00a0Wandlamp Blow dessin\u00e9e par Amande Haeghen\u00a0est\u00a0comme\u00a0une\u00a0empreinte\u00a0du corps absent. Elles\u00a0figent\u00a0un\u00a0mouvement\u00a0imaginaire\u00a0cr\u00e9ant\u00a0un souvenir de\u00a0l\u00e9g\u00e8ret\u00e9\u00a0\u00e9ternelle.\u00a0R\u00e9alis\u00e9e\u00a0en\u00a0gr\u00e8s\u00a0ou\u00a0en\u00a0porcelaine\u00a0et\u00a0fabriqu\u00e9e\u00a0\u00e0 la main,\u00a0chaque\u00a0pi\u00e8ce\u00a0est\u00a0unique.\u00a0Ses\u00a0ombres\u00a0port\u00e9es\u00a0se\u00a0d\u00e9placent\u00a0au fil de la\u00a0journ\u00e9e, dans\u00a0une\u00a0chor\u00e9graphie\u00a0sensuelle.\u00a0Lorsqu\u2019elle\u00a0est\u00a0\u00e9clair\u00e9e,\u00a0elle\u00a0r\u00e9v\u00e8le\u00a0sa\u00a0chaleur\u00a0et\u00a0projette\u00a0sa\u00a0lumi\u00e8re\u00a0tamis\u00e9e\u00a0tout\u00a0autour\u00a0d\u2019elle.<\/p>\n","protected":false},"featured_media":560101,"template":"","meta":{"_acf_changed":false,"content-type":"","_themeisle_gutenberg_block_has_review":false},"product_brand":[],"product_cat":[8975,12507],"product_tag":[7435,31474,31475,31476,31477,35206],"product_designer":[18613],"comfabric":[],"manufacturer":[18611],"reporting_designer":[37703],"samplecomfabric":[],"designer_clubroom":[],"class_list":{"0":"post-3902914","1":"product","2":"type-product","3":"status-publish","4":"has-post-thumbnail","6":"product_cat-appliques-murales","7":"product_cat-luminaires","8":"product_tag-new-in-fr","9":"product_tag-co-white-fr","10":"product_tag-st-ceramic-fr","11":"product_tag-st-collectible-fr","12":"product_tag-st-curvy-fr","13":"product_tag-exclusive-fr","14":"pa_size-grand-fr","15":"pa_size-petit-fr","16":"product_designer-amande-haeghen-fr","17":"manufacturer-amande-haeghen-fr","18":"reporting_designer-amande-haeghen","20":"first","21":"instock","22":"taxable","23":"shipping-taxable","24":"purchasable","25":"product-type-variable"},"acf":[],"_links":{"self":[{"href":"https:\/\/theinvisiblecollection.com\/fr\/wp-json\/wp\/v2\/product\/3902914","targetHints":{"allow":["GET"]}}],"collection":[{"href":"https:\/\/theinvisiblecollection.com\/fr\/wp-json\/wp\/v2\/product"}],"about":[{"href":"https:\/\/theinvisiblecollection.com\/fr\/wp-json\/wp\/v2\/types\/product"}],"wp:featuredmedia":[{"embeddable":true,"href":"https:\/\/theinvisiblecollection.com\/fr\/wp-json\/wp\/v2\/media\/560101"}],"wp:attachment":[{"href":"https:\/\/theinvisiblecollection.com\/fr\/wp-json\/wp\/v2\/media?parent=3902914"}],"wp:term":[{"taxonomy":"product_brand","embeddable":true,"href":"https:\/\/theinvisiblecollection.com\/fr\/wp-json\/wp\/v2\/product_brand?post=3902914"},{"taxonomy":"product_cat","embeddable":true,"href":"https:\/\/theinvisiblecollection.com\/fr\/wp-json\/wp\/v2\/product_cat?post=3902914"},{"taxonomy":"product_tag","embeddable":true,"href":"https:\/\/theinvisiblecollection.com\/fr\/wp-json\/wp\/v2\/product_tag?post=3902914"},{"taxonomy":"product_designer","embeddable":true,"href":"https:\/\/theinvisiblecollection.com\/fr\/wp-json\/wp\/v2\/product_designer?post=3902914"},{"taxonomy":"comfabric","embeddable":true,"href":"https:\/\/theinvisiblecollection.com\/fr\/wp-json\/wp\/v2\/comfabric?post=3902914"},{"taxonomy":"manufacturer","embeddable":true,"href":"https:\/\/theinvisiblecollection.com\/fr\/wp-json\/wp\/v2\/manufacturer?post=3902914"},{"taxonomy":"reporting_designer","embeddable":true,"href":"https:\/\/theinvisiblecollection.com\/fr\/wp-json\/wp\/v2\/reporting_designer?post=3902914"},{"taxonomy":"samplecomfabric","embeddable":true,"href":"https:\/\/theinvisiblecollection.com\/fr\/wp-json\/wp\/v2\/samplecomfabric?post=3902914"},{"taxonomy":"clubroom_product_designer","embeddable":true,"href":"https:\/\/theinvisiblecollection.com\/fr\/wp-json\/wp\/v2\/designer_clubroom?post=3902914"}],"curies":[{"name":"wp","href":"https:\/\/api.w.org\/{rel}","templated":true}]}}