{"id":3905278,"date":"2023-09-27T15:00:27","date_gmt":"2023-09-27T14:00:27","guid":{"rendered":"https:\/\/theinvisiblecollection.com\/?post_type=product&#038;p=3905278"},"modified":"2026-05-01T07:37:59","modified_gmt":"2026-05-01T07:37:59","slug":"studio-mtx-les-voiles-sunset","status":"publish","type":"product","link":"https:\/\/theinvisiblecollection.com\/fr\/produit\/studio-mtx-les-voiles-sunset\/","title":{"rendered":"Les Voiles Sunset"},"content":{"rendered":"<p style=\"text-align: justify;\">A la fois d\u00e9coratifs et fonctionnels, les Voiles de Studio MTX sont une nouvelle approche des stores classiques et des panneaux s\u00e9paratifs int\u00e9rieurs. Avec le sens de la composition et des accords de mati\u00e8re qui font la renomm\u00e9e du studio, cette proposition m\u00e9lange les genres. Elle combine la souplesse du tissu \u00e0 la rigidit\u00e9 du m\u00e9tal et associe le tomb\u00e9 l\u00e9g\u00e8rement ondoyant d\u2019un rideau \u00e0 la pr\u00e9cision des pi\u00e8ces m\u00e9talliques qui l\u2019animent. Plac\u00e9s devant des fen\u00eatres ou en s\u00e9paration d\u2019espace, les quatre mod\u00e8les propos\u00e9s offrent une solution cr\u00e9ative pour maintenir la lumi\u00e8re naturelle tout en prot\u00e9geant l\u2019intimit\u00e9. Les Voiles Blank, simplement soulign\u00e9s d\u2019un aplat de m\u00e9tal, permettent des compositions miminales ou se marient avec d&#8217;autres mod\u00e8les de Voiles pour des cr\u00e9ations plus sophistiqu\u00e9es.<\/p>\n","protected":false},"excerpt":{"rendered":"<p>Discoball compos\u00e9e de triangles miroir en PMMA enti\u00e8rement assembl\u00e9s \u00e0 la main, \u00e0 l&#8217;aide de connexions imprim\u00e9es en 3D et de vis en laiton massif<br \/>\nDisponible en <a href=\"https:\/\/theinvisiblecollection.com\/fr\/produit\/studio-mtx-boule-disco-alpha-centauri-chrome\/\" target=\"_blank\" rel=\"noopener\"><span style=\"text-decoration: underline;\">chrome<\/span><\/a>, <a href=\"https:\/\/theinvisiblecollection.com\/fr\/produit\/studio-mtx-boule-disco-alpha-centauri-or\/\" target=\"_blank\" rel=\"noopener\"><span style=\"text-decoration: underline;\">or<\/span><\/a>, <a href=\"https:\/\/theinvisiblecollection.com\/fr\/produit\/studio-mtx-boule-disco-alpha-centauri-bleu-noir\/\" target=\"_blank\" rel=\"noopener\"><span style=\"text-decoration: underline;\">bleu noir<\/span><\/a>\u00a0et <a href=\"https:\/\/theinvisiblecollection.com\/fr\/produit\/studio-mtx-boule-disco-alpha-centauri-or-rose\/\" target=\"_blank\" rel=\"noopener\"><span style=\"text-decoration: underline;\">or rose<\/span><\/a><br \/>\n<a href=\"https:\/\/theinvisiblecollection.com\/wp-content\/uploads\/2022\/12\/TheInvisibleCollection_StudioMTX_Colour-Selection_Discoball.pdf\" target=\"_blank\" rel=\"noopener\"><span style=\"text-decoration: underline;\">D\u00e9couvrez la s\u00e9lection de couleurs ici<\/span><\/a><br \/>\nFil d&#8217;acier et auvent assortis \u00e0 la couleur de la discoball<br \/>\nVitesse de rotation recommand\u00e9e du moteur 3RPM, 110V \u00e0 160V<br \/>\nProjecteur et moteur non inclus<\/p>\n<p>\u00d8 60 cm<br \/>\nFil d&#8217;acier : 2 m<\/p>\n<p>Fabriqu\u00e9e \u00e0 la main en France<br \/>\nD\u00e9lais de fabrication : 6 &#8211; 8 semaines<\/p>\n<p><span style=\"text-decoration: underline;\"><a href=\"https:\/\/www.theinvisiblecollection.com\/fr\/demande-de-devis\/?product_id=1320301\" target=\"_blank\" rel=\"noopener\">Contactez-nous pour toute demande de devis ou de renseignements<\/a><\/span><\/p>\n","protected":false},"featured_media":3975895,"template":"","meta":{"_acf_changed":false,"content-type":"","_themeisle_gutenberg_block_has_review":false},"product_brand":[],"product_cat":[7517,8978,12501],"product_tag":[31476],"product_designer":[20420],"comfabric":[],"manufacturer":[20424],"reporting_designer":[37707],"samplecomfabric":[],"designer_clubroom":[],"class_list":{"0":"post-3905278","1":"product","2":"type-product","3":"status-publish","4":"has-post-thumbnail","6":"product_cat-deco-fr","7":"product_cat-paravents","8":"product_cat-chambre-a-coucher","9":"product_tag-st-collectible-fr","10":"product_designer-studio-mtx-fr","11":"manufacturer-19m-studio-mtx-fr","12":"reporting_designer-studio-mtx","13":"exhibitions-paris-fr","15":"first","16":"instock","17":"taxable","18":"shipping-taxable","19":"purchasable","20":"product-type-variable"},"acf":[],"_links":{"self":[{"href":"https:\/\/theinvisiblecollection.com\/fr\/wp-json\/wp\/v2\/product\/3905278","targetHints":{"allow":["GET"]}}],"collection":[{"href":"https:\/\/theinvisiblecollection.com\/fr\/wp-json\/wp\/v2\/product"}],"about":[{"href":"https:\/\/theinvisiblecollection.com\/fr\/wp-json\/wp\/v2\/types\/product"}],"wp:featuredmedia":[{"embeddable":true,"href":"https:\/\/theinvisiblecollection.com\/fr\/wp-json\/wp\/v2\/media\/3975895"}],"wp:attachment":[{"href":"https:\/\/theinvisiblecollection.com\/fr\/wp-json\/wp\/v2\/media?parent=3905278"}],"wp:term":[{"taxonomy":"product_brand","embeddable":true,"href":"https:\/\/theinvisiblecollection.com\/fr\/wp-json\/wp\/v2\/product_brand?post=3905278"},{"taxonomy":"product_cat","embeddable":true,"href":"https:\/\/theinvisiblecollection.com\/fr\/wp-json\/wp\/v2\/product_cat?post=3905278"},{"taxonomy":"product_tag","embeddable":true,"href":"https:\/\/theinvisiblecollection.com\/fr\/wp-json\/wp\/v2\/product_tag?post=3905278"},{"taxonomy":"product_designer","embeddable":true,"href":"https:\/\/theinvisiblecollection.com\/fr\/wp-json\/wp\/v2\/product_designer?post=3905278"},{"taxonomy":"comfabric","embeddable":true,"href":"https:\/\/theinvisiblecollection.com\/fr\/wp-json\/wp\/v2\/comfabric?post=3905278"},{"taxonomy":"manufacturer","embeddable":true,"href":"https:\/\/theinvisiblecollection.com\/fr\/wp-json\/wp\/v2\/manufacturer?post=3905278"},{"taxonomy":"reporting_designer","embeddable":true,"href":"https:\/\/theinvisiblecollection.com\/fr\/wp-json\/wp\/v2\/reporting_designer?post=3905278"},{"taxonomy":"samplecomfabric","embeddable":true,"href":"https:\/\/theinvisiblecollection.com\/fr\/wp-json\/wp\/v2\/samplecomfabric?post=3905278"},{"taxonomy":"clubroom_product_designer","embeddable":true,"href":"https:\/\/theinvisiblecollection.com\/fr\/wp-json\/wp\/v2\/designer_clubroom?post=3905278"}],"curies":[{"name":"wp","href":"https:\/\/api.w.org\/{rel}","templated":true}]}}