{"id":3906537,"date":"2023-10-02T14:57:20","date_gmt":"2023-10-02T13:57:20","guid":{"rendered":"https:\/\/theinvisiblecollection.com\/?post_type=product&#038;p=3906537"},"modified":"2026-05-08T04:39:13","modified_gmt":"2026-05-08T04:39:13","slug":"cluroom-leo-sentou-chaise-g-j","status":"publish","type":"product","link":"https:\/\/theinvisiblecollection.com\/fr\/produit\/cluroom-leo-sentou-chaise-g-j\/","title":{"rendered":"Chaise G.J"},"content":{"rendered":"<p style=\"text-align: justify;\">La Chaise G.J de Leo Sentou a une assise circulaire inspir\u00e9e par une chaise fabriqu\u00e9e par le maitre \u00e9b\u00e9niste Georges Jacob (1739-1814). Le dossier est une interpretation contemporaine d\u2019une forme en fer a cheval, elle aussi typique du mobilier Louis XVI.<\/p>\n","protected":false},"excerpt":{"rendered":"<ul>\n<li>Chaise tapiss\u00e9e en Pierre Frey Cheyenne, couleur naturel<\/li>\n<li>Structure en ch\u00eane chaul\u00e9<\/li>\n<\/ul>\n","protected":false},"featured_media":3944195,"template":"","meta":{"_acf_changed":false,"content-type":"","_themeisle_gutenberg_block_has_review":false},"product_brand":[],"product_cat":[8962,12499],"product_tag":[22790],"product_designer":[],"comfabric":[],"manufacturer":[21981],"reporting_designer":[],"samplecomfabric":[],"designer_clubroom":[21967],"class_list":{"0":"post-3906537","1":"product","2":"type-product","3":"status-publish","4":"has-post-thumbnail","6":"clubroom_taxonomies-boutiques","7":"product_cat-chaises","8":"product_cat-assises","9":"product_tag-disponible-immediatement","10":"manufacturer-leo-sentou-fr","11":"clubroom_product_designer-leo-sentou-fr","12":"exhibitions-paris-fr","14":"first","15":"instock","16":"taxable","17":"shipping-taxable","18":"purchasable","19":"product-type-simple"},"acf":[],"_links":{"self":[{"href":"https:\/\/theinvisiblecollection.com\/fr\/wp-json\/wp\/v2\/product\/3906537","targetHints":{"allow":["GET"]}}],"collection":[{"href":"https:\/\/theinvisiblecollection.com\/fr\/wp-json\/wp\/v2\/product"}],"about":[{"href":"https:\/\/theinvisiblecollection.com\/fr\/wp-json\/wp\/v2\/types\/product"}],"wp:featuredmedia":[{"embeddable":true,"href":"https:\/\/theinvisiblecollection.com\/fr\/wp-json\/wp\/v2\/media\/3944195"}],"wp:attachment":[{"href":"https:\/\/theinvisiblecollection.com\/fr\/wp-json\/wp\/v2\/media?parent=3906537"}],"wp:term":[{"taxonomy":"product_brand","embeddable":true,"href":"https:\/\/theinvisiblecollection.com\/fr\/wp-json\/wp\/v2\/product_brand?post=3906537"},{"taxonomy":"product_cat","embeddable":true,"href":"https:\/\/theinvisiblecollection.com\/fr\/wp-json\/wp\/v2\/product_cat?post=3906537"},{"taxonomy":"product_tag","embeddable":true,"href":"https:\/\/theinvisiblecollection.com\/fr\/wp-json\/wp\/v2\/product_tag?post=3906537"},{"taxonomy":"product_designer","embeddable":true,"href":"https:\/\/theinvisiblecollection.com\/fr\/wp-json\/wp\/v2\/product_designer?post=3906537"},{"taxonomy":"comfabric","embeddable":true,"href":"https:\/\/theinvisiblecollection.com\/fr\/wp-json\/wp\/v2\/comfabric?post=3906537"},{"taxonomy":"manufacturer","embeddable":true,"href":"https:\/\/theinvisiblecollection.com\/fr\/wp-json\/wp\/v2\/manufacturer?post=3906537"},{"taxonomy":"reporting_designer","embeddable":true,"href":"https:\/\/theinvisiblecollection.com\/fr\/wp-json\/wp\/v2\/reporting_designer?post=3906537"},{"taxonomy":"samplecomfabric","embeddable":true,"href":"https:\/\/theinvisiblecollection.com\/fr\/wp-json\/wp\/v2\/samplecomfabric?post=3906537"},{"taxonomy":"clubroom_product_designer","embeddable":true,"href":"https:\/\/theinvisiblecollection.com\/fr\/wp-json\/wp\/v2\/designer_clubroom?post=3906537"}],"curies":[{"name":"wp","href":"https:\/\/api.w.org\/{rel}","templated":true}]}}