{"id":39071,"date":"2020-02-17T00:00:00","date_gmt":"2020-02-17T00:00:00","guid":{"rendered":"https:\/\/www.theinvisiblecollection.com\/product\/suspension-king-sun-murano-noir-et-blanc\/"},"modified":"2026-05-01T07:39:50","modified_gmt":"2026-05-01T07:39:50","slug":"pierre-gonalons-suspension-king-sun-murano-noir-et-blanc","status":"publish","type":"product","link":"https:\/\/theinvisiblecollection.com\/fr\/produit\/pierre-gonalons-suspension-king-sun-murano-noir-et-blanc\/","title":{"rendered":"Suspension King Sun Murano Noir et Blanc"},"content":{"rendered":"<p style=\"text-align: justify;\">La collection King Sun Murano est un concept de luminaires m\u00ealant le design de Pierre Gonalons et la technique traditionnelle du verre de Murano r\u00e9invent\u00e9e par Stories of Italy : Macchia su Macchia. L&#8217;effet fantastique de cette nouvelle finition est accentu\u00e9 par la lumi\u00e8re. Les globes de verre sont souffl\u00e9s \u00e0 Murano, puis moul\u00e9s et d\u00e9form\u00e9s pour leur donner un aspect fait main. King Sun Murano rappelle les \u00e9clairages italiens des ann\u00e9es 40 produits \u00e0 Murano de fa\u00e7on spectaculaire et contemporaine.<\/p>\n","protected":false},"excerpt":{"rendered":"<p>Pierre Gonalons &amp; Stories of Italy<br \/>\nGlobe en verre souffl\u00e9 de Murano, structure en laiton bross\u00e9, cable \u00e9lectrique en tissu noir<br \/>\n\u00c9lectrification adapt\u00e9e \u00e0 l&#8217;Europe et aux \u00c9tats-Unis<br \/>\nDimensions, couleurs et mat\u00e9riaux sur-mesure sur demande<\/p>\n<p>\u00d8 30 x H 150 cm<\/p>\n<p>Fabriqu\u00e9e \u00e0 la main en Italie et France<br \/>\nD\u00e9lais de production : 4 \u2014 5 semaines<\/p>\n<p><span style=\"text-decoration: underline;\"><a href=\"https:\/\/www.theinvisiblecollection.com\/fr\/demande-de-devis\/?product_id=39071\">Contactez-nous pour toute demande de devis ou de renseignements<\/a><\/span><\/p>\n","protected":false},"featured_media":80054,"template":"","meta":{"_acf_changed":false,"content-type":"","_themeisle_gutenberg_block_has_review":false},"product_brand":[],"product_cat":[8961,12507],"product_tag":[31477,8990,9060,9200,11248,11670,31476],"product_designer":[8910],"comfabric":[],"manufacturer":[35400],"reporting_designer":[37878],"samplecomfabric":[],"designer_clubroom":[],"class_list":{"0":"post-39071","1":"product","2":"type-product","3":"status-publish","4":"has-post-thumbnail","6":"product_cat-suspensions","7":"product_cat-luminaires","8":"product_tag-st-curvy-fr","9":"product_tag-applique-murale","10":"product_tag-verre","11":"product_tag-luminaire-fr-2","12":"product_tag-pierre-gonalons-fr-2","13":"product_tag-king-sun-fr-fr","14":"product_tag-st-collectible-fr","15":"product_designer-pierre-gonalons-fr","16":"manufacturer-pierre-gonalons-pick-up-montceaux-fr","17":"reporting_designer-pierre-gonalons","18":"exhibitions-los-angeles-fr","20":"first","21":"instock","22":"taxable","23":"shipping-taxable","24":"purchasable","25":"product-type-variable"},"acf":[],"_links":{"self":[{"href":"https:\/\/theinvisiblecollection.com\/fr\/wp-json\/wp\/v2\/product\/39071","targetHints":{"allow":["GET"]}}],"collection":[{"href":"https:\/\/theinvisiblecollection.com\/fr\/wp-json\/wp\/v2\/product"}],"about":[{"href":"https:\/\/theinvisiblecollection.com\/fr\/wp-json\/wp\/v2\/types\/product"}],"wp:featuredmedia":[{"embeddable":true,"href":"https:\/\/theinvisiblecollection.com\/fr\/wp-json\/wp\/v2\/media\/80054"}],"wp:attachment":[{"href":"https:\/\/theinvisiblecollection.com\/fr\/wp-json\/wp\/v2\/media?parent=39071"}],"wp:term":[{"taxonomy":"product_brand","embeddable":true,"href":"https:\/\/theinvisiblecollection.com\/fr\/wp-json\/wp\/v2\/product_brand?post=39071"},{"taxonomy":"product_cat","embeddable":true,"href":"https:\/\/theinvisiblecollection.com\/fr\/wp-json\/wp\/v2\/product_cat?post=39071"},{"taxonomy":"product_tag","embeddable":true,"href":"https:\/\/theinvisiblecollection.com\/fr\/wp-json\/wp\/v2\/product_tag?post=39071"},{"taxonomy":"product_designer","embeddable":true,"href":"https:\/\/theinvisiblecollection.com\/fr\/wp-json\/wp\/v2\/product_designer?post=39071"},{"taxonomy":"comfabric","embeddable":true,"href":"https:\/\/theinvisiblecollection.com\/fr\/wp-json\/wp\/v2\/comfabric?post=39071"},{"taxonomy":"manufacturer","embeddable":true,"href":"https:\/\/theinvisiblecollection.com\/fr\/wp-json\/wp\/v2\/manufacturer?post=39071"},{"taxonomy":"reporting_designer","embeddable":true,"href":"https:\/\/theinvisiblecollection.com\/fr\/wp-json\/wp\/v2\/reporting_designer?post=39071"},{"taxonomy":"samplecomfabric","embeddable":true,"href":"https:\/\/theinvisiblecollection.com\/fr\/wp-json\/wp\/v2\/samplecomfabric?post=39071"},{"taxonomy":"clubroom_product_designer","embeddable":true,"href":"https:\/\/theinvisiblecollection.com\/fr\/wp-json\/wp\/v2\/designer_clubroom?post=39071"}],"curies":[{"name":"wp","href":"https:\/\/api.w.org\/{rel}","templated":true}]}}