{"id":39118,"date":"2019-11-26T00:00:00","date_gmt":"2019-11-26T00:00:00","guid":{"rendered":"https:\/\/www.theinvisiblecollection.com\/product\/table-atelier\/"},"modified":"2026-05-01T07:39:50","modified_gmt":"2026-05-01T07:39:50","slug":"mayaro-editions-table-atelier","status":"publish","type":"product","link":"https:\/\/theinvisiblecollection.com\/fr\/produit\/mayaro-editions-table-atelier\/","title":{"rendered":"Table Atelier"},"content":{"rendered":"<p>Con\u00e7ue par Virieu di Petrillo pour Mayaro<\/p>\n<p style=\"text-align: justify;\">Inspir\u00e9e de la table de travail du bijoutier, caract\u00e9ris\u00e9e par l&#8217;empreinte semi-circulaire, la Table Atelier est parfaite comme table d&#8217;atelier ou de r\u00e9union. Les bords sont recouverts de cuir, afin d&#8217;ajouter une touche de douceur au contact de la table. Elle a \u00e9t\u00e9 imagin\u00e9e par Virieu di Petrillo.<\/p>\n","protected":false},"excerpt":{"rendered":"<p>Plateau de table en bouleau et cuir<br \/>\nCuir disponible en orange, rouge, bleu et marron<br \/>\nPi\u00e9tement en ch\u00eane<\/p>\n<p>L 225 x l 150 x H 85 cm<\/p>\n<p>Fabriqu\u00e9e \u00e0 la main en France<br \/>\nD\u00e9lais de production : 8 semaines minimum<\/p>\n<p class=\"p1\"><span class=\"s1\"><a href=\"https:\/\/www.theinvisiblecollection.com\/fr\/contact-produit\/?product_id=39118\">Contactez-nous pour toute demande de devis ou de renseignements<\/a><\/span><\/p>\n","protected":false},"featured_media":3051744,"template":"","meta":{"_acf_changed":false,"content-type":"","_themeisle_gutenberg_block_has_review":false},"product_brand":[],"product_cat":[8977,12503],"product_tag":[31477],"product_designer":[8894],"comfabric":[],"manufacturer":[16730],"reporting_designer":[37226],"samplecomfabric":[],"designer_clubroom":[],"class_list":{"0":"post-39118","1":"product","2":"type-product","3":"status-publish","4":"has-post-thumbnail","6":"product_cat-tables-salle-a-manger","7":"product_cat-tables-fr","8":"product_tag-st-curvy-fr","9":"pa_leather-bleu-fr","10":"pa_leather-marron-fr","11":"pa_leather-orange-fr","12":"pa_leather-rouge-fr","13":"product_designer-mayaro-editions-fr","14":"manufacturer-mayaro-editions-fr","15":"reporting_designer-mayaro-editions","16":"exhibitions-paris-fr","18":"first","19":"instock","20":"taxable","21":"shipping-taxable","22":"purchasable","23":"product-type-variable"},"acf":[],"_links":{"self":[{"href":"https:\/\/theinvisiblecollection.com\/fr\/wp-json\/wp\/v2\/product\/39118","targetHints":{"allow":["GET"]}}],"collection":[{"href":"https:\/\/theinvisiblecollection.com\/fr\/wp-json\/wp\/v2\/product"}],"about":[{"href":"https:\/\/theinvisiblecollection.com\/fr\/wp-json\/wp\/v2\/types\/product"}],"wp:featuredmedia":[{"embeddable":true,"href":"https:\/\/theinvisiblecollection.com\/fr\/wp-json\/wp\/v2\/media\/3051744"}],"wp:attachment":[{"href":"https:\/\/theinvisiblecollection.com\/fr\/wp-json\/wp\/v2\/media?parent=39118"}],"wp:term":[{"taxonomy":"product_brand","embeddable":true,"href":"https:\/\/theinvisiblecollection.com\/fr\/wp-json\/wp\/v2\/product_brand?post=39118"},{"taxonomy":"product_cat","embeddable":true,"href":"https:\/\/theinvisiblecollection.com\/fr\/wp-json\/wp\/v2\/product_cat?post=39118"},{"taxonomy":"product_tag","embeddable":true,"href":"https:\/\/theinvisiblecollection.com\/fr\/wp-json\/wp\/v2\/product_tag?post=39118"},{"taxonomy":"product_designer","embeddable":true,"href":"https:\/\/theinvisiblecollection.com\/fr\/wp-json\/wp\/v2\/product_designer?post=39118"},{"taxonomy":"comfabric","embeddable":true,"href":"https:\/\/theinvisiblecollection.com\/fr\/wp-json\/wp\/v2\/comfabric?post=39118"},{"taxonomy":"manufacturer","embeddable":true,"href":"https:\/\/theinvisiblecollection.com\/fr\/wp-json\/wp\/v2\/manufacturer?post=39118"},{"taxonomy":"reporting_designer","embeddable":true,"href":"https:\/\/theinvisiblecollection.com\/fr\/wp-json\/wp\/v2\/reporting_designer?post=39118"},{"taxonomy":"samplecomfabric","embeddable":true,"href":"https:\/\/theinvisiblecollection.com\/fr\/wp-json\/wp\/v2\/samplecomfabric?post=39118"},{"taxonomy":"clubroom_product_designer","embeddable":true,"href":"https:\/\/theinvisiblecollection.com\/fr\/wp-json\/wp\/v2\/designer_clubroom?post=39118"}],"curies":[{"name":"wp","href":"https:\/\/api.w.org\/{rel}","templated":true}]}}