{"id":3914348,"date":"2023-09-28T14:01:49","date_gmt":"2023-09-28T13:01:49","guid":{"rendered":"https:\/\/theinvisiblecollection.com\/?post_type=product&#038;p=3914348"},"modified":"2026-05-01T07:37:59","modified_gmt":"2026-05-01T07:37:59","slug":"ozone-plafonnier-luxembourg-c","status":"publish","type":"product","link":"https:\/\/theinvisiblecollection.com\/fr\/produit\/ozone-plafonnier-luxembourg-c\/","title":{"rendered":"Plafonnier Luxembourg C"},"content":{"rendered":"<p style=\"text-align: justify;\">Ozone a collabor\u00e9 \u00e0 la magnifique r\u00e9novation du Ch\u00e2teau P\u00e9desclaux \u00e0 Pauillac, en d\u00e9veloppant et fabriquant 5 lustres dessin\u00e9s par Jean-Michel Wilmotte. La collection Luxembourg \u00e9dit\u00e9e par Ozone est n\u00e9e de ce projet.<\/p>\n","protected":false},"excerpt":{"rendered":"<p>Design par Jean-Michel Wilmotte<\/p>\n<p>Lustre avec structure en laiton et aluminium<br \/>\nFinition en bronze ou canon de fusil<br \/>\nDiffusant Onyx blanc adouci<\/p>\n<p>Petit model : Eclairage LED blanc chaud 2200 K vers le bas, 111 W, 3000 Lumens<br \/>\nGrand model : Eclairage LED blanc chaud 2200 K vers le bas, 209 W, 5600 Lumens<\/p>\n<p>Model de diffusant :<br \/>\nPetit : \u00d8 90 cm<br \/>\nLarge : \u00d8 120 cm<\/p>\n<p>Hauteur de la structure :<br \/>\nH 100 cm ou H 60 cm<\/p>\n<p>Fabriqu\u00e9 \u00e0 la main en France<br \/>\nD\u00e9lais de fabrication : 12 \u2013 14 semaines<\/p>\n<p class=\"p1\"><span style=\"text-decoration: underline;\"><span class=\"s1\"><a href=\"https:\/\/www.theinvisiblecollection.com\/fr\/demande-de-devis\/?product_id=63364\">Contactez-nous pour toute demande de devis ou de renseignements<\/a><\/span><\/span><\/p>\n","protected":false},"featured_media":3914462,"template":"","meta":{"_acf_changed":false,"content-type":"","_themeisle_gutenberg_block_has_review":false},"product_brand":[],"product_cat":[8961,12507],"product_tag":[35206,9200,9237,9319,9446,9450,11960,22680],"product_designer":[11898,12290],"comfabric":[],"manufacturer":[16738],"reporting_designer":[37576],"samplecomfabric":[],"designer_clubroom":[],"class_list":{"0":"post-3914348","1":"product","2":"type-product","3":"status-publish","4":"has-post-thumbnail","6":"product_cat-suspensions","7":"product_cat-luminaires","8":"product_tag-exclusive-fr","9":"product_tag-luminaire-fr-2","10":"product_tag-lampe-fr-2","11":"product_tag-plafond","12":"product_tag-suspension","13":"product_tag-suspension-fr-3","14":"product_tag-ozone-fr","15":"product_tag-applique-murale-fr","16":"pa_material-acrylique-blanc-givre","17":"pa_material-onyx-fr","18":"pa_size-l-280-x-l-100-x-h-80-fr","19":"pa_size-petit","20":"product_designer-ozone-fr","21":"product_designer-wilmotte-par-ozone","22":"manufacturer-ozone-fr","23":"reporting_designer-ozone","25":"first","26":"instock","27":"taxable","28":"shipping-taxable","29":"purchasable","30":"product-type-variable"},"acf":[],"_links":{"self":[{"href":"https:\/\/theinvisiblecollection.com\/fr\/wp-json\/wp\/v2\/product\/3914348","targetHints":{"allow":["GET"]}}],"collection":[{"href":"https:\/\/theinvisiblecollection.com\/fr\/wp-json\/wp\/v2\/product"}],"about":[{"href":"https:\/\/theinvisiblecollection.com\/fr\/wp-json\/wp\/v2\/types\/product"}],"wp:featuredmedia":[{"embeddable":true,"href":"https:\/\/theinvisiblecollection.com\/fr\/wp-json\/wp\/v2\/media\/3914462"}],"wp:attachment":[{"href":"https:\/\/theinvisiblecollection.com\/fr\/wp-json\/wp\/v2\/media?parent=3914348"}],"wp:term":[{"taxonomy":"product_brand","embeddable":true,"href":"https:\/\/theinvisiblecollection.com\/fr\/wp-json\/wp\/v2\/product_brand?post=3914348"},{"taxonomy":"product_cat","embeddable":true,"href":"https:\/\/theinvisiblecollection.com\/fr\/wp-json\/wp\/v2\/product_cat?post=3914348"},{"taxonomy":"product_tag","embeddable":true,"href":"https:\/\/theinvisiblecollection.com\/fr\/wp-json\/wp\/v2\/product_tag?post=3914348"},{"taxonomy":"product_designer","embeddable":true,"href":"https:\/\/theinvisiblecollection.com\/fr\/wp-json\/wp\/v2\/product_designer?post=3914348"},{"taxonomy":"comfabric","embeddable":true,"href":"https:\/\/theinvisiblecollection.com\/fr\/wp-json\/wp\/v2\/comfabric?post=3914348"},{"taxonomy":"manufacturer","embeddable":true,"href":"https:\/\/theinvisiblecollection.com\/fr\/wp-json\/wp\/v2\/manufacturer?post=3914348"},{"taxonomy":"reporting_designer","embeddable":true,"href":"https:\/\/theinvisiblecollection.com\/fr\/wp-json\/wp\/v2\/reporting_designer?post=3914348"},{"taxonomy":"samplecomfabric","embeddable":true,"href":"https:\/\/theinvisiblecollection.com\/fr\/wp-json\/wp\/v2\/samplecomfabric?post=3914348"},{"taxonomy":"clubroom_product_designer","embeddable":true,"href":"https:\/\/theinvisiblecollection.com\/fr\/wp-json\/wp\/v2\/designer_clubroom?post=3914348"}],"curies":[{"name":"wp","href":"https:\/\/api.w.org\/{rel}","templated":true}]}}