{"id":39195,"date":"2025-02-20T12:28:09","date_gmt":"2025-02-20T12:28:09","guid":{"rendered":"https:\/\/www.theinvisiblecollection.com\/product\/table-basse-calanque\/"},"modified":"2026-05-08T04:41:02","modified_gmt":"2026-05-08T04:41:02","slug":"charles-zana-table-basse-calanque","status":"publish","type":"product","link":"https:\/\/theinvisiblecollection.com\/fr\/produit\/charles-zana-table-basse-calanque\/","title":{"rendered":"Table Basse Calanque"},"content":{"rendered":"<p style=\"text-align: justify;\"><span lang=\"FR\">La\u00a0table basse \u00ab\u00a0Calanque\u00a0\u00bb, en bronze, est r\u00e9alis\u00e9e \u00e0 la main par des artisans fran\u00e7ais. Hommage aux calanques de Marseille,\u00a0les plaques arrondies qui composent le plateau horizontal sont superpos\u00e9es, un peu comme les galets liss\u00e9s et polis par le frottement des vagues de la M\u00e9diterran\u00e9e. Objet sculptural et en m\u00eame temps d\u00e9coratif, la surface en bronze re\u00e7oit et irradie la lumi\u00e8re, comme les reflets du soleil sur l\u2019eau. \u00a0<\/span><\/p>\n","protected":false},"excerpt":{"rendered":"<p>Table basse en bronze dor\u00e9 patin\u00e9<\/p>\n<p>L 163 x l 81 x H 38 cm<\/p>\n<p>Fabriqu\u00e9e en France<br \/>\nD\u00e9lai de production : 14 semaines<\/p>\n<p><span style=\"text-decoration: underline;\"><a href=\"https:\/\/www.theinvisiblecollection.com\/fr\/demande-de-devis\/?product_id=39195\">Contactez-nous pour toute demande de devis ou de renseignements<\/a><\/span><\/p>\n","protected":false},"featured_media":3051959,"template":"","meta":{"_acf_changed":false,"content-type":"","_themeisle_gutenberg_block_has_review":false},"product_brand":[],"product_cat":[7509,12503],"product_tag":[7435,9058,9066,9072,9140,9404,35206],"product_designer":[8871],"comfabric":[],"manufacturer":[34466],"reporting_designer":[37682],"samplecomfabric":[],"designer_clubroom":[],"class_list":{"0":"post-39195","1":"product","2":"type-product","3":"status-publish","4":"has-post-thumbnail","6":"product_cat-tables-basses-dappoint","7":"product_cat-tables-fr","8":"product_tag-new-in-fr","9":"product_tag-bronze-fr-2","10":"product_tag-table-basse","11":"product_tag-patine","12":"product_tag-charles-zana-fr-3","13":"product_tag-wishlist","14":"product_tag-exclusive-fr","15":"product_designer-charles-zana-fr","16":"manufacturer-charles-zana-pick-up-roissy-emballage-fr","17":"reporting_designer-charles-zana","19":"first","20":"instock","21":"taxable","22":"shipping-taxable","23":"purchasable","24":"product-type-variable"},"acf":[],"_links":{"self":[{"href":"https:\/\/theinvisiblecollection.com\/fr\/wp-json\/wp\/v2\/product\/39195","targetHints":{"allow":["GET"]}}],"collection":[{"href":"https:\/\/theinvisiblecollection.com\/fr\/wp-json\/wp\/v2\/product"}],"about":[{"href":"https:\/\/theinvisiblecollection.com\/fr\/wp-json\/wp\/v2\/types\/product"}],"wp:featuredmedia":[{"embeddable":true,"href":"https:\/\/theinvisiblecollection.com\/fr\/wp-json\/wp\/v2\/media\/3051959"}],"wp:attachment":[{"href":"https:\/\/theinvisiblecollection.com\/fr\/wp-json\/wp\/v2\/media?parent=39195"}],"wp:term":[{"taxonomy":"product_brand","embeddable":true,"href":"https:\/\/theinvisiblecollection.com\/fr\/wp-json\/wp\/v2\/product_brand?post=39195"},{"taxonomy":"product_cat","embeddable":true,"href":"https:\/\/theinvisiblecollection.com\/fr\/wp-json\/wp\/v2\/product_cat?post=39195"},{"taxonomy":"product_tag","embeddable":true,"href":"https:\/\/theinvisiblecollection.com\/fr\/wp-json\/wp\/v2\/product_tag?post=39195"},{"taxonomy":"product_designer","embeddable":true,"href":"https:\/\/theinvisiblecollection.com\/fr\/wp-json\/wp\/v2\/product_designer?post=39195"},{"taxonomy":"comfabric","embeddable":true,"href":"https:\/\/theinvisiblecollection.com\/fr\/wp-json\/wp\/v2\/comfabric?post=39195"},{"taxonomy":"manufacturer","embeddable":true,"href":"https:\/\/theinvisiblecollection.com\/fr\/wp-json\/wp\/v2\/manufacturer?post=39195"},{"taxonomy":"reporting_designer","embeddable":true,"href":"https:\/\/theinvisiblecollection.com\/fr\/wp-json\/wp\/v2\/reporting_designer?post=39195"},{"taxonomy":"samplecomfabric","embeddable":true,"href":"https:\/\/theinvisiblecollection.com\/fr\/wp-json\/wp\/v2\/samplecomfabric?post=39195"},{"taxonomy":"clubroom_product_designer","embeddable":true,"href":"https:\/\/theinvisiblecollection.com\/fr\/wp-json\/wp\/v2\/designer_clubroom?post=39195"}],"curies":[{"name":"wp","href":"https:\/\/api.w.org\/{rel}","templated":true}]}}