{"id":39198,"date":"2024-09-10T10:51:00","date_gmt":"2024-09-10T10:51:00","guid":{"rendered":"https:\/\/www.theinvisiblecollection.com\/product\/table-basse-cobogo-copacabana\/"},"modified":"2026-05-08T04:41:02","modified_gmt":"2026-05-08T04:41:02","slug":"etel-table-basse-cobogo-copacabana","status":"publish","type":"product","link":"https:\/\/theinvisiblecollection.com\/fr\/produit\/etel-table-basse-cobogo-copacabana\/","title":{"rendered":"Table Basse Cobogo Copacabana"},"content":{"rendered":"<p>La table basse Cobogo Copacabana dessin\u00e9e par Lia Siqueira a \u00e9t\u00e9 cr\u00e9\u00e9e pour meubler une maison con\u00e7ue par Oscar Niemeyer. Bien que contemporaine, cette pi\u00e8ce s&#8217;inspire du mouvement moderniste et rend hommage \u00e0 un \u00e9l\u00e9ment typique de l&#8217;architecture populaire br\u00e9silienne : le Cobogo. Le bois perd son aspect massif pour devenir une la d\u00e9clinaison d&#8217;une tapisserie.<\/p>\n","protected":false},"excerpt":{"rendered":"<p>Design par Lia Siqueira<br \/>\nSur l&#8217;image, table basse en bois peroba.<br \/>\nAussi disponible en bois de Freijo, bois d&#8217;Imbuia et c\u00e8dre<br \/>\n<span style=\"text-decoration: underline;\"><a href=\"https:\/\/theinvisiblecollection.com\/wp-content\/uploads\/2022\/10\/TheInvisibleCollection_WoodSelection_CobogoCopacabanaCoffeeTable.pdf\" target=\"_blank\" rel=\"noopener\">D\u00e9couvrez une s\u00e9lection de bois ici<\/a><\/span><\/p>\n<p>Disponible en 4 dimensions :<br \/>\nSmall : L 133 x l 134 x H 30 cm<br \/>\nMedium : L 186.5 x l 111 x H 30 cm<br \/>\nLarge : L 150 x l 150.5 x H 30 cm<br \/>\nExtra Large : L 111 x l 204 x H 30 cm<\/p>\n<p style=\"text-align: justify;\">Cette pi\u00e8ce est r\u00e9alis\u00e9e \u00e0 la main au Br\u00e9sil, a partir de bois provenant de for\u00eats faisant l\u2019objet d\u2019une gestion durable. Ainsi, nous ne pouvons pas garantir de d\u00e9lais de production actuellement. La production pourrait prendre jusqu\u2019\u00e0 une ann\u00e9e enti\u00e8re. Commandez maintenant pour vous placer en haut de la liste d\u2019attente ou\u00a0<span style=\"text-decoration: underline;\"><a href=\"https:\/\/www.theinvisiblecollection.com\/fr\/demande-de-devis\/?product_id=39198\" target=\"_blank\" rel=\"noopener\">contactez-nous pour recevoir d\u2019autres propositions<\/a><\/span>.<\/p>\n","protected":false},"featured_media":74576,"template":"","meta":{"_acf_changed":false,"content-type":"","_themeisle_gutenberg_block_has_review":false},"product_brand":[],"product_cat":[7509,12503],"product_tag":[8862,8863,9246,10255,10407,10495,11335,14925,8854,8855],"product_designer":[8866,17874],"comfabric":[28854],"manufacturer":[16878],"reporting_designer":[37382],"samplecomfabric":[30448],"designer_clubroom":[],"class_list":{"0":"post-39198","1":"product","2":"type-product","3":"status-publish","4":"has-post-thumbnail","6":"product_cat-tables-basses-dappoint","7":"product_cat-tables-fr","8":"product_tag-etel-carmona-fr-3","9":"product_tag-etel-design-fr-2","10":"product_tag-wood-fr","11":"product_tag-salon-fr-4","12":"product_tag-lia-siqueira-fr","13":"product_tag-cobogo-fr","14":"product_tag-eco-design","15":"product_tag-hpfav-fr","16":"product_tag-etel-fr-2","17":"product_tag-table-fr-3","18":"pa_size-l-95-x-l-7-x-h-72-cm","19":"pa_size-l-96-x-l-7-x-h-61-cm","20":"pa_size-l-150-x-l-150-x-h-30-cm","21":"pa_size-l-133-x-l-134-x-h-30-cm","22":"pa_wood-freijo-delave-fr","23":"pa_wood-freijo-naturel-fr","24":"pa_wood-imbuia-miel-fr","25":"product_designer-etel-fr","26":"product_designer-lia-siqueira-par-etel","27":"comfabric-etel-atelier-1-fr","28":"manufacturer-etel-atelier-1-fr","29":"reporting_designer-etel","30":"samplecomfabric-etel-fr","32":"first","33":"instock","34":"taxable","35":"shipping-taxable","36":"purchasable","37":"product-type-variable"},"acf":[],"_links":{"self":[{"href":"https:\/\/theinvisiblecollection.com\/fr\/wp-json\/wp\/v2\/product\/39198","targetHints":{"allow":["GET"]}}],"collection":[{"href":"https:\/\/theinvisiblecollection.com\/fr\/wp-json\/wp\/v2\/product"}],"about":[{"href":"https:\/\/theinvisiblecollection.com\/fr\/wp-json\/wp\/v2\/types\/product"}],"wp:featuredmedia":[{"embeddable":true,"href":"https:\/\/theinvisiblecollection.com\/fr\/wp-json\/wp\/v2\/media\/74576"}],"wp:attachment":[{"href":"https:\/\/theinvisiblecollection.com\/fr\/wp-json\/wp\/v2\/media?parent=39198"}],"wp:term":[{"taxonomy":"product_brand","embeddable":true,"href":"https:\/\/theinvisiblecollection.com\/fr\/wp-json\/wp\/v2\/product_brand?post=39198"},{"taxonomy":"product_cat","embeddable":true,"href":"https:\/\/theinvisiblecollection.com\/fr\/wp-json\/wp\/v2\/product_cat?post=39198"},{"taxonomy":"product_tag","embeddable":true,"href":"https:\/\/theinvisiblecollection.com\/fr\/wp-json\/wp\/v2\/product_tag?post=39198"},{"taxonomy":"product_designer","embeddable":true,"href":"https:\/\/theinvisiblecollection.com\/fr\/wp-json\/wp\/v2\/product_designer?post=39198"},{"taxonomy":"comfabric","embeddable":true,"href":"https:\/\/theinvisiblecollection.com\/fr\/wp-json\/wp\/v2\/comfabric?post=39198"},{"taxonomy":"manufacturer","embeddable":true,"href":"https:\/\/theinvisiblecollection.com\/fr\/wp-json\/wp\/v2\/manufacturer?post=39198"},{"taxonomy":"reporting_designer","embeddable":true,"href":"https:\/\/theinvisiblecollection.com\/fr\/wp-json\/wp\/v2\/reporting_designer?post=39198"},{"taxonomy":"samplecomfabric","embeddable":true,"href":"https:\/\/theinvisiblecollection.com\/fr\/wp-json\/wp\/v2\/samplecomfabric?post=39198"},{"taxonomy":"clubroom_product_designer","embeddable":true,"href":"https:\/\/theinvisiblecollection.com\/fr\/wp-json\/wp\/v2\/designer_clubroom?post=39198"}],"curies":[{"name":"wp","href":"https:\/\/api.w.org\/{rel}","templated":true}]}}