{"id":39217,"date":"2016-03-24T00:00:00","date_gmt":"2016-03-23T23:00:00","guid":{"rendered":"https:\/\/www.theinvisiblecollection.com\/product\/table-basse-croco\/"},"modified":"2026-05-08T04:41:02","modified_gmt":"2026-05-08T04:41:02","slug":"jerome-faillant-dumas-table-basse-croco","status":"publish","type":"product","link":"https:\/\/theinvisiblecollection.com\/fr\/produit\/jerome-faillant-dumas-table-basse-croco\/","title":{"rendered":"Table Basse Croco"},"content":{"rendered":"<p style=\"text-align: justify;\"><span class=\"TextRun SCXW117099721 BCX0\" lang=\"FR-FR\" xml:lang=\"FR-FR\" data-contrast=\"auto\"><span class=\"NormalTextRun SCXW117099721 BCX0\">La<\/span><span class=\"NormalTextRun SCXW117099721 BCX0\"> table basse<\/span> <span class=\"NormalTextRun ContextualSpellingAndGrammarErrorV2Themed SCXW117099721 BCX0\">Croco\u00a0 de<\/span><span class=\"NormalTextRun SCXW117099721 BCX0\"> J\u00e9r\u00f4me Faillant-Dumas est une table basse o\u00f9 se r\u00e9v\u00e8le l\u2019\u00e9l\u00e9gance brute de la peau de crocodile, reproduite en une mosa\u00efque minutieuse de verre noir fa\u00e7onn\u00e9e \u00e0 la main. Son cadre en laiton vieilli apporte une patine chaleureuse tandis que ses <\/span><span class=\"NormalTextRun SCXW117099721 BCX0\">pieds en ch\u00eane noir, orn\u00e9s de sabots en laiton vieilli, soulignent l\u2019\u00e9quilibre entre robustesse et raffinement.\u00a0<\/span><\/span><span class=\"EOP SCXW117099721 BCX0\" data-ccp-props=\"{&quot;134233117&quot;:false,&quot;134233118&quot;:false,&quot;201341983&quot;:0,&quot;335551550&quot;:1,&quot;335551620&quot;:1,&quot;335559685&quot;:0,&quot;335559737&quot;:0,&quot;335559738&quot;:0,&quot;335559739&quot;:160,&quot;335559740&quot;:279}\">\u00a0<\/span><\/p>\n","protected":false},"excerpt":{"rendered":"<p>Cadre en bronze patin\u00e9<br \/>\nPieds en ch\u00eane et bronze<br \/>\nPlateau en mosa\u00efque et p\u00e2te de verre, effet peau de crocodile<\/p>\n<p>L 150 x l 80 x H 40 cm<\/p>\n<p>Fabriqu\u00e9e \u00e0 la main en France<br \/>\nD\u00e9lais de fabrication : 12 &#8211; 14 semaines<\/p>\n<p><span style=\"text-decoration: underline;\"><a href=\"https:\/\/www.theinvisiblecollection.com\/fr\/demande-de-devis\/?product_id=39217\" target=\"_blank\" rel=\"noopener\">Contactez-nous pour toute demande de devis ou de renseignement<\/a><\/span><\/p>\n","protected":false},"featured_media":74586,"template":"","meta":{"_acf_changed":false,"content-type":"","_themeisle_gutenberg_block_has_review":false},"product_brand":[],"product_cat":[7509,12503],"product_tag":[9066,10386,10389,22790],"product_designer":[8887],"comfabric":[],"manufacturer":[],"reporting_designer":[37606],"samplecomfabric":[],"designer_clubroom":[],"class_list":{"0":"post-39217","1":"product","2":"type-product","3":"status-publish","4":"has-post-thumbnail","6":"product_cat-tables-basses-dappoint","7":"product_cat-tables-fr","8":"product_tag-table-basse","9":"product_tag-shippables-fr-fr","10":"product_tag-jerome-faillant-dumas-fr-fr","11":"product_tag-disponible-immediatement","12":"pa_color-blanc-fr","13":"pa_color-noir-fr","14":"product_designer-jerome-faillant-dumas-fr","15":"reporting_designer-jerome-faillant-dumas","16":"exhibitions-paris-fr","18":"first","19":"instock","20":"taxable","21":"shipping-taxable","22":"product-type-variable"},"acf":[],"_links":{"self":[{"href":"https:\/\/theinvisiblecollection.com\/fr\/wp-json\/wp\/v2\/product\/39217","targetHints":{"allow":["GET"]}}],"collection":[{"href":"https:\/\/theinvisiblecollection.com\/fr\/wp-json\/wp\/v2\/product"}],"about":[{"href":"https:\/\/theinvisiblecollection.com\/fr\/wp-json\/wp\/v2\/types\/product"}],"wp:featuredmedia":[{"embeddable":true,"href":"https:\/\/theinvisiblecollection.com\/fr\/wp-json\/wp\/v2\/media\/74586"}],"wp:attachment":[{"href":"https:\/\/theinvisiblecollection.com\/fr\/wp-json\/wp\/v2\/media?parent=39217"}],"wp:term":[{"taxonomy":"product_brand","embeddable":true,"href":"https:\/\/theinvisiblecollection.com\/fr\/wp-json\/wp\/v2\/product_brand?post=39217"},{"taxonomy":"product_cat","embeddable":true,"href":"https:\/\/theinvisiblecollection.com\/fr\/wp-json\/wp\/v2\/product_cat?post=39217"},{"taxonomy":"product_tag","embeddable":true,"href":"https:\/\/theinvisiblecollection.com\/fr\/wp-json\/wp\/v2\/product_tag?post=39217"},{"taxonomy":"product_designer","embeddable":true,"href":"https:\/\/theinvisiblecollection.com\/fr\/wp-json\/wp\/v2\/product_designer?post=39217"},{"taxonomy":"comfabric","embeddable":true,"href":"https:\/\/theinvisiblecollection.com\/fr\/wp-json\/wp\/v2\/comfabric?post=39217"},{"taxonomy":"manufacturer","embeddable":true,"href":"https:\/\/theinvisiblecollection.com\/fr\/wp-json\/wp\/v2\/manufacturer?post=39217"},{"taxonomy":"reporting_designer","embeddable":true,"href":"https:\/\/theinvisiblecollection.com\/fr\/wp-json\/wp\/v2\/reporting_designer?post=39217"},{"taxonomy":"samplecomfabric","embeddable":true,"href":"https:\/\/theinvisiblecollection.com\/fr\/wp-json\/wp\/v2\/samplecomfabric?post=39217"},{"taxonomy":"clubroom_product_designer","embeddable":true,"href":"https:\/\/theinvisiblecollection.com\/fr\/wp-json\/wp\/v2\/designer_clubroom?post=39217"}],"curies":[{"name":"wp","href":"https:\/\/api.w.org\/{rel}","templated":true}]}}