{"id":39221,"date":"2023-03-01T11:51:00","date_gmt":"2023-03-01T10:51:00","guid":{"rendered":"https:\/\/www.theinvisiblecollection.com\/product\/table-basse-duo-multilaque\/"},"modified":"2026-05-01T07:39:50","modified_gmt":"2026-05-01T07:39:50","slug":"pierre-augustin-rose-table-basse-duo-multilaque","status":"publish","type":"product","link":"https:\/\/theinvisiblecollection.com\/fr\/produit\/pierre-augustin-rose-table-basse-duo-multilaque\/","title":{"rendered":"Table basse Duo Multilaque"},"content":{"rendered":"<p>Ancr\u00e9es dans la grande tradition du travail de la laque, ces deux tables basses aux formes tr\u00e8s nouvelles, sont d\u00e9lib\u00e9r\u00e9ment libres et \u00e9l\u00e9gantes. En duo s&#8217;inventant comme une sculpture mobile, en solo habitant l\u2019espace d\u2019une pr\u00e9sence subtile mais affirm\u00e9e.<\/p>\n","protected":false},"excerpt":{"rendered":"<p>Plateau laqu\u00e9 couleur blanc cass\u00e9, \u00e9galement disponible en noir<br \/>\n\u00c9galement disponible en ch\u00eane massif et ch\u00eane noir<br \/>\nPieds sculpt\u00e9s en ch\u00eane massif, pr\u00e9servant ses propri\u00e9t\u00e9s naturelles<br \/>\nChaque pied est unique &#8211; l&#8217;effet final d\u00e9pend des nuances naturelles du bois<\/p>\n<p>Ensemble de deux tables :<br \/>\nL 136 x l 94 x H 49 cm<br \/>\nL 132 x l 66 x H 38 cm<\/p>\n<p>Fabriqu\u00e9e \u00e0 la main en Europe<br \/>\nD\u00e9lais de production : 10 &#8211; 14 semaines<\/p>\n<p><span style=\"text-decoration: underline;\"><a href=\"https:\/\/www.theinvisiblecollection.com\/fr\/demande-de-devis\/?product_id=39221\" target=\"_blank\" rel=\"noopener\">Contactez-nous pour toute demande de devis ou de renseignement<\/a><\/span><\/p>\n","protected":false},"featured_media":155755,"template":"","meta":{"_acf_changed":false,"content-type":"","_themeisle_gutenberg_block_has_review":false},"product_brand":[],"product_cat":[7509,12503],"product_tag":[31477,35206,7435,9001,9066,9409,9441,9442,9443,9444,11347,11349,14925,31474],"product_designer":[8908],"comfabric":[29018],"manufacturer":[16828],"reporting_designer":[37608],"samplecomfabric":[30018],"designer_clubroom":[],"class_list":{"0":"post-39221","1":"product","2":"type-product","3":"status-publish","4":"has-post-thumbnail","6":"product_cat-tables-basses-dappoint","7":"product_cat-tables-fr","8":"product_tag-st-curvy-fr","9":"product_tag-exclusive-fr","10":"product_tag-new-in-fr","11":"product_tag-chene","12":"product_tag-table-basse","13":"product_tag-pierre-augustin-rose-fr-2","14":"product_tag-table-basse-fr-2","15":"product_tag-duo-fr","16":"product_tag-multilaque-fr","17":"product_tag-laque-fr-2","18":"product_tag-augustine-fr","19":"product_tag-pierre-augustine-rose-fr","20":"product_tag-hpfav-fr","21":"product_tag-co-white-fr","22":"pa_tabletop-chene-naturel","23":"pa_tabletop-chene-noir","24":"pa_tabletop-laque-blanche","25":"pa_tabletop-laque-noire","26":"product_designer-pierre-augustin-rose-fr","27":"comfabric-pierre-augustin-rose-fr","28":"manufacturer-charvin-logistics-saint-ouen-la-ex-egetra-fr","29":"reporting_designer-pierre-augustin-rose","30":"samplecomfabric-pierre-augustin-rose-fr","32":"first","33":"instock","34":"featured","35":"taxable","36":"shipping-taxable","37":"purchasable","38":"product-type-variable"},"acf":[],"_links":{"self":[{"href":"https:\/\/theinvisiblecollection.com\/fr\/wp-json\/wp\/v2\/product\/39221","targetHints":{"allow":["GET"]}}],"collection":[{"href":"https:\/\/theinvisiblecollection.com\/fr\/wp-json\/wp\/v2\/product"}],"about":[{"href":"https:\/\/theinvisiblecollection.com\/fr\/wp-json\/wp\/v2\/types\/product"}],"wp:featuredmedia":[{"embeddable":true,"href":"https:\/\/theinvisiblecollection.com\/fr\/wp-json\/wp\/v2\/media\/155755"}],"wp:attachment":[{"href":"https:\/\/theinvisiblecollection.com\/fr\/wp-json\/wp\/v2\/media?parent=39221"}],"wp:term":[{"taxonomy":"product_brand","embeddable":true,"href":"https:\/\/theinvisiblecollection.com\/fr\/wp-json\/wp\/v2\/product_brand?post=39221"},{"taxonomy":"product_cat","embeddable":true,"href":"https:\/\/theinvisiblecollection.com\/fr\/wp-json\/wp\/v2\/product_cat?post=39221"},{"taxonomy":"product_tag","embeddable":true,"href":"https:\/\/theinvisiblecollection.com\/fr\/wp-json\/wp\/v2\/product_tag?post=39221"},{"taxonomy":"product_designer","embeddable":true,"href":"https:\/\/theinvisiblecollection.com\/fr\/wp-json\/wp\/v2\/product_designer?post=39221"},{"taxonomy":"comfabric","embeddable":true,"href":"https:\/\/theinvisiblecollection.com\/fr\/wp-json\/wp\/v2\/comfabric?post=39221"},{"taxonomy":"manufacturer","embeddable":true,"href":"https:\/\/theinvisiblecollection.com\/fr\/wp-json\/wp\/v2\/manufacturer?post=39221"},{"taxonomy":"reporting_designer","embeddable":true,"href":"https:\/\/theinvisiblecollection.com\/fr\/wp-json\/wp\/v2\/reporting_designer?post=39221"},{"taxonomy":"samplecomfabric","embeddable":true,"href":"https:\/\/theinvisiblecollection.com\/fr\/wp-json\/wp\/v2\/samplecomfabric?post=39221"},{"taxonomy":"clubroom_product_designer","embeddable":true,"href":"https:\/\/theinvisiblecollection.com\/fr\/wp-json\/wp\/v2\/designer_clubroom?post=39221"}],"curies":[{"name":"wp","href":"https:\/\/api.w.org\/{rel}","templated":true}]}}