{"id":39264,"date":"2016-05-06T00:00:00","date_gmt":"2016-05-05T23:00:00","guid":{"rendered":"https:\/\/www.theinvisiblecollection.com\/product\/table-basse-iris\/"},"modified":"2026-05-01T07:39:50","modified_gmt":"2026-05-01T07:39:50","slug":"cslb-studio-table-basse-iris","status":"publish","type":"product","link":"https:\/\/theinvisiblecollection.com\/fr\/produit\/cslb-studio-table-basse-iris\/","title":{"rendered":"Table Basse Iris"},"content":{"rendered":"<p>Cette table en marqueterie se veut un hommage au travail de Jean Michel Frank mais c&#8217;est aussi une d\u00e9construction g\u00e9om\u00e9trique du cercle qui n&#8217;est pas sans rappeler le travail d&#8217;\u00e9poque de Sonia Delaunay .<\/p>\n","protected":false},"excerpt":{"rendered":"<p>Caroline Sarkozy pour CSLB Studio<br \/>\nPieds en fer martel\u00e9 ou laiton fa\u00e7on Sprintz, plateau en bois recouvert de marqueterie de paille<\/p>\n<p>2 parties<br \/>\nL110 x l 55 x H 33,5 cm<br \/>\nL 130 x l 65 x H 38 cm<\/p>\n<p>R\u00e9alis\u00e9e \u00e0 la main en France<br \/>\nD\u00e9lais de fabrication : 8 semaines<\/p>\n<p><span style=\"text-decoration: underline;\"><a href=\"https:\/\/www.theinvisiblecollection.com\/fr\/demande-de-devis\/?product_id=39264\" target=\"_blank\" rel=\"noopener noreferrer\">Contactez-nous pour toute demande de devis ou de renseignements<\/a><\/span><\/p>\n","protected":false},"featured_media":74624,"template":"","meta":{"_acf_changed":false,"content-type":"","_themeisle_gutenberg_block_has_review":false},"product_brand":[],"product_cat":[7509,12503],"product_tag":[8855,8993,9066,9405,9406,9407,9408,9416],"product_designer":[8898],"comfabric":[],"manufacturer":[16870],"reporting_designer":[37354],"samplecomfabric":[],"designer_clubroom":[],"class_list":{"0":"post-39264","1":"product","2":"type-product","3":"status-publish","4":"has-post-thumbnail","6":"product_cat-tables-basses-dappoint","7":"product_cat-tables-fr","8":"product_tag-table-fr-3","9":"product_tag-salon","10":"product_tag-table-basse","11":"product_tag-caroline-sarkozy","12":"product_tag-cslb-fr","13":"product_tag-cslb-studio","14":"product_tag-laurent-bourgeois-fr-2","15":"product_tag-design-fr","16":"pa_finish-fer-martele-fr","17":"pa_finish-laiton-facon-printz-fr","18":"product_designer-cslb-studio-fr","19":"manufacturer-cslb-studio-fr","20":"reporting_designer-cslb-studio","22":"first","23":"instock","24":"taxable","25":"shipping-taxable","26":"purchasable","27":"product-type-variable"},"acf":[],"_links":{"self":[{"href":"https:\/\/theinvisiblecollection.com\/fr\/wp-json\/wp\/v2\/product\/39264","targetHints":{"allow":["GET"]}}],"collection":[{"href":"https:\/\/theinvisiblecollection.com\/fr\/wp-json\/wp\/v2\/product"}],"about":[{"href":"https:\/\/theinvisiblecollection.com\/fr\/wp-json\/wp\/v2\/types\/product"}],"wp:featuredmedia":[{"embeddable":true,"href":"https:\/\/theinvisiblecollection.com\/fr\/wp-json\/wp\/v2\/media\/74624"}],"wp:attachment":[{"href":"https:\/\/theinvisiblecollection.com\/fr\/wp-json\/wp\/v2\/media?parent=39264"}],"wp:term":[{"taxonomy":"product_brand","embeddable":true,"href":"https:\/\/theinvisiblecollection.com\/fr\/wp-json\/wp\/v2\/product_brand?post=39264"},{"taxonomy":"product_cat","embeddable":true,"href":"https:\/\/theinvisiblecollection.com\/fr\/wp-json\/wp\/v2\/product_cat?post=39264"},{"taxonomy":"product_tag","embeddable":true,"href":"https:\/\/theinvisiblecollection.com\/fr\/wp-json\/wp\/v2\/product_tag?post=39264"},{"taxonomy":"product_designer","embeddable":true,"href":"https:\/\/theinvisiblecollection.com\/fr\/wp-json\/wp\/v2\/product_designer?post=39264"},{"taxonomy":"comfabric","embeddable":true,"href":"https:\/\/theinvisiblecollection.com\/fr\/wp-json\/wp\/v2\/comfabric?post=39264"},{"taxonomy":"manufacturer","embeddable":true,"href":"https:\/\/theinvisiblecollection.com\/fr\/wp-json\/wp\/v2\/manufacturer?post=39264"},{"taxonomy":"reporting_designer","embeddable":true,"href":"https:\/\/theinvisiblecollection.com\/fr\/wp-json\/wp\/v2\/reporting_designer?post=39264"},{"taxonomy":"samplecomfabric","embeddable":true,"href":"https:\/\/theinvisiblecollection.com\/fr\/wp-json\/wp\/v2\/samplecomfabric?post=39264"},{"taxonomy":"clubroom_product_designer","embeddable":true,"href":"https:\/\/theinvisiblecollection.com\/fr\/wp-json\/wp\/v2\/designer_clubroom?post=39264"}],"curies":[{"name":"wp","href":"https:\/\/api.w.org\/{rel}","templated":true}]}}