{"id":39285,"date":"2020-09-12T10:00:00","date_gmt":"2020-09-12T09:00:00","guid":{"rendered":"https:\/\/www.theinvisiblecollection.com\/product\/table-basse-limestone\/"},"modified":"2026-05-01T07:39:50","modified_gmt":"2026-05-01T07:39:50","slug":"etel-table-basse-limestone","status":"publish","type":"product","link":"https:\/\/theinvisiblecollection.com\/fr\/produit\/etel-table-basse-limestone\/","title":{"rendered":"Table Basse Limestone"},"content":{"rendered":"<p style=\"text-align: justify;\">Le plateau en pierre s&#8217;\u00e9quilibre sur des pointes en bois parfaites. La table basse en pierre calcaire est un exemple du design sophistiqu\u00e9 et pr\u00e9cis du ma\u00eetre Jorge Zalszupin.<\/p>\n","protected":false},"excerpt":{"rendered":"<p>Design par Jorge Zalszupin<br \/>\nSur l&#8217;image, plateau r\u00e9alis\u00e9 en pierre calcaire et structure en bois exotique<br \/>\n<span style=\"text-decoration: underline;\"><a href=\"https:\/\/theinvisiblecollection.com\/wp-content\/uploads\/2020\/09\/TheInvisibleCollection_WoodSamples_Etel_LimestoneCoffeeTable.pdf\" target=\"_blank\" rel=\"noopener\">D\u00e9couvrir la s\u00e9lection de bois ici<\/a><\/span><\/p>\n<p>L 120 x l 120 x H 30 cm<\/p>\n<p>Fabriqu\u00e9e \u00e0 la main au Br\u00e9sil<br \/>\nD\u00e9lais de production : 20 &#8211; 24 semaines<\/p>\n<p><span style=\"text-decoration: underline;\"><a href=\"https:\/\/www.theinvisiblecollection.com\/fr\/demande-de-devis\/?product_id=39285\" target=\"_blank\" rel=\"noopener noreferrer\">Contactez-nous pour toute demande de devis ou de renseignements<\/a><\/span><\/p>\n","protected":false},"featured_media":74574,"template":"","meta":{"_acf_changed":false,"content-type":"","_themeisle_gutenberg_block_has_review":false},"product_brand":[],"product_cat":[7509,12503],"product_tag":[8952,8993,9013,9066,10494,11335,31474,8854,8855,8943],"product_designer":[8866,15483],"comfabric":[28854],"manufacturer":[16878],"reporting_designer":[37382],"samplecomfabric":[30448],"designer_clubroom":[],"class_list":{"0":"post-39285","1":"product","2":"type-product","3":"status-publish","4":"has-post-thumbnail","6":"product_cat-tables-basses-dappoint","7":"product_cat-tables-fr","8":"product_tag-bois-fr","9":"product_tag-salon","10":"product_tag-cedre","11":"product_tag-table-basse","12":"product_tag-bresil","13":"product_tag-eco-design","14":"product_tag-co-white-fr","15":"product_tag-etel-fr-2","16":"product_tag-table-fr-3","17":"product_tag-jorge-zalszupin-fr","18":"pa_wood-freijo-naturel-fr","19":"pa_wood-imbuia-miel-fr","20":"product_designer-etel-fr","21":"product_designer-jorge-zalszupin-par-etel","22":"comfabric-etel-atelier-1-fr","23":"manufacturer-etel-atelier-1-fr","24":"reporting_designer-etel","25":"samplecomfabric-etel-fr","27":"first","28":"instock","29":"taxable","30":"shipping-taxable","31":"purchasable","32":"product-type-simple"},"acf":[],"_links":{"self":[{"href":"https:\/\/theinvisiblecollection.com\/fr\/wp-json\/wp\/v2\/product\/39285","targetHints":{"allow":["GET"]}}],"collection":[{"href":"https:\/\/theinvisiblecollection.com\/fr\/wp-json\/wp\/v2\/product"}],"about":[{"href":"https:\/\/theinvisiblecollection.com\/fr\/wp-json\/wp\/v2\/types\/product"}],"wp:featuredmedia":[{"embeddable":true,"href":"https:\/\/theinvisiblecollection.com\/fr\/wp-json\/wp\/v2\/media\/74574"}],"wp:attachment":[{"href":"https:\/\/theinvisiblecollection.com\/fr\/wp-json\/wp\/v2\/media?parent=39285"}],"wp:term":[{"taxonomy":"product_brand","embeddable":true,"href":"https:\/\/theinvisiblecollection.com\/fr\/wp-json\/wp\/v2\/product_brand?post=39285"},{"taxonomy":"product_cat","embeddable":true,"href":"https:\/\/theinvisiblecollection.com\/fr\/wp-json\/wp\/v2\/product_cat?post=39285"},{"taxonomy":"product_tag","embeddable":true,"href":"https:\/\/theinvisiblecollection.com\/fr\/wp-json\/wp\/v2\/product_tag?post=39285"},{"taxonomy":"product_designer","embeddable":true,"href":"https:\/\/theinvisiblecollection.com\/fr\/wp-json\/wp\/v2\/product_designer?post=39285"},{"taxonomy":"comfabric","embeddable":true,"href":"https:\/\/theinvisiblecollection.com\/fr\/wp-json\/wp\/v2\/comfabric?post=39285"},{"taxonomy":"manufacturer","embeddable":true,"href":"https:\/\/theinvisiblecollection.com\/fr\/wp-json\/wp\/v2\/manufacturer?post=39285"},{"taxonomy":"reporting_designer","embeddable":true,"href":"https:\/\/theinvisiblecollection.com\/fr\/wp-json\/wp\/v2\/reporting_designer?post=39285"},{"taxonomy":"samplecomfabric","embeddable":true,"href":"https:\/\/theinvisiblecollection.com\/fr\/wp-json\/wp\/v2\/samplecomfabric?post=39285"},{"taxonomy":"clubroom_product_designer","embeddable":true,"href":"https:\/\/theinvisiblecollection.com\/fr\/wp-json\/wp\/v2\/designer_clubroom?post=39285"}],"curies":[{"name":"wp","href":"https:\/\/api.w.org\/{rel}","templated":true}]}}