{"id":39289,"date":"2017-03-09T00:00:00","date_gmt":"2017-03-08T23:00:00","guid":{"rendered":"https:\/\/www.theinvisiblecollection.com\/product\/table-basse-lucio\/"},"modified":"2026-05-01T07:39:50","modified_gmt":"2026-05-01T07:39:50","slug":"oitoemponto-table-basse-lucio","status":"publish","type":"product","link":"https:\/\/theinvisiblecollection.com\/fr\/produit\/oitoemponto-table-basse-lucio\/","title":{"rendered":"Table Basse Lucio"},"content":{"rendered":"<p style=\"text-align: justify;\">Cette collection de meubles rend hommage aux architectes br\u00e9siliens contemporains connus sous le nom de \u00ab\u00a0brutalistes\u00a0\u00bb car ils employaient le b\u00e9ton brut et utilisaient angles et cassures des lignes pour r\u00e9aliser leurs \u0153uvres.<\/p>\n<p style=\"text-align: justify;\">La table\u00a0<em>Lucio<\/em>\u00a0s\u2019inspire de la Maison du Br\u00e9sil de la cit\u00e9 Internationale Universitaire r\u00e9alis\u00e9e par Lucio Costa et Le Corbusier.<\/p>\n","protected":false},"excerpt":{"rendered":"<p>Edition limit\u00e9e de 8 pi\u00e8ces<br \/>\nMat\u00e9riaux :\u00a0Plateau en ch\u00eane goug\u00e9 \u00e0 la main cercl\u00e9 de laque noire, pieds en laque verte inclusions inox<\/p>\n<p>D 100 x H 45 cm<\/p>\n<p>Fabriqu\u00e9 \u00e0 la main en Europe<br \/>\nD\u00e9lais de production : 8 &#8211; 9 semaines<br \/>\n<a href=\"https:\/\/www.theinvisiblecollection.com\/fr\/demande-de-devis\/?product_id=39289\">Veuillez svp nous contacter pour plus d&#8217;informations ou une demande sur mesure<\/a><\/p>\n","protected":false},"featured_media":74600,"template":"","meta":{"_acf_changed":false,"content-type":"","_themeisle_gutenberg_block_has_review":false},"product_brand":[],"product_cat":[12503,7509],"product_tag":[9066,31477,33319,8855],"product_designer":[8881],"comfabric":[],"manufacturer":[21261],"reporting_designer":[37448],"samplecomfabric":[],"designer_clubroom":[],"class_list":{"0":"post-39289","1":"product","2":"type-product","3":"status-publish","4":"has-post-thumbnail","6":"product_cat-tables-fr","7":"product_cat-tables-basses-dappoint","8":"product_tag-table-basse","9":"product_tag-st-curvy-fr","10":"product_tag-edition-limitee","11":"product_tag-table-fr-3","12":"product_designer-oitoemponto-fr","13":"manufacturer-oitoemponto-atelier-fr","14":"reporting_designer-oitoemponto","16":"first","17":"instock","18":"taxable","19":"shipping-taxable","20":"purchasable","21":"product-type-simple"},"acf":[],"_links":{"self":[{"href":"https:\/\/theinvisiblecollection.com\/fr\/wp-json\/wp\/v2\/product\/39289","targetHints":{"allow":["GET"]}}],"collection":[{"href":"https:\/\/theinvisiblecollection.com\/fr\/wp-json\/wp\/v2\/product"}],"about":[{"href":"https:\/\/theinvisiblecollection.com\/fr\/wp-json\/wp\/v2\/types\/product"}],"wp:featuredmedia":[{"embeddable":true,"href":"https:\/\/theinvisiblecollection.com\/fr\/wp-json\/wp\/v2\/media\/74600"}],"wp:attachment":[{"href":"https:\/\/theinvisiblecollection.com\/fr\/wp-json\/wp\/v2\/media?parent=39289"}],"wp:term":[{"taxonomy":"product_brand","embeddable":true,"href":"https:\/\/theinvisiblecollection.com\/fr\/wp-json\/wp\/v2\/product_brand?post=39289"},{"taxonomy":"product_cat","embeddable":true,"href":"https:\/\/theinvisiblecollection.com\/fr\/wp-json\/wp\/v2\/product_cat?post=39289"},{"taxonomy":"product_tag","embeddable":true,"href":"https:\/\/theinvisiblecollection.com\/fr\/wp-json\/wp\/v2\/product_tag?post=39289"},{"taxonomy":"product_designer","embeddable":true,"href":"https:\/\/theinvisiblecollection.com\/fr\/wp-json\/wp\/v2\/product_designer?post=39289"},{"taxonomy":"comfabric","embeddable":true,"href":"https:\/\/theinvisiblecollection.com\/fr\/wp-json\/wp\/v2\/comfabric?post=39289"},{"taxonomy":"manufacturer","embeddable":true,"href":"https:\/\/theinvisiblecollection.com\/fr\/wp-json\/wp\/v2\/manufacturer?post=39289"},{"taxonomy":"reporting_designer","embeddable":true,"href":"https:\/\/theinvisiblecollection.com\/fr\/wp-json\/wp\/v2\/reporting_designer?post=39289"},{"taxonomy":"samplecomfabric","embeddable":true,"href":"https:\/\/theinvisiblecollection.com\/fr\/wp-json\/wp\/v2\/samplecomfabric?post=39289"},{"taxonomy":"clubroom_product_designer","embeddable":true,"href":"https:\/\/theinvisiblecollection.com\/fr\/wp-json\/wp\/v2\/designer_clubroom?post=39289"}],"curies":[{"name":"wp","href":"https:\/\/api.w.org\/{rel}","templated":true}]}}