{"id":39298,"date":"2019-05-22T00:00:00","date_gmt":"2019-05-22T00:00:00","guid":{"rendered":"https:\/\/www.theinvisiblecollection.com\/product\/table-basse-maria-preciosa\/"},"modified":"2026-05-08T04:41:02","modified_gmt":"2026-05-08T04:41:02","slug":"etel-table-basse-maria-preciosa","status":"publish","type":"product","link":"https:\/\/theinvisiblecollection.com\/fr\/produit\/etel-table-basse-maria-preciosa\/","title":{"rendered":"Table Basse Maria Preciosa"},"content":{"rendered":"<p style=\"text-align: justify;\">De petites lamelles de bois r\u00e9utilis\u00e9 sont assembl\u00e9es pour former la table d&#8217;appoint Maria Preciosa con\u00e7ue par Etel Carmona. La beaut\u00e9 naturelle du bois s&#8217;allie aux couleurs des pierres br\u00e9siliennes. Comme des bijoux \u00e0 poss\u00e9der chez soi.<\/p>\n","protected":false},"excerpt":{"rendered":"<p>Design par Etel Carmona<br \/>\nPlateau disponible en marbre Imp\u00e9rial, Travertin Navona, Travertin Verde Bambu, verre ou bois<br \/>\n<a href=\"https:\/\/theinvisiblecollection.com\/wp-content\/uploads\/2022\/02\/TheInvisibleCollection_EtelCarmona_WoodAndMarble_TabletopSelection.pdf\" target=\"_blank\" rel=\"noopener\">D\u00e9couvrez la s\u00e9lection de bois et marbres ici<\/a><br \/>\nStructure disponible dans une combinaison de bois de Freijo<br \/>\n<a href=\"https:\/\/theinvisiblecollection.com\/wp-content\/uploads\/2019\/04\/TheInvisibleCollection_EtelCarmona_WoodSelection_Base.pdf\" target=\"_blank\" rel=\"noopener\">D\u00e9couvrez la s\u00e9lection de bois ici<\/a><\/p>\n<p>Trois dimensions disponibles :<br \/>\nSmall : \u2300 80 x H 35 cm<br \/>\nMedium : \u2300 100 x H 35 cm<br \/>\nLarge : \u2300 120 x H 35 cm<\/p>\n<p>Fabriqu\u00e9e \u00e0 la main au Br\u00e9sil<br \/>\nD\u00e9lais de production : 20 &#8211; 24 semaines<\/p>\n<p><span style=\"text-decoration: underline;\"><a href=\"https:\/\/www.theinvisiblecollection.com\/fr\/demande-de-devis\/?product_id=39298\" target=\"_blank\" rel=\"noopener noreferrer\">Contactez-nous pour toute demande de devis ou de renseignements<\/a><\/span><\/p>\n","protected":false},"featured_media":74628,"template":"","meta":{"_acf_changed":false,"content-type":"","_themeisle_gutenberg_block_has_review":false},"product_brand":[],"product_cat":[7509,12503],"product_tag":[8953,8993,9060,9066,11335,8854,8855,8862,8863,8952],"product_designer":[8866,10660],"comfabric":[28854],"manufacturer":[16878],"reporting_designer":[37690],"samplecomfabric":[30448],"designer_clubroom":[],"class_list":{"0":"post-39298","1":"product","2":"type-product","3":"status-publish","4":"has-post-thumbnail","6":"product_cat-tables-basses-dappoint","7":"product_cat-tables-fr","8":"product_tag-salle-a-manger","9":"product_tag-salon","10":"product_tag-verre","11":"product_tag-table-basse","12":"product_tag-eco-design","13":"product_tag-etel-fr-2","14":"product_tag-table-fr-3","15":"product_tag-etel-carmona-fr-3","16":"product_tag-etel-design-fr-2","17":"product_tag-bois-fr","18":"pa_base-melange-freijo","19":"pa_base-melange-imbuia","20":"pa_base-melange-sucupira","21":"pa_size-grand-fr","22":"pa_size-moyen","23":"pa_size-petit-fr","24":"product_designer-etel-fr","25":"product_designer-etel-carmona-fr","26":"comfabric-etel-atelier-1-fr","27":"manufacturer-etel-atelier-1-fr","28":"reporting_designer-etel-carmona","29":"samplecomfabric-etel-fr","31":"first","32":"instock","33":"taxable","34":"shipping-taxable","35":"purchasable","36":"product-type-variable"},"acf":[],"_links":{"self":[{"href":"https:\/\/theinvisiblecollection.com\/fr\/wp-json\/wp\/v2\/product\/39298","targetHints":{"allow":["GET"]}}],"collection":[{"href":"https:\/\/theinvisiblecollection.com\/fr\/wp-json\/wp\/v2\/product"}],"about":[{"href":"https:\/\/theinvisiblecollection.com\/fr\/wp-json\/wp\/v2\/types\/product"}],"wp:featuredmedia":[{"embeddable":true,"href":"https:\/\/theinvisiblecollection.com\/fr\/wp-json\/wp\/v2\/media\/74628"}],"wp:attachment":[{"href":"https:\/\/theinvisiblecollection.com\/fr\/wp-json\/wp\/v2\/media?parent=39298"}],"wp:term":[{"taxonomy":"product_brand","embeddable":true,"href":"https:\/\/theinvisiblecollection.com\/fr\/wp-json\/wp\/v2\/product_brand?post=39298"},{"taxonomy":"product_cat","embeddable":true,"href":"https:\/\/theinvisiblecollection.com\/fr\/wp-json\/wp\/v2\/product_cat?post=39298"},{"taxonomy":"product_tag","embeddable":true,"href":"https:\/\/theinvisiblecollection.com\/fr\/wp-json\/wp\/v2\/product_tag?post=39298"},{"taxonomy":"product_designer","embeddable":true,"href":"https:\/\/theinvisiblecollection.com\/fr\/wp-json\/wp\/v2\/product_designer?post=39298"},{"taxonomy":"comfabric","embeddable":true,"href":"https:\/\/theinvisiblecollection.com\/fr\/wp-json\/wp\/v2\/comfabric?post=39298"},{"taxonomy":"manufacturer","embeddable":true,"href":"https:\/\/theinvisiblecollection.com\/fr\/wp-json\/wp\/v2\/manufacturer?post=39298"},{"taxonomy":"reporting_designer","embeddable":true,"href":"https:\/\/theinvisiblecollection.com\/fr\/wp-json\/wp\/v2\/reporting_designer?post=39298"},{"taxonomy":"samplecomfabric","embeddable":true,"href":"https:\/\/theinvisiblecollection.com\/fr\/wp-json\/wp\/v2\/samplecomfabric?post=39298"},{"taxonomy":"clubroom_product_designer","embeddable":true,"href":"https:\/\/theinvisiblecollection.com\/fr\/wp-json\/wp\/v2\/designer_clubroom?post=39298"}],"curies":[{"name":"wp","href":"https:\/\/api.w.org\/{rel}","templated":true}]}}