{"id":39338,"date":"2019-01-07T00:00:00","date_gmt":"2019-01-06T23:00:00","guid":{"rendered":"https:\/\/www.theinvisiblecollection.com\/product\/table-basse-pebble-noire\/"},"modified":"2026-05-01T07:39:50","modified_gmt":"2026-05-01T07:39:50","slug":"table-basse-pebble-noire","status":"publish","type":"product","link":"https:\/\/theinvisiblecollection.com\/fr\/produit\/table-basse-pebble-noire\/","title":{"rendered":"Table Basse Pebble Noire"},"content":{"rendered":"<p style=\"text-align: justify;\">Disponible en ensemble de 7 plateaux, la table basse Pebble est aussi flexible que fonctionnelle. Ses plateaux, disponibles dans une large gamme de laque, se vissent et se d\u00e9vissent facilement. La table peux \u00eatre \u00e9tendue ou recroquevill\u00e9e pour s\u2019adapter aux diff\u00e9rents espaces et dispositions.<\/p>\n","protected":false},"excerpt":{"rendered":"<p>Table basse avec pieds en laiton ou acier inoxydable et plateaux en bois laqu\u00e9<br \/>\nDisponible avec cinq pieds ou sur mesure<\/p>\n<p>7 pieds : L 234 x l 45.5 x H 52 cm<br \/>\n5 pieds : L 176 x l 40 x H 52 cm<\/p>\n<p>Fabriqu\u00e9e \u00e0 la main au Liban<br \/>\nD\u00e9lais de fabrication : 10 &#8211; 12 semaines<\/p>\n<p class=\"p1\"><span class=\"s1\"><a href=\"https:\/\/www.theinvisiblecollection.com\/fr\/demande-de-devis\/?product_id=39338\">Contactez-nous pour toute demande de devis ou de renseignements<\/a><\/span><\/p>\n","protected":false},"featured_media":72679,"template":"","meta":{"_acf_changed":false,"content-type":"","_themeisle_gutenberg_block_has_review":false},"product_brand":[],"product_cat":[7509,12503],"product_tag":[9673,11544,8954,9229,9430],"product_designer":[8872],"comfabric":[],"manufacturer":[25164],"reporting_designer":[37874],"samplecomfabric":[],"designer_clubroom":[],"class_list":{"0":"post-39338","1":"product","2":"type-product","3":"status-publish","4":"has-post-thumbnail","6":"product_cat-tables-basses-dappoint","7":"product_cat-tables-fr","8":"product_tag-nada-debs-fr-fr","9":"product_tag-tables-irresistibles","10":"product_tag-laiton-fr-2","11":"product_tag-noir-fr-2","12":"product_tag-bois-laque-fr","13":"pa_material-acier-inoxydable-fr","14":"pa_material-laiton-fr","15":"pa_size-5-pieds-fr","16":"pa_size-7-pieds-fr-2","17":"product_designer-nada-debs-fr","18":"manufacturer-capit-logistics-lebanon-fr","19":"reporting_designer-nada-debs","21":"first","22":"instock","23":"taxable","24":"shipping-taxable","25":"purchasable","26":"product-type-variable"},"acf":[],"_links":{"self":[{"href":"https:\/\/theinvisiblecollection.com\/fr\/wp-json\/wp\/v2\/product\/39338","targetHints":{"allow":["GET"]}}],"collection":[{"href":"https:\/\/theinvisiblecollection.com\/fr\/wp-json\/wp\/v2\/product"}],"about":[{"href":"https:\/\/theinvisiblecollection.com\/fr\/wp-json\/wp\/v2\/types\/product"}],"wp:featuredmedia":[{"embeddable":true,"href":"https:\/\/theinvisiblecollection.com\/fr\/wp-json\/wp\/v2\/media\/72679"}],"wp:attachment":[{"href":"https:\/\/theinvisiblecollection.com\/fr\/wp-json\/wp\/v2\/media?parent=39338"}],"wp:term":[{"taxonomy":"product_brand","embeddable":true,"href":"https:\/\/theinvisiblecollection.com\/fr\/wp-json\/wp\/v2\/product_brand?post=39338"},{"taxonomy":"product_cat","embeddable":true,"href":"https:\/\/theinvisiblecollection.com\/fr\/wp-json\/wp\/v2\/product_cat?post=39338"},{"taxonomy":"product_tag","embeddable":true,"href":"https:\/\/theinvisiblecollection.com\/fr\/wp-json\/wp\/v2\/product_tag?post=39338"},{"taxonomy":"product_designer","embeddable":true,"href":"https:\/\/theinvisiblecollection.com\/fr\/wp-json\/wp\/v2\/product_designer?post=39338"},{"taxonomy":"comfabric","embeddable":true,"href":"https:\/\/theinvisiblecollection.com\/fr\/wp-json\/wp\/v2\/comfabric?post=39338"},{"taxonomy":"manufacturer","embeddable":true,"href":"https:\/\/theinvisiblecollection.com\/fr\/wp-json\/wp\/v2\/manufacturer?post=39338"},{"taxonomy":"reporting_designer","embeddable":true,"href":"https:\/\/theinvisiblecollection.com\/fr\/wp-json\/wp\/v2\/reporting_designer?post=39338"},{"taxonomy":"samplecomfabric","embeddable":true,"href":"https:\/\/theinvisiblecollection.com\/fr\/wp-json\/wp\/v2\/samplecomfabric?post=39338"},{"taxonomy":"clubroom_product_designer","embeddable":true,"href":"https:\/\/theinvisiblecollection.com\/fr\/wp-json\/wp\/v2\/designer_clubroom?post=39338"}],"curies":[{"name":"wp","href":"https:\/\/api.w.org\/{rel}","templated":true}]}}