{"id":39361,"date":"2019-03-01T00:00:00","date_gmt":"2019-02-28T23:00:00","guid":{"rendered":"https:\/\/www.theinvisiblecollection.com\/product\/table-basse-riviera-s\/"},"modified":"2026-05-08T04:41:02","modified_gmt":"2026-05-08T04:41:02","slug":"charlotte-biltgen-table-basse-riviera-s","status":"publish","type":"product","link":"https:\/\/theinvisiblecollection.com\/fr\/produit\/charlotte-biltgen-table-basse-riviera-s\/","title":{"rendered":"Table Basse Riviera"},"content":{"rendered":"<p style=\"text-align: justify;\">Cette collection est un clin d\u2019\u0153il \u00e0 la \u00ab French Riviera\u00a0\u00bb des ann\u00e9es 20, je me suis inspir\u00e9e de ce m\u00e9lange de d\u00e9sinvolture et de cr\u00e9ativit\u00e9 sur les rivages de la M\u00e9diterran\u00e9e.<br \/>\nLe choix de mati\u00e8res : cannage, mati\u00e8re vintage des ann\u00e9es 50 et marqueterie de paille, plus sophistiqu\u00e9e refl\u00e9tant la lumi\u00e8re du soleil donnent un esprit bord de mer au lieu. J\u2019ai travaill\u00e9 sur des formes tr\u00e8s organiques comme le tr\u00e8fle ou le serpent qui apportent une l\u00e9g\u00e8ret\u00e9 bucolique au projet.<br \/>\nConcernant la table Riviera, son plateau de marbre en aile d\u2019avion pos\u00e9 sur un pied en ch\u00eane massif en forme de trefle, est un signe porte bonheur pour la maison.<\/p>\n","protected":false},"excerpt":{"rendered":"<p><em>Photos par Stephan Julliard<\/em><\/p>\n<p>Table basse en ch\u00eane, plateau en marqueterie de paille<br \/>\nMat\u00e9riaux, couleurs et dimensions sur mesure<\/p>\n<p>Petit : \u00d8 70 x H 29 cm<br \/>\nGrand : \u00d8 90 x H 38 cm<\/p>\n<p>Fabrication manuelle et artisanale en France<br \/>\nD\u00e9lais de fabrication : 12 semaines<\/p>\n<p><a href=\"https:\/\/www.theinvisiblecollection.com\/fr\/demande-de-devis\/?product_id=39361\">Contactez-nous pour toute demande de devis ou de renseignements<\/a><\/p>\n","protected":false},"featured_media":102494,"template":"","meta":{"_acf_changed":false,"content-type":"","_themeisle_gutenberg_block_has_review":false},"product_brand":[],"product_cat":[7509,12503],"product_tag":[9001,9066,9256,10481,35206],"product_designer":[8923],"comfabric":[],"manufacturer":[20337],"reporting_designer":[37452],"samplecomfabric":[],"designer_clubroom":[],"class_list":{"0":"post-39361","1":"product","2":"type-product","3":"status-publish","4":"has-post-thumbnail","6":"product_cat-tables-basses-dappoint","7":"product_cat-tables-fr","8":"product_tag-chene","9":"product_tag-table-basse","10":"product_tag-marqueterie-de-paille","11":"product_tag-charlotte-biltgen-fr","12":"product_tag-exclusive-fr","13":"pa_size-grand-fr","14":"pa_size-petit-fr","15":"pa_size-paire-petit-et-grand","16":"product_designer-charlotte-biltgen-fr","17":"manufacturer-roissy-emballage-c-o-consulttransport-fr","18":"reporting_designer-charlotte-biltgen","20":"first","21":"instock","22":"taxable","23":"shipping-taxable","24":"purchasable","25":"product-type-variable"},"acf":[],"_links":{"self":[{"href":"https:\/\/theinvisiblecollection.com\/fr\/wp-json\/wp\/v2\/product\/39361","targetHints":{"allow":["GET"]}}],"collection":[{"href":"https:\/\/theinvisiblecollection.com\/fr\/wp-json\/wp\/v2\/product"}],"about":[{"href":"https:\/\/theinvisiblecollection.com\/fr\/wp-json\/wp\/v2\/types\/product"}],"wp:featuredmedia":[{"embeddable":true,"href":"https:\/\/theinvisiblecollection.com\/fr\/wp-json\/wp\/v2\/media\/102494"}],"wp:attachment":[{"href":"https:\/\/theinvisiblecollection.com\/fr\/wp-json\/wp\/v2\/media?parent=39361"}],"wp:term":[{"taxonomy":"product_brand","embeddable":true,"href":"https:\/\/theinvisiblecollection.com\/fr\/wp-json\/wp\/v2\/product_brand?post=39361"},{"taxonomy":"product_cat","embeddable":true,"href":"https:\/\/theinvisiblecollection.com\/fr\/wp-json\/wp\/v2\/product_cat?post=39361"},{"taxonomy":"product_tag","embeddable":true,"href":"https:\/\/theinvisiblecollection.com\/fr\/wp-json\/wp\/v2\/product_tag?post=39361"},{"taxonomy":"product_designer","embeddable":true,"href":"https:\/\/theinvisiblecollection.com\/fr\/wp-json\/wp\/v2\/product_designer?post=39361"},{"taxonomy":"comfabric","embeddable":true,"href":"https:\/\/theinvisiblecollection.com\/fr\/wp-json\/wp\/v2\/comfabric?post=39361"},{"taxonomy":"manufacturer","embeddable":true,"href":"https:\/\/theinvisiblecollection.com\/fr\/wp-json\/wp\/v2\/manufacturer?post=39361"},{"taxonomy":"reporting_designer","embeddable":true,"href":"https:\/\/theinvisiblecollection.com\/fr\/wp-json\/wp\/v2\/reporting_designer?post=39361"},{"taxonomy":"samplecomfabric","embeddable":true,"href":"https:\/\/theinvisiblecollection.com\/fr\/wp-json\/wp\/v2\/samplecomfabric?post=39361"},{"taxonomy":"clubroom_product_designer","embeddable":true,"href":"https:\/\/theinvisiblecollection.com\/fr\/wp-json\/wp\/v2\/designer_clubroom?post=39361"}],"curies":[{"name":"wp","href":"https:\/\/api.w.org\/{rel}","templated":true}]}}