{"id":39401,"date":"2019-01-07T00:00:00","date_gmt":"2019-01-07T00:00:00","guid":{"rendered":"https:\/\/www.theinvisiblecollection.com\/product\/table-basse-web\/"},"modified":"2026-05-01T07:39:47","modified_gmt":"2026-05-01T07:39:47","slug":"table-basse-web","status":"publish","type":"product","link":"https:\/\/theinvisiblecollection.com\/fr\/produit\/table-basse-web\/","title":{"rendered":"Table Basse Web"},"content":{"rendered":"<p style=\"text-align: justify;\">Une \u00e9l\u00e9gante table basse support\u00e9e par une base sculpturale, disponible en finition acier noirci, avec un plateau en laiton bross\u00e9, ou en finition feuille d&#8217;or et \u00a0plateau en ch\u00eane fran\u00e7ais.<\/p>\n","protected":false},"excerpt":{"rendered":"<p>Table basse disponible en deux finitions :<br \/>\nBase en acier noir avec plateau en laiton bross\u00e9<br \/>\nBase en feuille d&#8217;or avec plateau en ch\u00eane Fran\u00e7ais<\/p>\n<p>L 180 x l 90 x H 38 cm<\/p>\n<p>Fabriqu\u00e9e \u00e0 la main au Liban<br \/>\nD\u00e9lais de fabrication : 10 &#8211; 12 semaines<\/p>\n<p class=\"p1\"><span class=\"s1\"><a href=\"https:\/\/www.theinvisiblecollection.com\/fr\/demande-de-devis\/?product_id=39401\">Contactez-nous pour toute demande de devis ou de renseignements<\/a><\/span><\/p>\n","protected":false},"featured_media":76089,"template":"","meta":{"_acf_changed":false,"content-type":"","_themeisle_gutenberg_block_has_review":false},"product_brand":[],"product_cat":[7509,12503],"product_tag":[9673,10571,6345,9165],"product_designer":[8872],"comfabric":[],"manufacturer":[25164],"reporting_designer":[37874],"samplecomfabric":[],"designer_clubroom":[],"class_list":{"0":"post-39401","1":"product","2":"type-product","3":"status-publish","4":"has-post-thumbnail","6":"product_cat-tables-basses-dappoint","7":"product_cat-tables-fr","8":"product_tag-nada-debs-fr-fr","9":"product_tag-web","10":"product_tag-liban-fr","11":"product_tag-feuille-dor","12":"product_designer-nada-debs-fr","13":"manufacturer-capit-logistics-lebanon-fr","14":"reporting_designer-nada-debs","16":"first","17":"instock","18":"taxable","19":"shipping-taxable","20":"purchasable","21":"product-type-variable"},"acf":[],"_links":{"self":[{"href":"https:\/\/theinvisiblecollection.com\/fr\/wp-json\/wp\/v2\/product\/39401","targetHints":{"allow":["GET"]}}],"collection":[{"href":"https:\/\/theinvisiblecollection.com\/fr\/wp-json\/wp\/v2\/product"}],"about":[{"href":"https:\/\/theinvisiblecollection.com\/fr\/wp-json\/wp\/v2\/types\/product"}],"wp:featuredmedia":[{"embeddable":true,"href":"https:\/\/theinvisiblecollection.com\/fr\/wp-json\/wp\/v2\/media\/76089"}],"wp:attachment":[{"href":"https:\/\/theinvisiblecollection.com\/fr\/wp-json\/wp\/v2\/media?parent=39401"}],"wp:term":[{"taxonomy":"product_brand","embeddable":true,"href":"https:\/\/theinvisiblecollection.com\/fr\/wp-json\/wp\/v2\/product_brand?post=39401"},{"taxonomy":"product_cat","embeddable":true,"href":"https:\/\/theinvisiblecollection.com\/fr\/wp-json\/wp\/v2\/product_cat?post=39401"},{"taxonomy":"product_tag","embeddable":true,"href":"https:\/\/theinvisiblecollection.com\/fr\/wp-json\/wp\/v2\/product_tag?post=39401"},{"taxonomy":"product_designer","embeddable":true,"href":"https:\/\/theinvisiblecollection.com\/fr\/wp-json\/wp\/v2\/product_designer?post=39401"},{"taxonomy":"comfabric","embeddable":true,"href":"https:\/\/theinvisiblecollection.com\/fr\/wp-json\/wp\/v2\/comfabric?post=39401"},{"taxonomy":"manufacturer","embeddable":true,"href":"https:\/\/theinvisiblecollection.com\/fr\/wp-json\/wp\/v2\/manufacturer?post=39401"},{"taxonomy":"reporting_designer","embeddable":true,"href":"https:\/\/theinvisiblecollection.com\/fr\/wp-json\/wp\/v2\/reporting_designer?post=39401"},{"taxonomy":"samplecomfabric","embeddable":true,"href":"https:\/\/theinvisiblecollection.com\/fr\/wp-json\/wp\/v2\/samplecomfabric?post=39401"},{"taxonomy":"clubroom_product_designer","embeddable":true,"href":"https:\/\/theinvisiblecollection.com\/fr\/wp-json\/wp\/v2\/designer_clubroom?post=39401"}],"curies":[{"name":"wp","href":"https:\/\/api.w.org\/{rel}","templated":true}]}}