{"id":39436,"date":"2019-04-16T00:00:00","date_gmt":"2019-04-16T00:00:00","guid":{"rendered":"https:\/\/www.theinvisiblecollection.com\/product\/table-cafe\/"},"modified":"2026-05-01T07:39:47","modified_gmt":"2026-05-01T07:39:47","slug":"etel-table-cafe","status":"publish","type":"product","link":"https:\/\/theinvisiblecollection.com\/fr\/produit\/etel-table-cafe\/","title":{"rendered":"Table ME-512"},"content":{"rendered":"","protected":false},"excerpt":{"rendered":"<p>Design par Jorge Zalszupin<br \/>\nTable en bois Pau Ferro<\/p>\n<p>Dimensions de la table ferm\u00e9e : L 99 x l 99 x H 74 cm<br \/>\nDimensions de la table ouverte : L 142 x l 142 x H 74 cm<\/p>\n<p>Fabriqu\u00e9e \u00e0 la main au Br\u00e9sil<br \/>\nD\u00e9lais de production : 20 &#8211; 24 semaines<\/p>\n<p><span style=\"text-decoration: underline;\"><a href=\"https:\/\/www.theinvisiblecollection.com\/fr\/demande-de-devis\/?product_id=39436\" target=\"_blank\" rel=\"noopener noreferrer\">Contactez-nous pour toute demande de devis ou de renseignements<\/a><\/span><\/p>\n","protected":false},"featured_media":83581,"template":"","meta":{"_acf_changed":false,"content-type":"","_themeisle_gutenberg_block_has_review":false},"product_brand":[],"product_cat":[8977,12503],"product_tag":[8862,8863,8943,8953,9066,9416,9668,11335,8854,8855],"product_designer":[8866,15483],"comfabric":[],"manufacturer":[16878],"reporting_designer":[37382],"samplecomfabric":[],"designer_clubroom":[],"class_list":{"0":"post-39436","1":"product","2":"type-product","3":"status-publish","4":"has-post-thumbnail","6":"product_cat-tables-salle-a-manger","7":"product_cat-tables-fr","8":"product_tag-etel-carmona-fr-3","9":"product_tag-etel-design-fr-2","10":"product_tag-jorge-zalszupin-fr","11":"product_tag-salle-a-manger","12":"product_tag-table-basse","13":"product_tag-design-fr","14":"product_tag-designer-bresilien-fr-fr","15":"product_tag-eco-design","16":"product_tag-etel-fr-2","17":"product_tag-table-fr-3","18":"product_designer-etel-fr","19":"product_designer-jorge-zalszupin-par-etel","20":"manufacturer-etel-atelier-1-fr","21":"reporting_designer-etel","23":"first","24":"instock","25":"taxable","26":"shipping-taxable","27":"purchasable","28":"product-type-simple"},"acf":[],"_links":{"self":[{"href":"https:\/\/theinvisiblecollection.com\/fr\/wp-json\/wp\/v2\/product\/39436","targetHints":{"allow":["GET"]}}],"collection":[{"href":"https:\/\/theinvisiblecollection.com\/fr\/wp-json\/wp\/v2\/product"}],"about":[{"href":"https:\/\/theinvisiblecollection.com\/fr\/wp-json\/wp\/v2\/types\/product"}],"wp:featuredmedia":[{"embeddable":true,"href":"https:\/\/theinvisiblecollection.com\/fr\/wp-json\/wp\/v2\/media\/83581"}],"wp:attachment":[{"href":"https:\/\/theinvisiblecollection.com\/fr\/wp-json\/wp\/v2\/media?parent=39436"}],"wp:term":[{"taxonomy":"product_brand","embeddable":true,"href":"https:\/\/theinvisiblecollection.com\/fr\/wp-json\/wp\/v2\/product_brand?post=39436"},{"taxonomy":"product_cat","embeddable":true,"href":"https:\/\/theinvisiblecollection.com\/fr\/wp-json\/wp\/v2\/product_cat?post=39436"},{"taxonomy":"product_tag","embeddable":true,"href":"https:\/\/theinvisiblecollection.com\/fr\/wp-json\/wp\/v2\/product_tag?post=39436"},{"taxonomy":"product_designer","embeddable":true,"href":"https:\/\/theinvisiblecollection.com\/fr\/wp-json\/wp\/v2\/product_designer?post=39436"},{"taxonomy":"comfabric","embeddable":true,"href":"https:\/\/theinvisiblecollection.com\/fr\/wp-json\/wp\/v2\/comfabric?post=39436"},{"taxonomy":"manufacturer","embeddable":true,"href":"https:\/\/theinvisiblecollection.com\/fr\/wp-json\/wp\/v2\/manufacturer?post=39436"},{"taxonomy":"reporting_designer","embeddable":true,"href":"https:\/\/theinvisiblecollection.com\/fr\/wp-json\/wp\/v2\/reporting_designer?post=39436"},{"taxonomy":"samplecomfabric","embeddable":true,"href":"https:\/\/theinvisiblecollection.com\/fr\/wp-json\/wp\/v2\/samplecomfabric?post=39436"},{"taxonomy":"clubroom_product_designer","embeddable":true,"href":"https:\/\/theinvisiblecollection.com\/fr\/wp-json\/wp\/v2\/designer_clubroom?post=39436"}],"curies":[{"name":"wp","href":"https:\/\/api.w.org\/{rel}","templated":true}]}}