{"id":39452,"date":"2019-11-11T00:00:00","date_gmt":"2019-11-10T23:00:00","guid":{"rendered":"https:\/\/www.theinvisiblecollection.com\/product\/table-dappoint-arquipelago\/"},"modified":"2026-05-08T04:40:59","modified_gmt":"2026-05-08T04:40:59","slug":"etel-table-dappoint-arquipelago","status":"publish","type":"product","link":"https:\/\/theinvisiblecollection.com\/fr\/produit\/etel-table-dappoint-arquipelago\/","title":{"rendered":"Table d&#8217;appoint Arquipelago"},"content":{"rendered":"<p style=\"text-align: justify;\">Dessin\u00e9e par Arthur Casas, la d\u00e9licate collection Arquipelago forme des \u00eeles qui peuvent \u00eatre dispos\u00e9es de mani\u00e8re ludique dans un certain nombre de configurations semblables \u00e0 celles d&#8217;un archipel. Les lignes sinueuses des mesas \u00e9voquent une esth\u00e9tique moderne du milieu du si\u00e8cle et font r\u00e9f\u00e9rence aux traditions br\u00e9siliennes de fabrication du bois. Le r\u00e9sultat : une pi\u00e8ce magnifique, unique et contemporaine qui transcende les contextes spatio-temporels.<\/p>\n","protected":false},"excerpt":{"rendered":"<p>Design par Arthur de Mattos Casas<br \/>\nTable d&#8217;appoint photographi\u00e9e ici en Bois Naturel Freijo<br \/>\n<span style=\"text-decoration: underline;\"><a href=\"https:\/\/theinvisiblecollection.com\/wp-content\/uploads\/2021\/06\/TheInvisibleCollection_Wood_Samples_Arquipelago.pdf\" target=\"_blank\" rel=\"noopener\">D\u00e9couvrez la s\u00e9lection de bois<\/a><\/span><\/p>\n<p>&nbsp;<\/p>\n<p>L 79.2 x l 68 x H 56.4 cm<\/p>\n<p>Fabriqu\u00e9e \u00e0 la main au Br\u00e9sil<br \/>\nD\u00e9lai de production : 20 &#8211; 24 semaines<\/p>\n<p><span style=\"text-decoration: underline;\"><a href=\"https:\/\/www.theinvisiblecollection.com\/fr\/demande-de-devis\/?product_id=39452\">Contactez-nous pour toute demande de devis ou de renseignements<\/a><\/span><\/p>\n","protected":false},"featured_media":77174,"template":"","meta":{"_acf_changed":false,"content-type":"","_themeisle_gutenberg_block_has_review":false},"product_brand":[],"product_cat":[12514,7509,12332,12503],"product_tag":[9431,11335],"product_designer":[8866],"comfabric":[28854],"manufacturer":[16878],"reporting_designer":[37382],"samplecomfabric":[30448],"designer_clubroom":[],"class_list":{"0":"post-39452","1":"product","2":"type-product","3":"status-publish","4":"has-post-thumbnail","6":"product_cat-tables-de-chevet","7":"product_cat-tables-basses-dappoint","8":"product_cat-tables-dappoint","9":"product_cat-tables-fr","10":"product_tag-gueridon-fr-3","11":"product_tag-eco-design","12":"pa_wood-freijo-delave-fr","13":"pa_wood-freijo-naturel-fr","14":"pa_wood-imbuia-miel-fr","15":"product_designer-etel-fr","16":"comfabric-etel-atelier-1-fr","17":"manufacturer-etel-atelier-1-fr","18":"reporting_designer-etel","19":"samplecomfabric-etel-fr","21":"first","22":"instock","23":"taxable","24":"shipping-taxable","25":"purchasable","26":"product-type-variable"},"acf":[],"_links":{"self":[{"href":"https:\/\/theinvisiblecollection.com\/fr\/wp-json\/wp\/v2\/product\/39452","targetHints":{"allow":["GET"]}}],"collection":[{"href":"https:\/\/theinvisiblecollection.com\/fr\/wp-json\/wp\/v2\/product"}],"about":[{"href":"https:\/\/theinvisiblecollection.com\/fr\/wp-json\/wp\/v2\/types\/product"}],"wp:featuredmedia":[{"embeddable":true,"href":"https:\/\/theinvisiblecollection.com\/fr\/wp-json\/wp\/v2\/media\/77174"}],"wp:attachment":[{"href":"https:\/\/theinvisiblecollection.com\/fr\/wp-json\/wp\/v2\/media?parent=39452"}],"wp:term":[{"taxonomy":"product_brand","embeddable":true,"href":"https:\/\/theinvisiblecollection.com\/fr\/wp-json\/wp\/v2\/product_brand?post=39452"},{"taxonomy":"product_cat","embeddable":true,"href":"https:\/\/theinvisiblecollection.com\/fr\/wp-json\/wp\/v2\/product_cat?post=39452"},{"taxonomy":"product_tag","embeddable":true,"href":"https:\/\/theinvisiblecollection.com\/fr\/wp-json\/wp\/v2\/product_tag?post=39452"},{"taxonomy":"product_designer","embeddable":true,"href":"https:\/\/theinvisiblecollection.com\/fr\/wp-json\/wp\/v2\/product_designer?post=39452"},{"taxonomy":"comfabric","embeddable":true,"href":"https:\/\/theinvisiblecollection.com\/fr\/wp-json\/wp\/v2\/comfabric?post=39452"},{"taxonomy":"manufacturer","embeddable":true,"href":"https:\/\/theinvisiblecollection.com\/fr\/wp-json\/wp\/v2\/manufacturer?post=39452"},{"taxonomy":"reporting_designer","embeddable":true,"href":"https:\/\/theinvisiblecollection.com\/fr\/wp-json\/wp\/v2\/reporting_designer?post=39452"},{"taxonomy":"samplecomfabric","embeddable":true,"href":"https:\/\/theinvisiblecollection.com\/fr\/wp-json\/wp\/v2\/samplecomfabric?post=39452"},{"taxonomy":"clubroom_product_designer","embeddable":true,"href":"https:\/\/theinvisiblecollection.com\/fr\/wp-json\/wp\/v2\/designer_clubroom?post=39452"}],"curies":[{"name":"wp","href":"https:\/\/api.w.org\/{rel}","templated":true}]}}