{"id":3945473,"date":"2023-10-13T11:41:02","date_gmt":"2023-10-13T10:41:02","guid":{"rendered":"https:\/\/theinvisiblecollection.com\/?post_type=product&#038;p=3945473"},"modified":"2026-05-01T07:37:59","modified_gmt":"2026-05-01T07:37:59","slug":"natalia-criado-cafetiere-simple-en-argent","status":"publish","type":"product","link":"https:\/\/theinvisiblecollection.com\/fr\/produit\/natalia-criado-cafetiere-simple-en-argent\/","title":{"rendered":"Cafeti\u00e8re simple en argent"},"content":{"rendered":"","protected":false},"excerpt":{"rendered":"<ul>\n<li>Cafeti\u00e8re en m\u00e9tal argent\u00e9<\/li>\n<li>Manche en pierre de quartz rose<\/li>\n<\/ul>\n","protected":false},"featured_media":4228656,"template":"","meta":{"_acf_changed":false,"content-type":"","_themeisle_gutenberg_block_has_review":false},"product_brand":[],"product_cat":[19981,19982,19988,19990],"product_tag":[22790],"product_designer":[],"comfabric":[],"manufacturer":[18270],"reporting_designer":[],"samplecomfabric":[],"designer_clubroom":[20509],"class_list":{"0":"post-3945473","1":"product","2":"type-product","3":"status-publish","4":"has-post-thumbnail","6":"clubroom_taxonomies-gift-room","7":"product_cat-art-de-la-table","8":"product_cat-tasse-a-the-et-mugs","9":"product_cat-carafes","10":"product_cat-accessoires-de-cuisine","11":"product_tag-disponible-immediatement","12":"manufacturer-natalia-criado-fr","13":"clubroom_product_designer-natalia-criado-fr","14":"exhibitions-paris-fr","16":"first","17":"instock","18":"taxable","19":"shipping-taxable","20":"purchasable","21":"product-type-simple"},"acf":[],"_links":{"self":[{"href":"https:\/\/theinvisiblecollection.com\/fr\/wp-json\/wp\/v2\/product\/3945473","targetHints":{"allow":["GET"]}}],"collection":[{"href":"https:\/\/theinvisiblecollection.com\/fr\/wp-json\/wp\/v2\/product"}],"about":[{"href":"https:\/\/theinvisiblecollection.com\/fr\/wp-json\/wp\/v2\/types\/product"}],"wp:featuredmedia":[{"embeddable":true,"href":"https:\/\/theinvisiblecollection.com\/fr\/wp-json\/wp\/v2\/media\/4228656"}],"wp:attachment":[{"href":"https:\/\/theinvisiblecollection.com\/fr\/wp-json\/wp\/v2\/media?parent=3945473"}],"wp:term":[{"taxonomy":"product_brand","embeddable":true,"href":"https:\/\/theinvisiblecollection.com\/fr\/wp-json\/wp\/v2\/product_brand?post=3945473"},{"taxonomy":"product_cat","embeddable":true,"href":"https:\/\/theinvisiblecollection.com\/fr\/wp-json\/wp\/v2\/product_cat?post=3945473"},{"taxonomy":"product_tag","embeddable":true,"href":"https:\/\/theinvisiblecollection.com\/fr\/wp-json\/wp\/v2\/product_tag?post=3945473"},{"taxonomy":"product_designer","embeddable":true,"href":"https:\/\/theinvisiblecollection.com\/fr\/wp-json\/wp\/v2\/product_designer?post=3945473"},{"taxonomy":"comfabric","embeddable":true,"href":"https:\/\/theinvisiblecollection.com\/fr\/wp-json\/wp\/v2\/comfabric?post=3945473"},{"taxonomy":"manufacturer","embeddable":true,"href":"https:\/\/theinvisiblecollection.com\/fr\/wp-json\/wp\/v2\/manufacturer?post=3945473"},{"taxonomy":"reporting_designer","embeddable":true,"href":"https:\/\/theinvisiblecollection.com\/fr\/wp-json\/wp\/v2\/reporting_designer?post=3945473"},{"taxonomy":"samplecomfabric","embeddable":true,"href":"https:\/\/theinvisiblecollection.com\/fr\/wp-json\/wp\/v2\/samplecomfabric?post=3945473"},{"taxonomy":"clubroom_product_designer","embeddable":true,"href":"https:\/\/theinvisiblecollection.com\/fr\/wp-json\/wp\/v2\/designer_clubroom?post=3945473"}],"curies":[{"name":"wp","href":"https:\/\/api.w.org\/{rel}","templated":true}]}}