{"id":39461,"date":"2019-04-16T00:00:00","date_gmt":"2019-04-15T23:00:00","guid":{"rendered":"https:\/\/www.theinvisiblecollection.com\/product\/table-dappoint-circular\/"},"modified":"2026-05-08T04:40:59","modified_gmt":"2026-05-08T04:40:59","slug":"table-dappoint-circular","status":"publish","type":"product","link":"https:\/\/theinvisiblecollection.com\/fr\/produit\/table-dappoint-circular\/","title":{"rendered":"Table d&#8217;Appoint Circular"},"content":{"rendered":"<p style=\"text-align: justify;\">La table d&#8217;appoint Circular a \u00e9t\u00e9 cr\u00e9\u00e9e par Gregori Warchavchik en 1928, pour meubler la premi\u00e8re maison moderniste construite au Br\u00e9sil, rue Santa Cruz, \u00e0 Sao Paulo. La pi\u00e8ce allie la simplicit\u00e9 des lignes g\u00e9om\u00e9triques \u00e0 l&#8217;esth\u00e9tique Art D\u00e9co.<\/p>\n","protected":false},"excerpt":{"rendered":"<p>Design par Gregori Warchavchik en 1928<br \/>\nSur l&#8217;image, table en bois d&#8217;Imbuia couleur miel<br \/>\n<span style=\"text-decoration: underline;\"><a href=\"https:\/\/theinvisiblecollection.com\/wp-content\/uploads\/2022\/12\/TheInvisibleCollection_EtelWoodSelection1pdf.pdf\">D\u00e9couvrez la s\u00e9lection de bois ici<\/a><\/span><\/p>\n<p>\u00d8\u00a080 x H 58 cm<\/p>\n<p>Fabriqu\u00e9e \u00e0 la main au Br\u00e9sil<br \/>\nD\u00e9lais de production : 20 &#8211; 24 semaines<\/p>\n<p><span style=\"text-decoration: underline;\"><a href=\"https:\/\/www.theinvisiblecollection.com\/fr\/demande-de-devis\/?product_id=39461\" target=\"_blank\" rel=\"noopener noreferrer\">Contactez-nous pour toute demande de devis ou de renseignements<\/a><\/span><\/p>\n","protected":false},"featured_media":77142,"template":"","meta":{"_acf_changed":false,"content-type":"","_themeisle_gutenberg_block_has_review":false},"product_brand":[],"product_cat":[12332,12501,12503,12514],"product_tag":[8854,8855,8862,8952,9059,9416,9668,10493,11235,11335],"product_designer":[8866],"comfabric":[28854],"manufacturer":[16878],"reporting_designer":[37382],"samplecomfabric":[30448],"designer_clubroom":[],"class_list":{"0":"post-39461","1":"product","2":"type-product","3":"status-publish","4":"has-post-thumbnail","6":"product_cat-tables-dappoint","7":"product_cat-chambre-a-coucher","8":"product_cat-tables-fr","9":"product_cat-tables-de-chevet","10":"product_tag-etel-fr-2","11":"product_tag-table-fr-3","12":"product_tag-etel-carmona-fr-3","13":"product_tag-bois-fr","14":"product_tag-gueridon-fr-2","15":"product_tag-design-fr","16":"product_tag-designer-bresilien-fr-fr","17":"product_tag-table-de-nuit","18":"product_tag-reedition-fr-fr","19":"product_tag-eco-design","20":"pa_wood-freijo-delave-fr","21":"pa_wood-freijo-naturel-fr","22":"pa_wood-imbuia-miel-fr","23":"product_designer-etel-fr","24":"comfabric-etel-atelier-1-fr","25":"manufacturer-etel-atelier-1-fr","26":"reporting_designer-etel","27":"samplecomfabric-etel-fr","29":"first","30":"instock","31":"taxable","32":"shipping-taxable","33":"purchasable","34":"product-type-variable"},"acf":[],"_links":{"self":[{"href":"https:\/\/theinvisiblecollection.com\/fr\/wp-json\/wp\/v2\/product\/39461","targetHints":{"allow":["GET"]}}],"collection":[{"href":"https:\/\/theinvisiblecollection.com\/fr\/wp-json\/wp\/v2\/product"}],"about":[{"href":"https:\/\/theinvisiblecollection.com\/fr\/wp-json\/wp\/v2\/types\/product"}],"wp:featuredmedia":[{"embeddable":true,"href":"https:\/\/theinvisiblecollection.com\/fr\/wp-json\/wp\/v2\/media\/77142"}],"wp:attachment":[{"href":"https:\/\/theinvisiblecollection.com\/fr\/wp-json\/wp\/v2\/media?parent=39461"}],"wp:term":[{"taxonomy":"product_brand","embeddable":true,"href":"https:\/\/theinvisiblecollection.com\/fr\/wp-json\/wp\/v2\/product_brand?post=39461"},{"taxonomy":"product_cat","embeddable":true,"href":"https:\/\/theinvisiblecollection.com\/fr\/wp-json\/wp\/v2\/product_cat?post=39461"},{"taxonomy":"product_tag","embeddable":true,"href":"https:\/\/theinvisiblecollection.com\/fr\/wp-json\/wp\/v2\/product_tag?post=39461"},{"taxonomy":"product_designer","embeddable":true,"href":"https:\/\/theinvisiblecollection.com\/fr\/wp-json\/wp\/v2\/product_designer?post=39461"},{"taxonomy":"comfabric","embeddable":true,"href":"https:\/\/theinvisiblecollection.com\/fr\/wp-json\/wp\/v2\/comfabric?post=39461"},{"taxonomy":"manufacturer","embeddable":true,"href":"https:\/\/theinvisiblecollection.com\/fr\/wp-json\/wp\/v2\/manufacturer?post=39461"},{"taxonomy":"reporting_designer","embeddable":true,"href":"https:\/\/theinvisiblecollection.com\/fr\/wp-json\/wp\/v2\/reporting_designer?post=39461"},{"taxonomy":"samplecomfabric","embeddable":true,"href":"https:\/\/theinvisiblecollection.com\/fr\/wp-json\/wp\/v2\/samplecomfabric?post=39461"},{"taxonomy":"clubroom_product_designer","embeddable":true,"href":"https:\/\/theinvisiblecollection.com\/fr\/wp-json\/wp\/v2\/designer_clubroom?post=39461"}],"curies":[{"name":"wp","href":"https:\/\/api.w.org\/{rel}","templated":true}]}}