{"id":39467,"date":"2019-04-16T00:00:00","date_gmt":"2019-04-15T23:00:00","guid":{"rendered":"https:\/\/www.theinvisiblecollection.com\/product\/table-dappoint-domino\/"},"modified":"2026-05-01T07:39:47","modified_gmt":"2026-05-01T07:39:47","slug":"table-dappoint-domino","status":"publish","type":"product","link":"https:\/\/theinvisiblecollection.com\/fr\/produit\/table-dappoint-domino\/","title":{"rendered":"Table d&#8217;Appoint Domino"},"content":{"rendered":"<p>Dessin\u00e9e par Jorge Zalszupin, le langage de cette pi\u00e8ce est la simplicit\u00e9 g\u00e9om\u00e9trique, sugg\u00e9rant des combinaisons modulaires, comme dans un jeu de dominos. Sur un seul cadre en fer, les modules sont recouverts de pierre pour former des tables d&#8217;appui.<\/p>\n","protected":false},"excerpt":{"rendered":"<p>Design par Jorge Zalszupin<br \/>\nSur l&#8217;image, structure r\u00e9alis\u00e9e en fer noir et plateau en Travertine Navona<br \/>\n<span style=\"text-decoration: underline;\"><a href=\"https:\/\/theinvisiblecollection.com\/wp-content\/uploads\/2021\/05\/TheInvisibleCollection_Marble_Samples_Domino_Sidetable.pdf\">D\u00e9couvrir une s\u00e9lection de mat\u00e9riaux pour le plateau<\/a><\/span><br \/>\n<span style=\"text-decoration: underline;\"><a href=\"https:\/\/theinvisiblecollection.com\/wp-content\/uploads\/2021\/05\/TheInvisibleCollection_Etel_Metal_Samples.pdf\">D\u00e9couvrir une s\u00e9lection de d&#8217;acier<\/a><\/span><\/p>\n<p>L 35 x l 35 x H 36 cm<\/p>\n<p>Fabriqu\u00e9e \u00e0 la main au Br\u00e9sil<br \/>\nD\u00e9lais de production : 20 &#8211; 24 semaines<\/p>\n<p><span style=\"text-decoration: underline;\"><a href=\"https:\/\/www.theinvisiblecollection.com\/fr\/demande-de-devis\/?product_id=39467\" target=\"_blank\" rel=\"noopener noreferrer\">Contactez-nous pour toute demande de devis ou de renseignements<\/a><\/span><\/p>\n","protected":false},"featured_media":3985320,"template":"","meta":{"_acf_changed":false,"content-type":"","_themeisle_gutenberg_block_has_review":false},"product_brand":[],"product_cat":[12332,12503,12514],"product_tag":[8854,8943,9030,9059,9416,11237],"product_designer":[8866,15483],"comfabric":[28854],"manufacturer":[16878],"reporting_designer":[37382],"samplecomfabric":[30448],"designer_clubroom":[],"class_list":{"0":"post-39467","1":"product","2":"type-product","3":"status-publish","4":"has-post-thumbnail","6":"product_cat-tables-dappoint","7":"product_cat-tables-fr","8":"product_cat-tables-de-chevet","9":"product_tag-etel-fr-2","10":"product_tag-jorge-zalszupin-fr","11":"product_tag-marbre-fr-2","12":"product_tag-gueridon-fr-2","13":"product_tag-design-fr","14":"product_tag-fer","15":"pa_structure-acier-corten-fr","16":"pa_structure-fer-noir-fr","17":"product_designer-etel-fr","18":"product_designer-jorge-zalszupin-par-etel","19":"comfabric-etel-atelier-1-fr","20":"manufacturer-etel-atelier-1-fr","21":"reporting_designer-etel","22":"samplecomfabric-etel-fr","24":"first","25":"instock","26":"taxable","27":"shipping-taxable","28":"purchasable","29":"product-type-variable"},"acf":[],"_links":{"self":[{"href":"https:\/\/theinvisiblecollection.com\/fr\/wp-json\/wp\/v2\/product\/39467","targetHints":{"allow":["GET"]}}],"collection":[{"href":"https:\/\/theinvisiblecollection.com\/fr\/wp-json\/wp\/v2\/product"}],"about":[{"href":"https:\/\/theinvisiblecollection.com\/fr\/wp-json\/wp\/v2\/types\/product"}],"wp:featuredmedia":[{"embeddable":true,"href":"https:\/\/theinvisiblecollection.com\/fr\/wp-json\/wp\/v2\/media\/3985320"}],"wp:attachment":[{"href":"https:\/\/theinvisiblecollection.com\/fr\/wp-json\/wp\/v2\/media?parent=39467"}],"wp:term":[{"taxonomy":"product_brand","embeddable":true,"href":"https:\/\/theinvisiblecollection.com\/fr\/wp-json\/wp\/v2\/product_brand?post=39467"},{"taxonomy":"product_cat","embeddable":true,"href":"https:\/\/theinvisiblecollection.com\/fr\/wp-json\/wp\/v2\/product_cat?post=39467"},{"taxonomy":"product_tag","embeddable":true,"href":"https:\/\/theinvisiblecollection.com\/fr\/wp-json\/wp\/v2\/product_tag?post=39467"},{"taxonomy":"product_designer","embeddable":true,"href":"https:\/\/theinvisiblecollection.com\/fr\/wp-json\/wp\/v2\/product_designer?post=39467"},{"taxonomy":"comfabric","embeddable":true,"href":"https:\/\/theinvisiblecollection.com\/fr\/wp-json\/wp\/v2\/comfabric?post=39467"},{"taxonomy":"manufacturer","embeddable":true,"href":"https:\/\/theinvisiblecollection.com\/fr\/wp-json\/wp\/v2\/manufacturer?post=39467"},{"taxonomy":"reporting_designer","embeddable":true,"href":"https:\/\/theinvisiblecollection.com\/fr\/wp-json\/wp\/v2\/reporting_designer?post=39467"},{"taxonomy":"samplecomfabric","embeddable":true,"href":"https:\/\/theinvisiblecollection.com\/fr\/wp-json\/wp\/v2\/samplecomfabric?post=39467"},{"taxonomy":"clubroom_product_designer","embeddable":true,"href":"https:\/\/theinvisiblecollection.com\/fr\/wp-json\/wp\/v2\/designer_clubroom?post=39467"}],"curies":[{"name":"wp","href":"https:\/\/api.w.org\/{rel}","templated":true}]}}