{"id":39506,"date":"2024-09-09T08:51:00","date_gmt":"2024-09-09T08:51:00","guid":{"rendered":"https:\/\/www.theinvisiblecollection.com\/product\/table-dappoint-fiore\/"},"modified":"2026-05-01T07:39:47","modified_gmt":"2026-05-01T07:39:47","slug":"osanna-visconti-table-dappoint-fiore","status":"publish","type":"product","link":"https:\/\/theinvisiblecollection.com\/fr\/produit\/osanna-visconti-table-dappoint-fiore\/","title":{"rendered":"Table d&#8217;Appoint Fiore"},"content":{"rendered":"<p style=\"text-align: justify;\">Ces deux tables d&#8217;appoint simples me rappellent la puret\u00e9 d&#8217;une fleur de printemps orn\u00e9e d&#8217;une longue tige. Elles sont disponibles en deux couleurs diff\u00e9rentes de bronze.<\/p>\n<p>Projet de Marie Sophie Roussel photographi\u00e9 par Harry Crowder.<\/p>\n","protected":false},"excerpt":{"rendered":"<p>Table en bronze ou en bronze plaqu\u00e9 de nickel<br \/>\nSculpt\u00e9e gr\u00e2ce \u00e0 la technique de la cire perdue<br \/>\nChaque pi\u00e8ce est unique<br \/>\nDimensions et mat\u00e9riaux sur-mesure sur demande<\/p>\n<p>Disponible en deux dimensions :<br \/>\n\u00d8 32 x H 57 \u00a0cm<br \/>\n\u00d8 32 x H 64 cm<\/p>\n<p>Fabriqu\u00e9e \u00e0 la main en Italie<br \/>\nD\u00e9lais de production : 14 &#8211; 18 semaines<br \/>\n<span style=\"text-decoration: underline;\"><a href=\"https:\/\/www.theinvisiblecollection.com\/fr\/demande-de-devis\/?product_id=39506\" target=\"_blank\" rel=\"noopener noreferrer\">Contactez-nous pour toute demande de devis ou de renseignements<\/a><\/span><\/p>\n","protected":false},"featured_media":5340666,"template":"","meta":{"_acf_changed":false,"content-type":"","_themeisle_gutenberg_block_has_review":false},"product_brand":[],"product_cat":[12332,12503],"product_tag":[9006,9059,10355,11659,12734,14925,22790,31476],"product_designer":[8873],"comfabric":[],"manufacturer":[20003],"reporting_designer":[37502],"samplecomfabric":[],"designer_clubroom":[],"class_list":{"0":"post-39506","1":"product","2":"type-product","3":"status-publish","4":"has-post-thumbnail","6":"product_cat-tables-dappoint","7":"product_cat-tables-fr","8":"product_tag-st-moritz-fr-3","9":"product_tag-gueridon-fr-2","10":"product_tag-iconique","11":"product_tag-osanna-visconti-di-modrone-fr","12":"product_tag-superstar-fr","13":"product_tag-hpfav-fr","14":"product_tag-disponible-immediatement","15":"product_tag-st-collectible-fr","16":"pa_material-bronze-naturel-fr","17":"pa_material-nickel-plated-bronze-fr","18":"pa_size-petit","19":"pa_size-haut","20":"product_designer-osanna-visconti-fr","21":"manufacturer-osanna-visconti-foundry-fr","22":"reporting_designer-osanna-visconti","23":"exhibitions-paris-fr","25":"first","26":"instock","27":"taxable","28":"shipping-taxable","29":"product-type-variable"},"acf":[],"_links":{"self":[{"href":"https:\/\/theinvisiblecollection.com\/fr\/wp-json\/wp\/v2\/product\/39506","targetHints":{"allow":["GET"]}}],"collection":[{"href":"https:\/\/theinvisiblecollection.com\/fr\/wp-json\/wp\/v2\/product"}],"about":[{"href":"https:\/\/theinvisiblecollection.com\/fr\/wp-json\/wp\/v2\/types\/product"}],"wp:featuredmedia":[{"embeddable":true,"href":"https:\/\/theinvisiblecollection.com\/fr\/wp-json\/wp\/v2\/media\/5340666"}],"wp:attachment":[{"href":"https:\/\/theinvisiblecollection.com\/fr\/wp-json\/wp\/v2\/media?parent=39506"}],"wp:term":[{"taxonomy":"product_brand","embeddable":true,"href":"https:\/\/theinvisiblecollection.com\/fr\/wp-json\/wp\/v2\/product_brand?post=39506"},{"taxonomy":"product_cat","embeddable":true,"href":"https:\/\/theinvisiblecollection.com\/fr\/wp-json\/wp\/v2\/product_cat?post=39506"},{"taxonomy":"product_tag","embeddable":true,"href":"https:\/\/theinvisiblecollection.com\/fr\/wp-json\/wp\/v2\/product_tag?post=39506"},{"taxonomy":"product_designer","embeddable":true,"href":"https:\/\/theinvisiblecollection.com\/fr\/wp-json\/wp\/v2\/product_designer?post=39506"},{"taxonomy":"comfabric","embeddable":true,"href":"https:\/\/theinvisiblecollection.com\/fr\/wp-json\/wp\/v2\/comfabric?post=39506"},{"taxonomy":"manufacturer","embeddable":true,"href":"https:\/\/theinvisiblecollection.com\/fr\/wp-json\/wp\/v2\/manufacturer?post=39506"},{"taxonomy":"reporting_designer","embeddable":true,"href":"https:\/\/theinvisiblecollection.com\/fr\/wp-json\/wp\/v2\/reporting_designer?post=39506"},{"taxonomy":"samplecomfabric","embeddable":true,"href":"https:\/\/theinvisiblecollection.com\/fr\/wp-json\/wp\/v2\/samplecomfabric?post=39506"},{"taxonomy":"clubroom_product_designer","embeddable":true,"href":"https:\/\/theinvisiblecollection.com\/fr\/wp-json\/wp\/v2\/designer_clubroom?post=39506"}],"curies":[{"name":"wp","href":"https:\/\/api.w.org\/{rel}","templated":true}]}}