{"id":39531,"date":"2019-01-07T00:00:00","date_gmt":"2019-01-06T23:00:00","guid":{"rendered":"https:\/\/www.theinvisiblecollection.com\/product\/table-dappoint-origami-c\/"},"modified":"2026-05-08T04:40:59","modified_gmt":"2026-05-08T04:40:59","slug":"nada-debs-table-dappoint-origami-c","status":"publish","type":"product","link":"https:\/\/theinvisiblecollection.com\/fr\/produit\/nada-debs-table-dappoint-origami-c\/","title":{"rendered":"Table D&#8217;Appoint Origami C"},"content":{"rendered":"<p style=\"text-align: justify;\">La table d&#8217;appoint Origami C se glisse sans probl\u00e8me sous un canap\u00e9 ou un fauteuil. Ses bords biseaut\u00e9s r\u00e9v\u00e8lent la finition pop de sa surface int\u00e9rieure.<\/p>\n","protected":false},"excerpt":{"rendered":"<p>Table d&#8217;appoint en noyer Am\u00e9ricain, recouverte de peinture mate sur la surface interne.<br \/>\nCouleurs disponibles : rouge, jaune, vert, bleu, marron<\/p>\n<p>L 28 x l 40 x H 53 cm<\/p>\n<p>Fabriqu\u00e9e \u00e0 la main au Liban<br \/>\nD\u00e9lais de fabrication : 10 &#8211; 12 semaines<\/p>\n<p class=\"p1\"><span class=\"s1\"><a href=\"https:\/\/www.theinvisiblecollection.com\/fr\/demande-de-devis\/?product_id=39531\">Contactez-nous pour toute demande de devis ou de renseignements<\/a><\/span><\/p>\n","protected":false},"featured_media":5340748,"template":"","meta":{"_acf_changed":false,"content-type":"","_themeisle_gutenberg_block_has_review":false},"product_brand":[],"product_cat":[12332,12503,12514],"product_tag":[6345,9059,9223,9238,9576,9673,9794],"product_designer":[8872],"comfabric":[],"manufacturer":[25164],"reporting_designer":[37874],"samplecomfabric":[],"designer_clubroom":[],"class_list":{"0":"post-39531","1":"product","2":"type-product","3":"status-publish","4":"has-post-thumbnail","6":"product_cat-tables-dappoint","7":"product_cat-tables-fr","8":"product_cat-tables-de-chevet","9":"product_tag-liban-fr","10":"product_tag-gueridon-fr-2","11":"product_tag-jaune","12":"product_tag-marron","13":"product_tag-vert","14":"product_tag-nada-debs-fr-fr","15":"product_tag-rouge","16":"product_designer-nada-debs-fr","17":"manufacturer-capit-logistics-lebanon-fr","18":"reporting_designer-nada-debs","20":"first","21":"instock","22":"taxable","23":"shipping-taxable","24":"purchasable","25":"product-type-variable"},"acf":[],"_links":{"self":[{"href":"https:\/\/theinvisiblecollection.com\/fr\/wp-json\/wp\/v2\/product\/39531","targetHints":{"allow":["GET"]}}],"collection":[{"href":"https:\/\/theinvisiblecollection.com\/fr\/wp-json\/wp\/v2\/product"}],"about":[{"href":"https:\/\/theinvisiblecollection.com\/fr\/wp-json\/wp\/v2\/types\/product"}],"wp:featuredmedia":[{"embeddable":true,"href":"https:\/\/theinvisiblecollection.com\/fr\/wp-json\/wp\/v2\/media\/5340748"}],"wp:attachment":[{"href":"https:\/\/theinvisiblecollection.com\/fr\/wp-json\/wp\/v2\/media?parent=39531"}],"wp:term":[{"taxonomy":"product_brand","embeddable":true,"href":"https:\/\/theinvisiblecollection.com\/fr\/wp-json\/wp\/v2\/product_brand?post=39531"},{"taxonomy":"product_cat","embeddable":true,"href":"https:\/\/theinvisiblecollection.com\/fr\/wp-json\/wp\/v2\/product_cat?post=39531"},{"taxonomy":"product_tag","embeddable":true,"href":"https:\/\/theinvisiblecollection.com\/fr\/wp-json\/wp\/v2\/product_tag?post=39531"},{"taxonomy":"product_designer","embeddable":true,"href":"https:\/\/theinvisiblecollection.com\/fr\/wp-json\/wp\/v2\/product_designer?post=39531"},{"taxonomy":"comfabric","embeddable":true,"href":"https:\/\/theinvisiblecollection.com\/fr\/wp-json\/wp\/v2\/comfabric?post=39531"},{"taxonomy":"manufacturer","embeddable":true,"href":"https:\/\/theinvisiblecollection.com\/fr\/wp-json\/wp\/v2\/manufacturer?post=39531"},{"taxonomy":"reporting_designer","embeddable":true,"href":"https:\/\/theinvisiblecollection.com\/fr\/wp-json\/wp\/v2\/reporting_designer?post=39531"},{"taxonomy":"samplecomfabric","embeddable":true,"href":"https:\/\/theinvisiblecollection.com\/fr\/wp-json\/wp\/v2\/samplecomfabric?post=39531"},{"taxonomy":"clubroom_product_designer","embeddable":true,"href":"https:\/\/theinvisiblecollection.com\/fr\/wp-json\/wp\/v2\/designer_clubroom?post=39531"}],"curies":[{"name":"wp","href":"https:\/\/api.w.org\/{rel}","templated":true}]}}