{"id":39533,"date":"2019-05-23T00:00:00","date_gmt":"2019-05-22T23:00:00","guid":{"rendered":"https:\/\/www.theinvisiblecollection.com\/product\/table-dappoint-paulico\/"},"modified":"2026-05-01T07:39:47","modified_gmt":"2026-05-01T07:39:47","slug":"etel-table-dappoint-paulico","status":"publish","type":"product","link":"https:\/\/theinvisiblecollection.com\/fr\/produit\/etel-table-dappoint-paulico\/","title":{"rendered":"Table d&#8217;Appoint Paulico"},"content":{"rendered":"","protected":false},"excerpt":{"rendered":"<p>Design par Paulo\u00a0Werneck<br \/>\nSur l&#8217;image, table d&#8217;appoint r\u00e9alis\u00e9e en bois de noyer br\u00e9silien Imbuia, couleur miel<br \/>\nPlateau en mosa\u00efque<br \/>\n<span style=\"text-decoration: underline;\"><a href=\"https:\/\/theinvisiblecollection.com\/wp-content\/uploads\/2022\/11\/TheInvisibleCollection_WoodSelection_JoaquimSideTable.jpg\" target=\"_blank\" rel=\"noopener\">D\u00e9couvrez la s\u00e9lection de bois ici<\/a><\/span><\/p>\n<p>Trois dimensions disponibles :<br \/>\nSmall : L 33,3 x l 32 x H 40 cm<br \/>\nMedium : L 38 x l 36 x H 47 cm<br \/>\nLarge : L 42 x l 39,7 x H 54 cm<\/p>\n<p>Fabriqu\u00e9e \u00e0 la main au Br\u00e9sil<br \/>\nD\u00e9lais de production : 20 &#8211; 24 semaines<\/p>\n<p><span style=\"text-decoration: underline;\"><a href=\"https:\/\/www.theinvisiblecollection.com\/fr\/demande-de-devis\/?product_id=39533\" target=\"_blank\" rel=\"noopener noreferrer\">Contactez-nous pour toute demande de devis ou de renseignements<\/a><\/span><\/p>\n","protected":false},"featured_media":76749,"template":"","meta":{"_acf_changed":false,"content-type":"","_themeisle_gutenberg_block_has_review":false},"product_brand":[],"product_cat":[12332,12503,12514],"product_tag":[8862,8863,9013,9059,9066,9668,10126,10132,10370,11335,11544],"product_designer":[8866,17880],"comfabric":[28854],"manufacturer":[16878],"reporting_designer":[37382],"samplecomfabric":[30448],"designer_clubroom":[],"class_list":{"0":"post-39533","1":"product","2":"type-product","3":"status-publish","4":"has-post-thumbnail","6":"product_cat-tables-dappoint","7":"product_cat-tables-fr","8":"product_cat-tables-de-chevet","9":"product_tag-etel-carmona-fr-3","10":"product_tag-etel-design-fr-2","11":"product_tag-cedre","12":"product_tag-gueridon-fr-2","13":"product_tag-table-basse","14":"product_tag-designer-bresilien-fr-fr","15":"product_tag-mosaique","16":"product_tag-dessin-de-mosaique","17":"product_tag-bresilien","18":"product_tag-eco-design","19":"product_tag-tables-irresistibles","20":"pa_wood-freijo-delave-fr","21":"pa_wood-freijo-naturel-fr","22":"pa_wood-imbuia-miel-fr","23":"product_designer-etel-fr","24":"product_designer-paulo-werneck-par-etel","25":"comfabric-etel-atelier-1-fr","26":"manufacturer-etel-atelier-1-fr","27":"reporting_designer-etel","28":"samplecomfabric-etel-fr","30":"first","31":"instock","32":"taxable","33":"shipping-taxable","34":"purchasable","35":"product-type-variable"},"acf":[],"_links":{"self":[{"href":"https:\/\/theinvisiblecollection.com\/fr\/wp-json\/wp\/v2\/product\/39533","targetHints":{"allow":["GET"]}}],"collection":[{"href":"https:\/\/theinvisiblecollection.com\/fr\/wp-json\/wp\/v2\/product"}],"about":[{"href":"https:\/\/theinvisiblecollection.com\/fr\/wp-json\/wp\/v2\/types\/product"}],"wp:featuredmedia":[{"embeddable":true,"href":"https:\/\/theinvisiblecollection.com\/fr\/wp-json\/wp\/v2\/media\/76749"}],"wp:attachment":[{"href":"https:\/\/theinvisiblecollection.com\/fr\/wp-json\/wp\/v2\/media?parent=39533"}],"wp:term":[{"taxonomy":"product_brand","embeddable":true,"href":"https:\/\/theinvisiblecollection.com\/fr\/wp-json\/wp\/v2\/product_brand?post=39533"},{"taxonomy":"product_cat","embeddable":true,"href":"https:\/\/theinvisiblecollection.com\/fr\/wp-json\/wp\/v2\/product_cat?post=39533"},{"taxonomy":"product_tag","embeddable":true,"href":"https:\/\/theinvisiblecollection.com\/fr\/wp-json\/wp\/v2\/product_tag?post=39533"},{"taxonomy":"product_designer","embeddable":true,"href":"https:\/\/theinvisiblecollection.com\/fr\/wp-json\/wp\/v2\/product_designer?post=39533"},{"taxonomy":"comfabric","embeddable":true,"href":"https:\/\/theinvisiblecollection.com\/fr\/wp-json\/wp\/v2\/comfabric?post=39533"},{"taxonomy":"manufacturer","embeddable":true,"href":"https:\/\/theinvisiblecollection.com\/fr\/wp-json\/wp\/v2\/manufacturer?post=39533"},{"taxonomy":"reporting_designer","embeddable":true,"href":"https:\/\/theinvisiblecollection.com\/fr\/wp-json\/wp\/v2\/reporting_designer?post=39533"},{"taxonomy":"samplecomfabric","embeddable":true,"href":"https:\/\/theinvisiblecollection.com\/fr\/wp-json\/wp\/v2\/samplecomfabric?post=39533"},{"taxonomy":"clubroom_product_designer","embeddable":true,"href":"https:\/\/theinvisiblecollection.com\/fr\/wp-json\/wp\/v2\/designer_clubroom?post=39533"}],"curies":[{"name":"wp","href":"https:\/\/api.w.org\/{rel}","templated":true}]}}