{"id":3953495,"date":"2023-10-04T09:52:30","date_gmt":"2023-10-04T08:52:30","guid":{"rendered":"https:\/\/theinvisiblecollection.com\/?post_type=product&#038;p=3953495"},"modified":"2026-05-01T07:37:56","modified_gmt":"2026-05-01T07:37:56","slug":"clubroom-lars-nilsson-bougeoir-bois-c15","status":"publish","type":"product","link":"https:\/\/theinvisiblecollection.com\/fr\/produit\/clubroom-lars-nilsson-bougeoir-bois-c15\/","title":{"rendered":"Bougeoir Bois C15"},"content":{"rendered":"<p style=\"text-align: justify;\">C\u2019est en observant la nature, que Lars Nilsson a trouv\u00e9 l\u2019inspiration de ses bougeoirs. Associations de couleurs, ch\u00eane massif sculpt\u00e9 \u00e0 la main, tissu en laine feutr\u00e9e cousu ont initi\u00e9 ses cr\u00e9ations.<\/p>\n","protected":false},"excerpt":{"rendered":"<ul>\n<li>Bougeoir<\/li>\n<li>Composition : bronze, c\u00e9ramique et laine<\/li>\n<li>Pi\u00e8ce unique<\/li>\n<\/ul>\n","protected":false},"featured_media":3953674,"template":"","meta":{"_acf_changed":false,"content-type":"","_themeisle_gutenberg_block_has_review":false},"product_brand":[],"product_cat":[7517,12529,12531],"product_tag":[22790,31477],"product_designer":[],"comfabric":[],"manufacturer":[17809],"reporting_designer":[],"samplecomfabric":[],"designer_clubroom":[20500],"class_list":{"0":"post-3953495","1":"product","2":"type-product","3":"status-publish","4":"has-post-thumbnail","6":"clubroom_taxonomies-gift-room","7":"product_cat-deco-fr","8":"product_cat-bougies-bougeoirs","9":"product_cat-objets-de-decoration","10":"product_tag-disponible-immediatement","11":"product_tag-st-curvy-fr","12":"manufacturer-lars-nilsson-fr","13":"clubroom_product_designer-lars-nilsson-fr","14":"exhibitions-londres-fr","16":"first","17":"instock","18":"taxable","19":"shipping-taxable","20":"purchasable","21":"product-type-simple"},"acf":[],"_links":{"self":[{"href":"https:\/\/theinvisiblecollection.com\/fr\/wp-json\/wp\/v2\/product\/3953495","targetHints":{"allow":["GET"]}}],"collection":[{"href":"https:\/\/theinvisiblecollection.com\/fr\/wp-json\/wp\/v2\/product"}],"about":[{"href":"https:\/\/theinvisiblecollection.com\/fr\/wp-json\/wp\/v2\/types\/product"}],"wp:featuredmedia":[{"embeddable":true,"href":"https:\/\/theinvisiblecollection.com\/fr\/wp-json\/wp\/v2\/media\/3953674"}],"wp:attachment":[{"href":"https:\/\/theinvisiblecollection.com\/fr\/wp-json\/wp\/v2\/media?parent=3953495"}],"wp:term":[{"taxonomy":"product_brand","embeddable":true,"href":"https:\/\/theinvisiblecollection.com\/fr\/wp-json\/wp\/v2\/product_brand?post=3953495"},{"taxonomy":"product_cat","embeddable":true,"href":"https:\/\/theinvisiblecollection.com\/fr\/wp-json\/wp\/v2\/product_cat?post=3953495"},{"taxonomy":"product_tag","embeddable":true,"href":"https:\/\/theinvisiblecollection.com\/fr\/wp-json\/wp\/v2\/product_tag?post=3953495"},{"taxonomy":"product_designer","embeddable":true,"href":"https:\/\/theinvisiblecollection.com\/fr\/wp-json\/wp\/v2\/product_designer?post=3953495"},{"taxonomy":"comfabric","embeddable":true,"href":"https:\/\/theinvisiblecollection.com\/fr\/wp-json\/wp\/v2\/comfabric?post=3953495"},{"taxonomy":"manufacturer","embeddable":true,"href":"https:\/\/theinvisiblecollection.com\/fr\/wp-json\/wp\/v2\/manufacturer?post=3953495"},{"taxonomy":"reporting_designer","embeddable":true,"href":"https:\/\/theinvisiblecollection.com\/fr\/wp-json\/wp\/v2\/reporting_designer?post=3953495"},{"taxonomy":"samplecomfabric","embeddable":true,"href":"https:\/\/theinvisiblecollection.com\/fr\/wp-json\/wp\/v2\/samplecomfabric?post=3953495"},{"taxonomy":"clubroom_product_designer","embeddable":true,"href":"https:\/\/theinvisiblecollection.com\/fr\/wp-json\/wp\/v2\/designer_clubroom?post=3953495"}],"curies":[{"name":"wp","href":"https:\/\/api.w.org\/{rel}","templated":true}]}}