{"id":3953898,"date":"2023-10-04T10:40:37","date_gmt":"2023-10-04T09:40:37","guid":{"rendered":"https:\/\/theinvisiblecollection.com\/?post_type=product&#038;p=3953898"},"modified":"2026-05-01T07:37:56","modified_gmt":"2026-05-01T07:37:56","slug":"clubroom-lars-nilsson-bougeoir-bois-c16","status":"publish","type":"product","link":"https:\/\/theinvisiblecollection.com\/fr\/produit\/clubroom-lars-nilsson-bougeoir-bois-c16\/","title":{"rendered":"Bougeoir Bois C16"},"content":{"rendered":"<p>C\u2019est en observant la nature, que Lars Nilsson a trouv\u00e9 l\u2019inspiration de ses bougeoirs. Associations de couleurs, ch\u00eane massif sculpt\u00e9 \u00e0 la main, tissu en laine feutr\u00e9e cousu ont initi\u00e9 ses cr\u00e9ations.<\/p>\n","protected":false},"excerpt":{"rendered":"<ul>\n<li>Bougeoir<\/li>\n<li>Composition : bronze, c\u00e9ramique et laine<\/li>\n<li>Pi\u00e8ce unique<\/li>\n<\/ul>\n","protected":false},"featured_media":3953967,"template":"","meta":{"_acf_changed":false,"content-type":"","_themeisle_gutenberg_block_has_review":false},"product_brand":[],"product_cat":[12529,12531,7517],"product_tag":[22790,31477,35206,7435],"product_designer":[17811],"comfabric":[],"manufacturer":[17809],"reporting_designer":[37623],"samplecomfabric":[],"designer_clubroom":[20500],"class_list":{"0":"post-3953898","1":"product","2":"type-product","3":"status-publish","4":"has-post-thumbnail","6":"clubroom_taxonomies-gift-room","7":"product_cat-bougies-bougeoirs","8":"product_cat-objets-de-decoration","9":"product_cat-deco-fr","10":"product_tag-disponible-immediatement","11":"product_tag-st-curvy-fr","12":"product_tag-exclusive-fr","13":"product_tag-new-in-fr","14":"product_designer-lars-nilsson-fr","15":"manufacturer-lars-nilsson-fr","16":"reporting_designer-lars-nilsson","17":"clubroom_product_designer-lars-nilsson-fr","18":"exhibitions-londres-fr","20":"first","21":"instock","22":"taxable","23":"shipping-taxable","24":"purchasable","25":"product-type-simple"},"acf":[],"_links":{"self":[{"href":"https:\/\/theinvisiblecollection.com\/fr\/wp-json\/wp\/v2\/product\/3953898","targetHints":{"allow":["GET"]}}],"collection":[{"href":"https:\/\/theinvisiblecollection.com\/fr\/wp-json\/wp\/v2\/product"}],"about":[{"href":"https:\/\/theinvisiblecollection.com\/fr\/wp-json\/wp\/v2\/types\/product"}],"wp:featuredmedia":[{"embeddable":true,"href":"https:\/\/theinvisiblecollection.com\/fr\/wp-json\/wp\/v2\/media\/3953967"}],"wp:attachment":[{"href":"https:\/\/theinvisiblecollection.com\/fr\/wp-json\/wp\/v2\/media?parent=3953898"}],"wp:term":[{"taxonomy":"product_brand","embeddable":true,"href":"https:\/\/theinvisiblecollection.com\/fr\/wp-json\/wp\/v2\/product_brand?post=3953898"},{"taxonomy":"product_cat","embeddable":true,"href":"https:\/\/theinvisiblecollection.com\/fr\/wp-json\/wp\/v2\/product_cat?post=3953898"},{"taxonomy":"product_tag","embeddable":true,"href":"https:\/\/theinvisiblecollection.com\/fr\/wp-json\/wp\/v2\/product_tag?post=3953898"},{"taxonomy":"product_designer","embeddable":true,"href":"https:\/\/theinvisiblecollection.com\/fr\/wp-json\/wp\/v2\/product_designer?post=3953898"},{"taxonomy":"comfabric","embeddable":true,"href":"https:\/\/theinvisiblecollection.com\/fr\/wp-json\/wp\/v2\/comfabric?post=3953898"},{"taxonomy":"manufacturer","embeddable":true,"href":"https:\/\/theinvisiblecollection.com\/fr\/wp-json\/wp\/v2\/manufacturer?post=3953898"},{"taxonomy":"reporting_designer","embeddable":true,"href":"https:\/\/theinvisiblecollection.com\/fr\/wp-json\/wp\/v2\/reporting_designer?post=3953898"},{"taxonomy":"samplecomfabric","embeddable":true,"href":"https:\/\/theinvisiblecollection.com\/fr\/wp-json\/wp\/v2\/samplecomfabric?post=3953898"},{"taxonomy":"clubroom_product_designer","embeddable":true,"href":"https:\/\/theinvisiblecollection.com\/fr\/wp-json\/wp\/v2\/designer_clubroom?post=3953898"}],"curies":[{"name":"wp","href":"https:\/\/api.w.org\/{rel}","templated":true}]}}