{"id":39560,"date":"2017-12-14T00:00:00","date_gmt":"2017-12-13T23:00:00","guid":{"rendered":"https:\/\/www.theinvisiblecollection.com\/product\/table-dappoint-sfs01\/"},"modified":"2026-05-08T04:40:59","modified_gmt":"2026-05-08T04:40:59","slug":"table-dappoint-sfs01","status":"publish","type":"product","link":"https:\/\/theinvisiblecollection.com\/fr\/produit\/table-dappoint-sfs01\/","title":{"rendered":"Table d&#8217;appoint SFS01"},"content":{"rendered":"<div class=\"\" style=\"text-align: justify;\">Cr\u00e9er sans compromis demande courage et d\u00e9termination. Louise Liljencrantz et K.F.K maitre \u00e9b\u00e9niste ont cr\u00e9\u00e9 une marque fond\u00e9e sur la passion partag\u00e9e pour l\u2019artisanat de haute facture et l\u2019exigence.<\/div>\n<div class=\"\" style=\"text-align: justify;\">Leur premi\u00e8re collection comprend neuf pieces sculpturales, avec un focus particulier sur trois mat\u00e9riaux, l\u2019acajou, le noyer et le ch\u00eane.<\/div>\n<div class=\"\" style=\"text-align: justify;\">Louise Liljencratz a cr\u00e9\u00e9 son bureau d\u2019architecte d\u2019int\u00e9rieur \u00e0 Stockholm en 2009, travaillant aussi bien pour des clients prives que pour des projets immobiliers de premier plan. K.F.K Snickeri est l\u2019un des \u00e9b\u00e9nistes parmi les plus reconnus de Suede, d\u00e9di\u00e9 \u00e0 la r\u00e9alisation de mobilier artisanal. Louise et K.F.K Snickeri collaborent depuis de nombreuses ann\u00e9es pour des pi\u00e8ces de mobilier sur mesure.<\/div>\n<div class=\"\" style=\"text-align: justify;\">L\u2019id\u00e9e de cr\u00e9er ensemble une nouvelle marque de mobilier est n\u00e9e de leurs longs \u00e9changes sur le design, l\u2019artisanat, les beaux mat\u00e9riaux avec une collection de pi\u00e8ces uniques, une grande attention aux d\u00e9tails et aux proportions. Leur premi\u00e8re collection s&#8217;appelle Seed 0117.<\/div>\n<div class=\"\" style=\"text-align: justify;\"><\/div>\n","protected":false},"excerpt":{"rendered":"<p>Table d&#8217;appoint en acajou compos\u00e9e d&#8217;un plateau cir\u00e9 pos\u00e9 sur un pied conique<br \/>\n\u00c9galement disponible en noyer, acajou brillant et noyer brillant<\/p>\n<div class=\"acf-field acf-field-wysiwyg acf-field-5e4e8a99eb1ba\" data-name=\"sizes\" data-type=\"wysiwyg\" data-key=\"field_5e4e8a99eb1ba\">\n<div class=\"acf-input\">\n<div class=\"wpml_acf_original_value\">Disponible en deux dimensions :<br \/>\nL 50 x H 52 cm<br \/>\nL 50 x 70 cm<\/div>\n<\/div>\n<\/div>\n<div class=\"acf-field acf-field-wysiwyg acf-field-5e4e8aa6eb1bb\" data-name=\"manufacturing\" data-type=\"wysiwyg\" data-key=\"field_5e4e8aa6eb1bb\">\n<div class=\"acf-label\"><\/div>\n<\/div>\n<p>Fabriqu\u00e9e \u00e0 la main \u00e0 Stockholm, en Su\u00e8de<br \/>\nD\u00e9lais de fabrication : 12 &#8211; 14 semaines<\/p>\n<p class=\"p1\"><span class=\"s1\"><a href=\"https:\/\/www.theinvisiblecollection.com\/fr\/demande-de-devis\/?product_id=39560\">Contactez-nous pour toute demande de devis ou de renseignements<\/a><\/span><\/p>\n<p>&nbsp;<\/p>\n","protected":false},"featured_media":1136817,"template":"","meta":{"_acf_changed":false,"content-type":"","_themeisle_gutenberg_block_has_review":false},"product_brand":[],"product_cat":[12332,12503,12514],"product_tag":[9059,9625,11544,12464,31477,35326],"product_designer":[8899],"comfabric":[],"manufacturer":[32679],"reporting_designer":[],"samplecomfabric":[],"designer_clubroom":[],"class_list":{"0":"post-39560","1":"product","2":"type-product","3":"status-publish","4":"has-post-thumbnail","6":"product_cat-tables-dappoint","7":"product_cat-tables-fr","8":"product_cat-tables-de-chevet","9":"product_tag-gueridon-fr-2","10":"product_tag-petite-table-fr","11":"product_tag-tables-irresistibles","12":"product_tag-liljencrantz-fr","13":"product_tag-st-curvy-fr","14":"product_tag-st-scandinavian-fr","15":"pa_material-acajou-fr","16":"pa_material-acajou-brillant","17":"pa_material-noyer-fr","18":"pa_material-noyer-brillant-fr","19":"product_designer-veermakers-par-louise-liljencrantz-fr","20":"manufacturer-louise-liljencrantz-finland-atelier-fr","22":"first","23":"instock","24":"taxable","25":"shipping-taxable","26":"purchasable","27":"product-type-variable"},"acf":[],"_links":{"self":[{"href":"https:\/\/theinvisiblecollection.com\/fr\/wp-json\/wp\/v2\/product\/39560","targetHints":{"allow":["GET"]}}],"collection":[{"href":"https:\/\/theinvisiblecollection.com\/fr\/wp-json\/wp\/v2\/product"}],"about":[{"href":"https:\/\/theinvisiblecollection.com\/fr\/wp-json\/wp\/v2\/types\/product"}],"wp:featuredmedia":[{"embeddable":true,"href":"https:\/\/theinvisiblecollection.com\/fr\/wp-json\/wp\/v2\/media\/1136817"}],"wp:attachment":[{"href":"https:\/\/theinvisiblecollection.com\/fr\/wp-json\/wp\/v2\/media?parent=39560"}],"wp:term":[{"taxonomy":"product_brand","embeddable":true,"href":"https:\/\/theinvisiblecollection.com\/fr\/wp-json\/wp\/v2\/product_brand?post=39560"},{"taxonomy":"product_cat","embeddable":true,"href":"https:\/\/theinvisiblecollection.com\/fr\/wp-json\/wp\/v2\/product_cat?post=39560"},{"taxonomy":"product_tag","embeddable":true,"href":"https:\/\/theinvisiblecollection.com\/fr\/wp-json\/wp\/v2\/product_tag?post=39560"},{"taxonomy":"product_designer","embeddable":true,"href":"https:\/\/theinvisiblecollection.com\/fr\/wp-json\/wp\/v2\/product_designer?post=39560"},{"taxonomy":"comfabric","embeddable":true,"href":"https:\/\/theinvisiblecollection.com\/fr\/wp-json\/wp\/v2\/comfabric?post=39560"},{"taxonomy":"manufacturer","embeddable":true,"href":"https:\/\/theinvisiblecollection.com\/fr\/wp-json\/wp\/v2\/manufacturer?post=39560"},{"taxonomy":"reporting_designer","embeddable":true,"href":"https:\/\/theinvisiblecollection.com\/fr\/wp-json\/wp\/v2\/reporting_designer?post=39560"},{"taxonomy":"samplecomfabric","embeddable":true,"href":"https:\/\/theinvisiblecollection.com\/fr\/wp-json\/wp\/v2\/samplecomfabric?post=39560"},{"taxonomy":"clubroom_product_designer","embeddable":true,"href":"https:\/\/theinvisiblecollection.com\/fr\/wp-json\/wp\/v2\/designer_clubroom?post=39560"}],"curies":[{"name":"wp","href":"https:\/\/api.w.org\/{rel}","templated":true}]}}