{"id":39584,"date":"2020-02-06T00:00:00","date_gmt":"2020-02-05T23:00:00","guid":{"rendered":"https:\/\/www.theinvisiblecollection.com\/product\/table-dabacali\/"},"modified":"2026-05-01T07:39:47","modified_gmt":"2026-05-01T07:39:47","slug":"maison-integre-table-dabacali","status":"publish","type":"product","link":"https:\/\/theinvisiblecollection.com\/fr\/produit\/maison-integre-table-dabacali\/","title":{"rendered":"Table Dabacali"},"content":{"rendered":"<p>La forme de la table Dabacali fait \u00e9cho aux nombreux ch\u00e2teaux d&#8217;eau pr\u00e9sents \u00e0 Ouagadougou. &#8220;Dabacali&#8221; vient du nouchi, un argot apparu en C\u00f4te d&#8217;Ivoire dans les ann\u00e9es 80 et parl\u00e9 en Afrique de l&#8217;Ouest. Ce terme \u00e9voque le plaisir de partager un bon repas entre amis dans une ambiance festive.<\/p>\n<p>Cette table est artisanalement con\u00e7ue au Burkina Faso \u00e0 partir de m\u00e9taux recycl\u00e9s.<\/p>\n","protected":false},"excerpt":{"rendered":"<p>Design par Fran\u00e7ois Champsaur<br \/>\nTable en bronze brut, faite \u00e0 la main par des artisans \u00e0 partir de m\u00e9taux recycl\u00e9s<br \/>\nAutres finitions disponibles : poli ou poli miroir<br \/>\nChaque pi\u00e8ce est unique en raison de sa nature artisanale, les formes et les teintes varient l\u00e9g\u00e8rement<\/p>\n<p>\u00d8 80 x H 73 cm<\/p>\n<p>Fabriqu\u00e9e \u00e0 la main au Burkina Faso<br \/>\nD\u00e9lais de production : 6 \u2014 10 semaines<\/p>\n<p><span style=\"text-decoration: underline;\"><a href=\"https:\/\/www.theinvisiblecollection.com\/fr\/demande-de-devis\/?product_id=39584\" target=\"_blank\" rel=\"noopener noreferrer\">Contactez-nous pour plus d\u2019informations ou pour une commande sur-mesure<\/a><\/span><\/p>\n","protected":false},"featured_media":111199,"template":"","meta":{"_acf_changed":false,"content-type":"","_themeisle_gutenberg_block_has_review":false},"product_brand":[],"product_cat":[12332,12503,12514],"product_tag":[9006,9058,9265,9267,9268,9276,9277,11334,31477],"product_designer":[8869,8890],"comfabric":[],"manufacturer":[28429],"reporting_designer":[37517,37876],"samplecomfabric":[],"designer_clubroom":[],"class_list":{"0":"post-39584","1":"product","2":"type-product","3":"status-publish","4":"has-post-thumbnail","6":"product_cat-tables-dappoint","7":"product_cat-tables-fr","8":"product_cat-tables-de-chevet","9":"product_tag-st-moritz-fr-3","10":"product_tag-bronze-fr-2","11":"product_tag-francois-champsaur-fr","12":"product_tag-house","13":"product_tag-maison-integre-fr","14":"product_tag-dabacali-fr","15":"product_tag-table-dabacali","16":"product_tag-eco-friendly-fr","17":"product_tag-st-curvy-fr","18":"product_designer-maison-integre-fr","19":"product_designer-francois-champsaur-fr","20":"manufacturer-maison-intgre-matires-vives-fr","21":"reporting_designer-maison-integre","22":"reporting_designer-francois-champsaur","24":"first","25":"instock","26":"taxable","27":"shipping-taxable","28":"purchasable","29":"product-type-variable"},"acf":[],"_links":{"self":[{"href":"https:\/\/theinvisiblecollection.com\/fr\/wp-json\/wp\/v2\/product\/39584","targetHints":{"allow":["GET"]}}],"collection":[{"href":"https:\/\/theinvisiblecollection.com\/fr\/wp-json\/wp\/v2\/product"}],"about":[{"href":"https:\/\/theinvisiblecollection.com\/fr\/wp-json\/wp\/v2\/types\/product"}],"wp:featuredmedia":[{"embeddable":true,"href":"https:\/\/theinvisiblecollection.com\/fr\/wp-json\/wp\/v2\/media\/111199"}],"wp:attachment":[{"href":"https:\/\/theinvisiblecollection.com\/fr\/wp-json\/wp\/v2\/media?parent=39584"}],"wp:term":[{"taxonomy":"product_brand","embeddable":true,"href":"https:\/\/theinvisiblecollection.com\/fr\/wp-json\/wp\/v2\/product_brand?post=39584"},{"taxonomy":"product_cat","embeddable":true,"href":"https:\/\/theinvisiblecollection.com\/fr\/wp-json\/wp\/v2\/product_cat?post=39584"},{"taxonomy":"product_tag","embeddable":true,"href":"https:\/\/theinvisiblecollection.com\/fr\/wp-json\/wp\/v2\/product_tag?post=39584"},{"taxonomy":"product_designer","embeddable":true,"href":"https:\/\/theinvisiblecollection.com\/fr\/wp-json\/wp\/v2\/product_designer?post=39584"},{"taxonomy":"comfabric","embeddable":true,"href":"https:\/\/theinvisiblecollection.com\/fr\/wp-json\/wp\/v2\/comfabric?post=39584"},{"taxonomy":"manufacturer","embeddable":true,"href":"https:\/\/theinvisiblecollection.com\/fr\/wp-json\/wp\/v2\/manufacturer?post=39584"},{"taxonomy":"reporting_designer","embeddable":true,"href":"https:\/\/theinvisiblecollection.com\/fr\/wp-json\/wp\/v2\/reporting_designer?post=39584"},{"taxonomy":"samplecomfabric","embeddable":true,"href":"https:\/\/theinvisiblecollection.com\/fr\/wp-json\/wp\/v2\/samplecomfabric?post=39584"},{"taxonomy":"clubroom_product_designer","embeddable":true,"href":"https:\/\/theinvisiblecollection.com\/fr\/wp-json\/wp\/v2\/designer_clubroom?post=39584"}],"curies":[{"name":"wp","href":"https:\/\/api.w.org\/{rel}","templated":true}]}}