{"id":39590,"date":"2019-04-16T00:00:00","date_gmt":"2019-04-15T23:00:00","guid":{"rendered":"https:\/\/www.theinvisiblecollection.com\/?post_type=product&#038;p=39590"},"modified":"2026-05-01T07:39:47","modified_gmt":"2026-05-01T07:39:47","slug":"table-de-chevet-tupi","status":"publish","type":"product","link":"https:\/\/theinvisiblecollection.com\/fr\/produit\/table-de-chevet-tupi\/","title":{"rendered":"Table De Chevet Tupi"},"content":{"rendered":"<p style=\"text-align: justify;\">La table de chevet Tupi d&#8217;Arthur Casas est fournie avec un tiroir coulissant et un plateau. Les pieds en t\u00f4le sont en acier rev\u00eatus d&#8217;une peinture brune sp\u00e9ciale. Son plateau et ses cinq porte-objets sont recouverts de paille de soie et plac\u00e9s sur le dessus de la table.<\/p>\n","protected":false},"excerpt":{"rendered":"<p>Design par Arthur de Mattos Casas<br \/>\nPlateau photographi\u00e9 ici en bois de Freijo d\u00e9lav\u00e9e, pieds en acier brun<br \/>\n<span style=\"text-decoration: underline;\"><a href=\"https:\/\/cdn.theinvisiblecollection.com\/wp-content\/uploads\/2021\/06\/TheInvisibleCollection_Wood_Samples_Arquipelago.pdf\" target=\"_blank\" rel=\"noopener\">D\u00e9couvrez la s\u00e9lection de bois ici<\/a><br \/>\n<\/span>Plateau et cinq porte-objets en paille de soie<br \/>\n2 prises cach\u00e9es sur le plateau, \u00e9lectrification pour le pays de votre choix<br \/>\nDimensions et mat\u00e9riaux sur-mesure sur demande<\/p>\n<p>L 80 x l 54 x H 60 cm<\/p>\n<p>Fabriqu\u00e9e \u00e0 la main au Br\u00e9sil<br \/>\nD\u00e9lais de production : 20 &#8211; 24 semaines<br \/>\n<span style=\"text-decoration: underline;\"><a href=\"https:\/\/www.theinvisiblecollection.com\/fr\/demande-de-devis\/?product_id=39590\" target=\"_blank\" rel=\"noopener noreferrer\">Contactez-nous pour toute demande de devis ou de renseignements<\/a><\/span><\/p>\n","protected":false},"featured_media":77199,"template":"","meta":{"_acf_changed":false,"content-type":"","_themeisle_gutenberg_block_has_review":false},"product_brand":[],"product_cat":[12332,12501,12503,12514],"product_tag":[8854,8856,8859,8862,8863,9668,10493,11335],"product_designer":[8866],"comfabric":[28854],"manufacturer":[16878],"reporting_designer":[37382],"samplecomfabric":[30448],"designer_clubroom":[],"class_list":{"0":"post-39590","1":"product","2":"type-product","3":"status-publish","4":"has-post-thumbnail","6":"product_cat-tables-dappoint","7":"product_cat-chambre-a-coucher","8":"product_cat-tables-fr","9":"product_cat-tables-de-chevet","10":"product_tag-etel-fr-2","11":"product_tag-arthur-casas-fr-fr","12":"product_tag-lit-fr-3","13":"product_tag-etel-carmona-fr-3","14":"product_tag-etel-design-fr-2","15":"product_tag-designer-bresilien-fr-fr","16":"product_tag-table-de-nuit","17":"product_tag-eco-design","18":"pa_wood-freijo-delave-fr","19":"pa_wood-freijo-naturel-fr","20":"pa_wood-imbuia-miel-fr","21":"product_designer-etel-fr","22":"comfabric-etel-atelier-1-fr","23":"manufacturer-etel-atelier-1-fr","24":"reporting_designer-etel","25":"samplecomfabric-etel-fr","27":"first","28":"instock","29":"taxable","30":"shipping-taxable","31":"purchasable","32":"product-type-variable"},"acf":[],"_links":{"self":[{"href":"https:\/\/theinvisiblecollection.com\/fr\/wp-json\/wp\/v2\/product\/39590","targetHints":{"allow":["GET"]}}],"collection":[{"href":"https:\/\/theinvisiblecollection.com\/fr\/wp-json\/wp\/v2\/product"}],"about":[{"href":"https:\/\/theinvisiblecollection.com\/fr\/wp-json\/wp\/v2\/types\/product"}],"wp:featuredmedia":[{"embeddable":true,"href":"https:\/\/theinvisiblecollection.com\/fr\/wp-json\/wp\/v2\/media\/77199"}],"wp:attachment":[{"href":"https:\/\/theinvisiblecollection.com\/fr\/wp-json\/wp\/v2\/media?parent=39590"}],"wp:term":[{"taxonomy":"product_brand","embeddable":true,"href":"https:\/\/theinvisiblecollection.com\/fr\/wp-json\/wp\/v2\/product_brand?post=39590"},{"taxonomy":"product_cat","embeddable":true,"href":"https:\/\/theinvisiblecollection.com\/fr\/wp-json\/wp\/v2\/product_cat?post=39590"},{"taxonomy":"product_tag","embeddable":true,"href":"https:\/\/theinvisiblecollection.com\/fr\/wp-json\/wp\/v2\/product_tag?post=39590"},{"taxonomy":"product_designer","embeddable":true,"href":"https:\/\/theinvisiblecollection.com\/fr\/wp-json\/wp\/v2\/product_designer?post=39590"},{"taxonomy":"comfabric","embeddable":true,"href":"https:\/\/theinvisiblecollection.com\/fr\/wp-json\/wp\/v2\/comfabric?post=39590"},{"taxonomy":"manufacturer","embeddable":true,"href":"https:\/\/theinvisiblecollection.com\/fr\/wp-json\/wp\/v2\/manufacturer?post=39590"},{"taxonomy":"reporting_designer","embeddable":true,"href":"https:\/\/theinvisiblecollection.com\/fr\/wp-json\/wp\/v2\/reporting_designer?post=39590"},{"taxonomy":"samplecomfabric","embeddable":true,"href":"https:\/\/theinvisiblecollection.com\/fr\/wp-json\/wp\/v2\/samplecomfabric?post=39590"},{"taxonomy":"clubroom_product_designer","embeddable":true,"href":"https:\/\/theinvisiblecollection.com\/fr\/wp-json\/wp\/v2\/designer_clubroom?post=39590"}],"curies":[{"name":"wp","href":"https:\/\/api.w.org\/{rel}","templated":true}]}}