{"id":39594,"date":"2019-04-12T00:00:00","date_gmt":"2019-04-11T23:00:00","guid":{"rendered":"https:\/\/www.theinvisiblecollection.com\/product\/table-de-chevet-wyllis\/"},"modified":"2026-05-15T05:04:24","modified_gmt":"2026-05-15T05:04:24","slug":"etel-table-de-chevet-wyllis","status":"publish","type":"product","link":"https:\/\/theinvisiblecollection.com\/fr\/produit\/etel-table-de-chevet-wyllis\/","title":{"rendered":"Table De Chevet Wyllis"},"content":{"rendered":"<p style=\"text-align: justify;\">Les tiroirs et les portes de la ligne Wyllis dessin\u00e9 par Arthur de Mattos Casas sont recouverts de travertin. \u00c0 premi\u00e8re vue, chaque niche semble n\u2019avoir qu\u2019un tiroir qui, une fois ouvert, en r\u00e9v\u00e8le un autre, plus petit, cach\u00e9 derri\u00e8re la surface de la pierre.<\/p>\n","protected":false},"excerpt":{"rendered":"<p>Design par Arthur de Mattos Casas<br \/>\nTable de chevet photographi\u00e9e ici en bois de Freij\u00f3<br \/>\n<span style=\"text-decoration: underline;\"><a href=\"https:\/\/cdn.theinvisiblecollection.com\/wp-content\/uploads\/2021\/06\/TheInvisibleCollection_Wood_Samples_Arquipelago.pdf\" target=\"_blank\" rel=\"noopener\">D\u00e9couvrez la s\u00e9lection de bois<\/a><br \/>\n<\/span>2 prises cach\u00e9es sur le plateau, \u00e9lectrification pour le pays de votre choix<br \/>\nDimensions et mat\u00e9riaux sur-mesure sur demande<span style=\"text-decoration: underline;\"><br \/>\n<\/span><\/p>\n<p>L 86 x l 50 x H 64 cm<\/p>\n<p>Fabriqu\u00e9e \u00e0 la main au Br\u00e9sil<br \/>\nD\u00e9lais de production : 18 &#8211; 20 semaines<\/p>\n<p><span style=\"text-decoration: underline;\"><a href=\"https:\/\/www.theinvisiblecollection.com\/fr\/demande-de-devis\/?product_id=39594\" target=\"_blank\" rel=\"noopener noreferrer\">Contactez-nous pour toute demande de devis ou de renseignements<\/a><\/span><\/p>\n","protected":false},"featured_media":85333,"template":"","meta":{"_acf_changed":false,"content-type":"","_themeisle_gutenberg_block_has_review":false},"product_brand":[],"product_cat":[12332,12501,12503,12514],"product_tag":[8854,8855,8856,8857,9016,9059,9385,9668,10493,10494,11335],"product_designer":[8866],"comfabric":[28854],"manufacturer":[16878],"reporting_designer":[37382],"samplecomfabric":[30448],"designer_clubroom":[],"class_list":{"0":"post-39594","1":"product","2":"type-product","3":"status-publish","4":"has-post-thumbnail","6":"product_cat-tables-dappoint","7":"product_cat-chambre-a-coucher","8":"product_cat-tables-fr","9":"product_cat-tables-de-chevet","10":"product_tag-etel-fr-2","11":"product_tag-table-fr-3","12":"product_tag-arthur-casas-fr-fr","13":"product_tag-table-de-chevet","14":"product_tag-chambre-fr-2","15":"product_tag-gueridon-fr-2","16":"product_tag-lit-fr-5","17":"product_tag-designer-bresilien-fr-fr","18":"product_tag-table-de-nuit","19":"product_tag-bresil","20":"product_tag-eco-design","21":"pa_wood-freijo-delave-fr","22":"pa_wood-freijo-naturel-fr","23":"pa_wood-imbuia-miel-fr","24":"product_designer-etel-fr","25":"comfabric-etel-atelier-1-fr","26":"manufacturer-etel-atelier-1-fr","27":"reporting_designer-etel","28":"samplecomfabric-etel-fr","30":"first","31":"instock","32":"taxable","33":"shipping-taxable","34":"purchasable","35":"product-type-variable"},"acf":[],"_links":{"self":[{"href":"https:\/\/theinvisiblecollection.com\/fr\/wp-json\/wp\/v2\/product\/39594","targetHints":{"allow":["GET"]}}],"collection":[{"href":"https:\/\/theinvisiblecollection.com\/fr\/wp-json\/wp\/v2\/product"}],"about":[{"href":"https:\/\/theinvisiblecollection.com\/fr\/wp-json\/wp\/v2\/types\/product"}],"wp:featuredmedia":[{"embeddable":true,"href":"https:\/\/theinvisiblecollection.com\/fr\/wp-json\/wp\/v2\/media\/85333"}],"wp:attachment":[{"href":"https:\/\/theinvisiblecollection.com\/fr\/wp-json\/wp\/v2\/media?parent=39594"}],"wp:term":[{"taxonomy":"product_brand","embeddable":true,"href":"https:\/\/theinvisiblecollection.com\/fr\/wp-json\/wp\/v2\/product_brand?post=39594"},{"taxonomy":"product_cat","embeddable":true,"href":"https:\/\/theinvisiblecollection.com\/fr\/wp-json\/wp\/v2\/product_cat?post=39594"},{"taxonomy":"product_tag","embeddable":true,"href":"https:\/\/theinvisiblecollection.com\/fr\/wp-json\/wp\/v2\/product_tag?post=39594"},{"taxonomy":"product_designer","embeddable":true,"href":"https:\/\/theinvisiblecollection.com\/fr\/wp-json\/wp\/v2\/product_designer?post=39594"},{"taxonomy":"comfabric","embeddable":true,"href":"https:\/\/theinvisiblecollection.com\/fr\/wp-json\/wp\/v2\/comfabric?post=39594"},{"taxonomy":"manufacturer","embeddable":true,"href":"https:\/\/theinvisiblecollection.com\/fr\/wp-json\/wp\/v2\/manufacturer?post=39594"},{"taxonomy":"reporting_designer","embeddable":true,"href":"https:\/\/theinvisiblecollection.com\/fr\/wp-json\/wp\/v2\/reporting_designer?post=39594"},{"taxonomy":"samplecomfabric","embeddable":true,"href":"https:\/\/theinvisiblecollection.com\/fr\/wp-json\/wp\/v2\/samplecomfabric?post=39594"},{"taxonomy":"clubroom_product_designer","embeddable":true,"href":"https:\/\/theinvisiblecollection.com\/fr\/wp-json\/wp\/v2\/designer_clubroom?post=39594"}],"curies":[{"name":"wp","href":"https:\/\/api.w.org\/{rel}","templated":true}]}}