{"id":39602,"date":"2017-06-14T00:00:00","date_gmt":"2017-06-13T23:00:00","guid":{"rendered":"https:\/\/www.theinvisiblecollection.com\/product\/table-egg\/"},"modified":"2026-05-01T07:39:47","modified_gmt":"2026-05-01T07:39:47","slug":"reda-amalou-table-egg","status":"publish","type":"product","link":"https:\/\/theinvisiblecollection.com\/fr\/produit\/reda-amalou-table-egg\/","title":{"rendered":"Table Egg"},"content":{"rendered":"<p style=\"text-align: justify;\">La table Egg a marqu\u00e9 le d\u00e9but des collections de Reda Amalou Design, \u00e9tablissant ainsi le ton du travail du cr\u00e9ateur. Cette pi\u00e8ce incarne parfaitement son style : les lignes \u00e9pur\u00e9es et minimalistes de ses cr\u00e9ations permettent \u00e0 chaque \u00e9l\u00e9ment de s&#8217;int\u00e9grer harmonieusement dans n&#8217;importe quel environnement, tout en pr\u00e9servant un esprit contemporain et \u00e9l\u00e9gant. Avec sa forme simple et raffin\u00e9e, la table Egg peut \u00e9galement servir de tabouret et se d\u00e9cline dans une vaste gamme de laques et de mat\u00e9riaux.<\/p>\n","protected":false},"excerpt":{"rendered":"<p>Noyer am\u00e9ricain<\/p>\n<p>L 80 x l 60 x L 40 cm<\/p>\n<p>Disponible imm\u00e9diatement<\/p>\n<p class=\"p1\"><span class=\"s1\"><a href=\"https:\/\/www.theinvisiblecollection.com\/fr\/contact-produit\/?product_id=39602\">Contactez-nous pour toute demande de devis ou de renseignements<\/a><\/span><\/p>\n","protected":false},"featured_media":2908126,"template":"","meta":{"_acf_changed":false,"content-type":"","_themeisle_gutenberg_block_has_review":false},"product_brand":[],"product_cat":[7509,12503],"product_tag":[31477,35326],"product_designer":[8895],"comfabric":[],"manufacturer":[34221],"reporting_designer":[37724],"samplecomfabric":[],"designer_clubroom":[],"class_list":{"0":"post-39602","1":"product","2":"type-product","3":"status-publish","4":"has-post-thumbnail","6":"product_cat-tables-basses-dappoint","7":"product_cat-tables-fr","8":"product_tag-st-curvy-fr","9":"product_tag-st-scandinavian-fr","10":"pa_color-blanc-lait","11":"pa_color-noyer-american-fr","12":"pa_color-rouge-iconique-fr","13":"product_designer-reda-amalou-fr","14":"manufacturer-reda-amalou-pick-up-cadogan-tate-cdg-fr","15":"reporting_designer-reda-amalou","17":"first","18":"instock","19":"taxable","20":"shipping-taxable","21":"purchasable","22":"product-type-simple"},"acf":[],"_links":{"self":[{"href":"https:\/\/theinvisiblecollection.com\/fr\/wp-json\/wp\/v2\/product\/39602","targetHints":{"allow":["GET"]}}],"collection":[{"href":"https:\/\/theinvisiblecollection.com\/fr\/wp-json\/wp\/v2\/product"}],"about":[{"href":"https:\/\/theinvisiblecollection.com\/fr\/wp-json\/wp\/v2\/types\/product"}],"wp:featuredmedia":[{"embeddable":true,"href":"https:\/\/theinvisiblecollection.com\/fr\/wp-json\/wp\/v2\/media\/2908126"}],"wp:attachment":[{"href":"https:\/\/theinvisiblecollection.com\/fr\/wp-json\/wp\/v2\/media?parent=39602"}],"wp:term":[{"taxonomy":"product_brand","embeddable":true,"href":"https:\/\/theinvisiblecollection.com\/fr\/wp-json\/wp\/v2\/product_brand?post=39602"},{"taxonomy":"product_cat","embeddable":true,"href":"https:\/\/theinvisiblecollection.com\/fr\/wp-json\/wp\/v2\/product_cat?post=39602"},{"taxonomy":"product_tag","embeddable":true,"href":"https:\/\/theinvisiblecollection.com\/fr\/wp-json\/wp\/v2\/product_tag?post=39602"},{"taxonomy":"product_designer","embeddable":true,"href":"https:\/\/theinvisiblecollection.com\/fr\/wp-json\/wp\/v2\/product_designer?post=39602"},{"taxonomy":"comfabric","embeddable":true,"href":"https:\/\/theinvisiblecollection.com\/fr\/wp-json\/wp\/v2\/comfabric?post=39602"},{"taxonomy":"manufacturer","embeddable":true,"href":"https:\/\/theinvisiblecollection.com\/fr\/wp-json\/wp\/v2\/manufacturer?post=39602"},{"taxonomy":"reporting_designer","embeddable":true,"href":"https:\/\/theinvisiblecollection.com\/fr\/wp-json\/wp\/v2\/reporting_designer?post=39602"},{"taxonomy":"samplecomfabric","embeddable":true,"href":"https:\/\/theinvisiblecollection.com\/fr\/wp-json\/wp\/v2\/samplecomfabric?post=39602"},{"taxonomy":"clubroom_product_designer","embeddable":true,"href":"https:\/\/theinvisiblecollection.com\/fr\/wp-json\/wp\/v2\/designer_clubroom?post=39602"}],"curies":[{"name":"wp","href":"https:\/\/api.w.org\/{rel}","templated":true}]}}